{"id":7887,"date":"2026-03-31T10:40:56","date_gmt":"2026-03-31T08:40:56","guid":{"rendered":"https:\/\/natjecanje.hr\/?page_id=7887"},"modified":"2026-04-14T19:00:06","modified_gmt":"2026-04-14T17:00:06","slug":"akusticke-probe-6","status":"publish","type":"page","link":"https:\/\/natjecanje.hr\/en\/akusticke-probe-6\/","title":{"rendered":"ACOUSTIC REHEARSALS"},"content":{"rendered":"<p><strong>\u010cETVRTAK, 9.4.2026. \/ THURSDAY, APRIL 9TH 2026<\/strong><\/p>\n<p><strong>KATEGORIJA F \/ CATEGORY F<\/strong><\/p>\n<p>8.35 Martin Antolovi\u0107<\/p>\n<p>8.40 Dorian Baban<\/p>\n<p>8.45 Botond Bartos<\/p>\n<p>8.50 Jan Borak<\/p>\n<p>&nbsp;<\/p>\n<p>11.05 Emina Fetahovic<\/p>\n<p>11.10 Tomislav Jo\u0107<\/p>\n<p>11.15 Sofia Agnesa Kirsimaa<\/p>\n<p>11.20 Luka Kova\u010d<\/p>\n<p>&nbsp;<\/p>\n<p>14.30 Pablo Kova\u010d Takahashi<\/p>\n<p>14.35 Vid Pleterski<\/p>\n<p>14.40 Ivan Stojanov<\/p>\n<p>14.45&nbsp; Marta \u0160koda<\/p>\n<p>14.50 Ivan Vuk<\/p>\n<p>&nbsp;<\/p>\n<p>&nbsp;<\/p>\n<p><strong>PETAK, 10.4.2026. \/ FRIDAY, APRIL 10TH 2026<\/strong><\/p>\n<p><strong>KATEGORIJA E \/ CATEGORY E<\/strong><\/p>\n<p>8.25 Elizabeta Belkovi\u0107<\/p>\n<p>8.30 Karla \u010cesi<\/p>\n<p>8.35 Marcel Dodlek<\/p>\n<p>8.40 Martin Domanovac<\/p>\n<p>8.45 Erik Gr\u017eeti\u0107<\/p>\n<p>8.50 Ivan Jal\u0161ovec<\/p>\n<p>&nbsp;<\/p>\n<p>11.00 Ivan Juranko<\/p>\n<p>11.05 Vikt\u00f3ria K\u00e1d\u00e1r<\/p>\n<p>11.10 Mirna Lipovec<\/p>\n<p>11.15 Mihael Ma\u017euran<\/p>\n<p>11.20 Anna Mirek<\/p>\n<p>11.25 Mariia Mirek<\/p>\n<p>&nbsp;<\/p>\n<p>14.25 Vita Murat<\/p>\n<p>14.30 Matej Ratkovi\u0107<\/p>\n<p>14.35 Lev Rozman Brenners<\/p>\n<p>14.40 Enej Rupnik<\/p>\n<p>14.45 Ne\u017ea \u0160tiftar<\/p>\n<p>14.50 Gabriel \u0160ubari\u0107<\/p>\n<p>&nbsp;<\/p>\n<p>17.00 Man Tung Tang<\/p>\n<p>17.05 Amadej Urbanija<\/p>\n<p>17.10 Jakov Vu\u010dinovi\u0107<\/p>\n<p>17.15 Zala Zgonc<\/p>\n<p>17.20 Carmen Dilara Bagis<\/p>\n<p>&nbsp;<\/p>\n<p>&nbsp;<\/p>\n<p><strong>SUBOTA, 11.4.2026. \/ SATURDAY, APRIL 11TH 2026<\/strong><\/p>\n<p><strong>KATEGORIJA D \/ CATEGORY D<\/strong><\/p>\n<p>8.15 Ivano Alamba\u0161i\u0107<\/p>\n<p>8.20 Andrija Bo\u0161kovi\u0107<\/p>\n<p>8.25 Marija Cetini\u0107<\/p>\n<p>8.30 Nuo Cheng<\/p>\n<p>8.35 Roman Gorbachev<\/p>\n<p>8.40 Anna Kisil<\/p>\n<p>8.45 Bartol Krmpoti\u0107<\/p>\n<p>8.50 Katarina Kunjko<\/p>\n<p>&nbsp;<\/p>\n<p>11.00 David Loren\u010di\u010d<\/p>\n<p>11.05 Karlo Ljubojevi\u0107<\/p>\n<p>11.10 Iskra Makarun<\/p>\n<p>11.15 Grigor Mandi\u0107<\/p>\n<p>11.20 Martin Matkovi\u010d<\/p>\n<p>11.25 Edvin Nedeljko<\/p>\n<p>11.30 Matija Sajko<\/p>\n<p>11.35 Kim Sretkovi\u0107<\/p>\n<p>&nbsp;<\/p>\n<p>14.45 Ana Su\u0161ac<\/p>\n<p>14.50 Nika \u0160incek<\/p>\n<p>14.55 Tobija Vid \u0160kulj<\/p>\n<p>15.00 Elizabeta Valenti\u0107<\/p>\n<p>15.05 Petar Vido\u0161evi\u0107<\/p>\n<p>15.10 An Wang<\/p>\n<p>15.15 Grgur Zagrajski<\/p>\n<p>15.20 Toma Ze\u010di\u0107<\/p>\n<p><strong>&nbsp;<\/strong><\/p>\n<p>&nbsp;<\/p>\n<p><strong>NEDJELJA, 12.4.2026. \/ SUNDAY, APRIL 12TH 2026<\/strong><\/p>\n<p><strong>KATEGORIJA C \/ CATEGORY C<\/strong><\/p>\n<p>7.45 Kaja Boras<\/p>\n<p>7.50 Ne\u017ea Cimerman<\/p>\n<p>7.55 Iren Gancheva<\/p>\n<p>8.00 Lina Globan<\/p>\n<p>8.05 Ton\u010di Jakir<\/p>\n<p>8.10 Filip Jaklin<\/p>\n<p>8.15 Valentina K\u00e1d\u00e1r<\/p>\n<p>8.20 Benjamin Lipovac<\/p>\n<p>8.25 Gabriela Mami\u0107<\/p>\n<p>8.30 Fran Modri\u0107<\/p>\n<p>8.35 Iva Perak<\/p>\n<p>8.40 Mika Tondini<\/p>\n<p>8.45 Gregori Vidas<\/p>\n<p>8.50 Borna Vizjak<\/p>\n<p>&nbsp;<\/p>\n<p><strong>KATEGORIJA B \/ CATEGORY B<\/strong><\/p>\n<p>12.30 Kristijan Alimanovi\u0107<\/p>\n<p>12.35 Leon Brali\u0107<\/p>\n<p>12.40 Ema Brkulj<\/p>\n<p>12.45 Annabelle Cast<\/p>\n<p>12.50 Patrik Crnkovi\u0107<\/p>\n<p>12.55 Juraj \u010ca\u010di\u0107<\/p>\n<p>13.00 Solomia Jakimenko<\/p>\n<p>13.05 Petar Keller<\/p>\n<p>13.10 Helena Mi\u0107anovi\u0107<\/p>\n<p>13.15 Maks Oblu\u010dar Petrovi\u0107<\/p>\n<p>13.20 Sara Pozder<\/p>\n<p>13.25 Lena Pu\u0161i\u0107<\/p>\n<p>13.30 Anna Stepanchuk<\/p>\n<p>13.35 Dora \u0160incek<\/p>\n<p>13.40 Magdalena Vu\u010di\u0107<\/p>\n<p>13.45 Teodor Vujanic<\/p>\n<p>13.50 Lara \u017deljezi\u0107<\/p>\n<p><strong>&nbsp;<\/strong><\/p>\n<p><strong>KATEGORIJA A \/ CATEGORY A<\/strong><\/p>\n<p>17.15 \u2013 18.00<\/p>\n<p>16.00 Aidan Cast<\/p>\n<p>16.05 Ena \u010colja<\/p>\n<p>16.10 Tonka \u0106ati\u0107<\/p>\n<p>16.10 Izidora \u0110uras<\/p>\n<p>16.15 Ma\u0161a Kusobrak<\/p>\n<p>16.20 Leda Markovec<\/p>\n<p>16.25 Elon Mataruga<\/p>\n<p>16.30 Mateo Me\u0161tri\u0107<\/p>\n<p>16.35 Volodymyr Shynkarov<\/p>\n<p>16.40 Magdalena Sinkovi\u0107<\/p>\n<p>16.45 Sara \u0160antor<\/p>\n<p>&nbsp;<\/p>\n<p>&nbsp;<\/p>\n<p><strong>PONEDJELJAK, 13.4.2026. \/ MONDAY, APRIL 13TH 2026<\/strong><\/p>\n<p><strong>GRAND PRIX, 1. ETAPA \/ GRAND PRIX, 1ST ROUND<\/strong><\/p>\n<p>8.15 Mayu Adachi<\/p>\n<p>8.25 Chaebin An<\/p>\n<p>8.35 Matej Bo\u017ei\u0107<\/p>\n<p>8.45 Melika Buza<\/p>\n<p>&nbsp;<\/p>\n<p>10.15 \u00d6zbek Devrim<\/p>\n<p>10.25 Stjepan Geri\u0107<\/p>\n<p>10.35 Nadir Ho\u0161i\u0107<\/p>\n<p>10.45 Andrea Nikolovska<\/p>\n<p>&nbsp;<\/p>\n<p>13.25 Viktor Rafajlovski<\/p>\n<p>13.35 Orph\u00e9e Triantafillidis<\/p>\n<p>13.45 Filip Trifu<\/p>\n<p>&nbsp;<\/p>\n<p>15.00 Zvjezdan Vojvodi\u0107<\/p>\n<p>15.10 Stanford Yu<\/p>\n<p>15.20 Langlang Zhao<\/p>\n<p>&nbsp;<\/p>\n<p>&nbsp;<\/p>\n<p><strong>SRIJEDA, 15.4.2026. \/ WEDNESDAY, APRIL 15TH 2026<\/strong><\/p>\n<p><strong>GRAND PRIX, 2. ETAPA \/ GRAND PRIX, 2ND ROUND<\/strong><\/p>\n<p>8.25 Mayu Adachi<\/p>\n<p>8.35 Chaebin An<\/p>\n<p>8.45 Stjepan Geri\u0107<\/p>\n<p>&nbsp;<\/p>\n<p>10.45 Viktor Rafajlovski<\/p>\n<p>10.55 Filip Trifu<\/p>\n<p>11.05 Zvjezdan Vojvodi\u0107<\/p>\n<p>&nbsp;<\/p>\n<p>14.05 Stanford Yu<\/p>\n<p>14.15 Langlang Zhao<\/p>\n","protected":false},"excerpt":{"rendered":"<p>\u010cETVRTAK, 9.4.2026. \/ THURSDAY, APRIL 9TH 2026 KATEGORIJA F \/ CATEGORY F 8.35 Martin Antolovi\u0107 8.40 Dorian Baban 8.45 Botond Bartos 8.50 Jan Borak &nbsp; 11.05 Emina Fetahovic 11.10 Tomislav Jo\u0107 11.15 Sofia Agnesa Kirsimaa 11.20 Luka Kova\u010d &nbsp; 14.30 Pablo Kova\u010d Takahashi 14.35 Vid Pleterski 14.40 Ivan Stojanov 14.45&nbsp; Marta \u0160koda 14.50 Ivan Vuk [&hellip;]<\/p>\n","protected":false},"author":5,"featured_media":0,"parent":0,"menu_order":0,"comment_status":"closed","ping_status":"closed","template":"","meta":{"pmpro_default_level":"","ngg_post_thumbnail":0,"footnotes":""},"translation":{"provider":"WPGlobus","version":"3.0.0","language":"en","enabled_languages":["hr","en"],"languages":{"hr":{"title":true,"content":true,"excerpt":false},"en":{"title":true,"content":true,"excerpt":false}}},"_links":{"self":[{"href":"https:\/\/natjecanje.hr\/en\/wp-json\/wp\/v2\/pages\/7887"}],"collection":[{"href":"https:\/\/natjecanje.hr\/en\/wp-json\/wp\/v2\/pages"}],"about":[{"href":"https:\/\/natjecanje.hr\/en\/wp-json\/wp\/v2\/types\/page"}],"author":[{"embeddable":true,"href":"https:\/\/natjecanje.hr\/en\/wp-json\/wp\/v2\/users\/5"}],"replies":[{"embeddable":true,"href":"https:\/\/natjecanje.hr\/en\/wp-json\/wp\/v2\/comments?post=7887"}],"version-history":[{"count":12,"href":"https:\/\/natjecanje.hr\/en\/wp-json\/wp\/v2\/pages\/7887\/revisions"}],"predecessor-version":[{"id":7951,"href":"https:\/\/natjecanje.hr\/en\/wp-json\/wp\/v2\/pages\/7887\/revisions\/7951"}],"wp:attachment":[{"href":"https:\/\/natjecanje.hr\/en\/wp-json\/wp\/v2\/media?parent=7887"}],"curies":[{"name":"wp","href":"https:\/\/api.w.org\/{rel}","templated":true}]}}