{"id":7825,"date":"2026-03-17T15:44:58","date_gmt":"2026-03-17T14:44:58","guid":{"rendered":"https:\/\/natjecanje.hr\/?page_id=7825"},"modified":"2026-04-01T22:33:33","modified_gmt":"2026-04-01T20:33:33","slug":"raspored-natjecanja-3","status":"publish","type":"page","link":"https:\/\/natjecanje.hr\/en\/raspored-natjecanja-3\/","title":{"rendered":"COMPETITON SCHEDULE"},"content":{"rendered":"<p><strong>\u010cETVRTAK, 9.4.2026. \/ THURSDAY, APRIL 9TH 2026<\/strong><\/p>\n<p><strong>KATEGORIJA F \/ CATEGORY F<\/strong><\/p>\n<p>1. DIO \/ 1ST PART: 9.15 \u2013 11.00<\/p>\n<p>Martin Antolovi\u0107<\/p>\n<p>Dorian Baban<\/p>\n<p>Botond Bartos<\/p>\n<p>Jan Borak<\/p>\n<p>PAUZA \/ PAUSE: 11.00 \u2013 11.30<\/p>\n<p>2. DIO \/ 2ND PART: 11.30 \u2013 13.15<\/p>\n<p>Emina Fetahovic<\/p>\n<p>Tomislav Jo\u0107<\/p>\n<p>Sofia Agnesa Kirsimaa<\/p>\n<p>Luka Kova\u010d<\/p>\n<p>PAUZA \/ PAUSE: 13.15 \u2013 15.00<\/p>\n<p>3. DIO \/ 3D PART: 15.00 \u2013 17.00<\/p>\n<p>Pablo Kova\u010d Takahashi<\/p>\n<p>Vid Pleterski<\/p>\n<p>Ivan Stojanov<\/p>\n<p>Marta \u0160koda<\/p>\n<p>Ivan Vuk<\/p>\n<p>PROGLA\u0160ENJE REZULTATA: 18.00h \/ ANNOUNCEMENT OF THE RESULTS: 6PM<\/p>\n<p>&nbsp;<\/p>\n<p>&nbsp;<\/p>\n<p><strong>PETAK, 10.4.2026. \/ FRIDAY, APRIL 10TH 2026<\/strong><\/p>\n<p><strong>KATEGORIJA E \/ CATEGORY E<\/strong><\/p>\n<p>1. DIO \/ 1ST PART: 9.00 \u2013 11.00<\/p>\n<p>Elizabeta Belkovi\u0107<\/p>\n<p>Karla \u010cesi<\/p>\n<p>Marcel Dodlek<\/p>\n<p>Martin Domanovac<\/p>\n<p>Erik Gr\u017eeti\u0107<\/p>\n<p>Ivan Jal\u0161ovec<\/p>\n<p>PAUZA \/ PAUSE: 11.00 \u2013 11.30<\/p>\n<p>2. DIO \/ 2ND PART: 11.30 \u2013 13.30<\/p>\n<p>Ivan Juranko<\/p>\n<p>Vikt\u00f3ria K\u00e1d\u00e1r<\/p>\n<p>Mirna Lipovec<\/p>\n<p>Mihael Ma\u017euran<\/p>\n<p>Anna Mirek<\/p>\n<p>Mariia Mirek<\/p>\n<p>PAUZA \/ PAUSE: 13.30 \u2013 15.00<\/p>\n<p>3. DIO \/ 3D PART: 15.00 \u2013 17.00<\/p>\n<p>Vita Murat<\/p>\n<p>Matej Ratkovi\u0107<\/p>\n<p>Lev Rozman Brenners<\/p>\n<p>Enej Rupnik<\/p>\n<p>Ne\u017ea \u0160tiftar<\/p>\n<p>Gabriel \u0160ubari\u0107<\/p>\n<p>PAUZA \/ PAUSE: 17.00 \u2013 17.30<\/p>\n<p>4. DIO \/ 4TH PART: 17.30 \u2013 19.30<\/p>\n<p>Man Tung Tang<\/p>\n<p>Amadej Urbanija<\/p>\n<p>Jakov Vu\u010dinovi\u0107<\/p>\n<p>Antonina Maria Waliszewska<\/p>\n<p>Zala Zgonc<\/p>\n<p>Carmen Dilara Bagis<\/p>\n<p>PROGLA\u0160ENJE REZULTATA: 21h \/ ANNOUNCEMENT OF THE RESULTS: 9PM<\/p>\n<p>&nbsp;<\/p>\n<p>&nbsp;<\/p>\n<p><strong>SUBOTA, 11.4.2026. \/ SATURDAY, APRIL 11TH 2026<\/strong><\/p>\n<p><strong>KATEGORIJA D \/ CATEGORY D<\/strong><\/p>\n<p>1. DIO \/ 1ST PART: 9.00 \u2013 11.00<\/p>\n<p>Ivano Alamba\u0161i\u0107<\/p>\n<p>Andrija Bo\u0161kovi\u0107<\/p>\n<p>Marija Cetini\u0107<\/p>\n<p>Nuo Cheng<\/p>\n<p>Roman Gorbachev<\/p>\n<p>Anna Kisil<\/p>\n<p>Bartol Krmpoti\u0107<\/p>\n<p>Katarina Kunjko<\/p>\n<p>PAUZA \/ PAUSE: 11.00 \u2013 11.45<\/p>\n<p>2. DIO \/ 2ND PART: 11.45 \u2013 13.45<\/p>\n<p>David Loren\u010di\u010d<\/p>\n<p>Karlo Ljubojevi\u0107<\/p>\n<p>Iskra Makarun<\/p>\n<p>Grigor Mandi\u0107<\/p>\n<p>Martin Matkovi\u010d<\/p>\n<p>Edvin Nedeljko<\/p>\n<p>Matija Sajko<\/p>\n<p>Kim Sretkovi\u0107<\/p>\n<p>PAUZA \/ PAUSE: 13.45 \u2013 15.30<\/p>\n<p>3. DIO \/ 3D PART: 15.30 \u2013 17.30<\/p>\n<p>Ana Su\u0161ac<\/p>\n<p>Nika \u0160incek<\/p>\n<p>Tobija Vid \u0160kulj<\/p>\n<p>Elizabeta Valenti\u0107<\/p>\n<p>Petar Vido\u0161evi\u0107<\/p>\n<p>An Wang<\/p>\n<p>Grgur Zagrajski<\/p>\n<p>Toma Ze\u010di\u0107<\/p>\n<p>PROGLA\u0160ENJE REZULTATA: 18.30h \/ ANNOUNCEMENT OF THE RESULTS: 6.30PM<\/p>\n<p>&nbsp;<\/p>\n<p><strong>&nbsp;<\/strong><\/p>\n<p><strong>NEDJELJA, 12.4.2026. \/ SUNDAY, APRIL 12TH 2026<\/strong><\/p>\n<p><strong>KATEGORIJA C \/ CATEGORY C<\/strong><\/p>\n<p>9.00 \u2013 11.15<\/p>\n<p>Kaja Boras<\/p>\n<p>Ne\u017ea Cimerman<\/p>\n<p>Iren Gancheva<\/p>\n<p>Lina Globan<\/p>\n<p>Ton\u010di Jakir<\/p>\n<p>Filip Jaklin<\/p>\n<p>Valentina K\u00e1d\u00e1r<\/p>\n<p>Benjamin Lipovac<\/p>\n<p>Gabriela Mami\u0107<\/p>\n<p>Fran Modri\u0107<\/p>\n<p>Iva Perak<\/p>\n<p>Mika Tondini<\/p>\n<p>Gregori Vidas<\/p>\n<p>Borna Vizjak<\/p>\n<p>PROGLA\u0160ENJE REZULTATA: 12h \/ ANNOUNCEMENT OF THE RESULTS: 12PM<\/p>\n<p>&nbsp;<\/p>\n<p><strong>KATEGORIJA B \/ CATEGORY B<\/strong><\/p>\n<p>14.00 \u2013 16.00<\/p>\n<p>Kristijan Alimanovi\u0107<\/p>\n<p>Leon Brali\u0107<\/p>\n<p>Ema Brkulj<\/p>\n<p>Annabelle Cast<\/p>\n<p>Patrik Crnkovi\u0107<\/p>\n<p>Juraj \u010ca\u010di\u0107<\/p>\n<p>Solomia Jakimenko<\/p>\n<p>Petar Keller<\/p>\n<p>Helena Mi\u0107anovi\u0107<\/p>\n<p>Maks Oblu\u010dar Petrovi\u0107<\/p>\n<p>Sara Pozder<\/p>\n<p>Lena Pu\u0161i\u0107<\/p>\n<p>Anna Stepanchuk<\/p>\n<p>Dora \u0160incek<\/p>\n<p>Magdalena Vu\u010di\u0107<\/p>\n<p>Teodor Vujanic<\/p>\n<p>Lara \u017deljezi\u0107<\/p>\n<p>PROGLA\u0160ENJE REZULTATA: 17h \/ ANNOUNCEMENT OF THE RESULTS: 5PM<\/p>\n<p><strong>&nbsp;<\/strong><\/p>\n<p><strong>KATEGORIJA A \/ CATEGORY A<\/strong><\/p>\n<p>17.15 \u2013 18.00<\/p>\n<p>Aidan Cast<\/p>\n<p>Ena \u010colja<\/p>\n<p>Tonka \u0106ati\u0107<\/p>\n<p>Izidora \u0110uras<\/p>\n<p>Ma\u0161a Kusobrak<\/p>\n<p>Leda Markovec<\/p>\n<p>Elon Mataruga<\/p>\n<p>Mateo Me\u0161tri\u0107<\/p>\n<p>Volodymyr Shynkarov<\/p>\n<p>Magdalena Sinkovi\u0107<\/p>\n<p>Sara \u0160antor<\/p>\n<p>PROGLA\u0160ENJE REZULTATA: 19h \/ ANNOUNCEMENT OF THE RESULTS: 7PM<\/p>\n<p>&nbsp;<\/p>\n<p>&nbsp;<\/p>\n<p><strong>PONEDJELJAK, 13.4.2026. \/ MONDAY, APRIL 13TH 2026<\/strong><\/p>\n<p><strong>GRAND PRIX, 1. ETAPA \/ GRAND PRIX, 1ST ROUND<\/strong><\/p>\n<p>1. DIO \/ 1ST PART: 9.00 \u2013 10.15<\/p>\n<p>Mayu Adachi<\/p>\n<p>Chaebin An<\/p>\n<p>Matej Bo\u017ei\u0107<\/p>\n<p>Melika Buza<\/p>\n<p>PAUZA \/ PAUSE: 10.15 \u2013 11.00<\/p>\n<p>2. DIO \/ 2ND PART: 11.00 \u2013 12.15<\/p>\n<p>\u00d6zbek Devrim<\/p>\n<p>Stjepan Geri\u0107<\/p>\n<p>Nadir Ho\u0161i\u0107<\/p>\n<p>Andrea Nikolovska<\/p>\n<p>PAUZA \/ PAUSE: 12.15 \u2013 14.00<\/p>\n<p>3. DIO \/ 3D PART: 14.00 \u2013 15.00<\/p>\n<p>Viktor Rafajlovski<\/p>\n<p>Orph\u00e9e Triantafillidis<\/p>\n<p>Filip Trifu<\/p>\n<p>PAUZA \/ PAUSE: 15.00 \u2013 15.30<\/p>\n<p>4. DIO \/ 4TH PART: 15.30 \u2013 16.30<\/p>\n<p>Zvjezdan Vojvodi\u0107<\/p>\n<p>Stanford Yu<\/p>\n<p>Langlang Zhao<\/p>\n<p>PROGLA\u0160ENJE REZULTATA: 17.30h \/ ANNOUNCEMENT OF THE RESULTS: 5.30PM<\/p>\n<p>&nbsp;<\/p>\n<p>&nbsp;<\/p>\n<p><strong>SRIJEDA, 15.4.2026. \/ WEDNESDaY, APRIL 15TH 2026<\/strong><\/p>\n<p><strong>GRAND PRIX, 3. ETAPA \/ GRAND PRIX, 2ND ROUND<\/strong><\/p>\n<p><strong>ZAVR\u0160NI KONCERT i DODJELA NAGRADA \/ FINAL CONCERT AND SPECIAL AWARD CEREMONY<\/strong><\/p>\n","protected":false},"excerpt":{"rendered":"<p>\u010cETVRTAK, 9.4.2026. \/ THURSDAY, APRIL 9TH 2026 KATEGORIJA F \/ CATEGORY F 1. DIO \/ 1ST PART: 9.15 \u2013 11.00 Martin Antolovi\u0107 Dorian Baban Botond Bartos Jan Borak PAUZA \/ PAUSE: 11.00 \u2013 11.30 2. DIO \/ 2ND PART: 11.30 \u2013 13.15 Emina Fetahovic Tomislav Jo\u0107 Sofia Agnesa Kirsimaa Luka Kova\u010d PAUZA \/ PAUSE: 13.15 [&hellip;]<\/p>\n","protected":false},"author":5,"featured_media":0,"parent":0,"menu_order":0,"comment_status":"closed","ping_status":"closed","template":"","meta":{"pmpro_default_level":"","ngg_post_thumbnail":0,"footnotes":""},"translation":{"provider":"WPGlobus","version":"3.0.0","language":"en","enabled_languages":["hr","en"],"languages":{"hr":{"title":true,"content":true,"excerpt":false},"en":{"title":true,"content":true,"excerpt":false}}},"_links":{"self":[{"href":"https:\/\/natjecanje.hr\/en\/wp-json\/wp\/v2\/pages\/7825"}],"collection":[{"href":"https:\/\/natjecanje.hr\/en\/wp-json\/wp\/v2\/pages"}],"about":[{"href":"https:\/\/natjecanje.hr\/en\/wp-json\/wp\/v2\/types\/page"}],"author":[{"embeddable":true,"href":"https:\/\/natjecanje.hr\/en\/wp-json\/wp\/v2\/users\/5"}],"replies":[{"embeddable":true,"href":"https:\/\/natjecanje.hr\/en\/wp-json\/wp\/v2\/comments?post=7825"}],"version-history":[{"count":30,"href":"https:\/\/natjecanje.hr\/en\/wp-json\/wp\/v2\/pages\/7825\/revisions"}],"predecessor-version":[{"id":7902,"href":"https:\/\/natjecanje.hr\/en\/wp-json\/wp\/v2\/pages\/7825\/revisions\/7902"}],"wp:attachment":[{"href":"https:\/\/natjecanje.hr\/en\/wp-json\/wp\/v2\/media?parent=7825"}],"curies":[{"name":"wp","href":"https:\/\/api.w.org\/{rel}","templated":true}]}}