{"id":7238,"date":"2024-12-24T11:51:54","date_gmt":"2024-12-24T10:51:54","guid":{"rendered":"https:\/\/natjecanje.hr\/?page_id=7238"},"modified":"2024-12-24T12:16:46","modified_gmt":"2024-12-24T11:16:46","slug":"andrei-kavalinski","status":"publish","type":"page","link":"https:\/\/natjecanje.hr\/en\/andrei-kavalinski\/","title":{"rendered":"Andrei Kavalinski"},"content":{"rendered":"<p><img loading=\"lazy\" decoding=\"async\" class=\"alignnone size-medium wp-image-7239\" src=\"https:\/\/natjecanje.hr\/wp-content\/uploads\/2024\/12\/ANDREI-KAVALINSKI-CV-English-2024-201x300.jpg\" alt=\"\" width=\"201\" height=\"300\" srcset=\"https:\/\/natjecanje.hr\/wp-content\/uploads\/2024\/12\/ANDREI-KAVALINSKI-CV-English-2024-201x300.jpg 201w, https:\/\/natjecanje.hr\/wp-content\/uploads\/2024\/12\/ANDREI-KAVALINSKI-CV-English-2024-685x1024.jpg 685w, https:\/\/natjecanje.hr\/wp-content\/uploads\/2024\/12\/ANDREI-KAVALINSKI-CV-English-2024-768x1149.jpg 768w, https:\/\/natjecanje.hr\/wp-content\/uploads\/2024\/12\/ANDREI-KAVALINSKI-CV-English-2024-1027x1536.jpg 1027w, https:\/\/natjecanje.hr\/wp-content\/uploads\/2024\/12\/ANDREI-KAVALINSKI-CV-English-2024-1369x2048.jpg 1369w, https:\/\/natjecanje.hr\/wp-content\/uploads\/2024\/12\/ANDREI-KAVALINSKI-CV-English-2024-scaled.jpg 1712w\" sizes=\"(max-width: 201px) 100vw, 201px\" \/><\/p>\n<p>Andrei Kavalinski is one of the world&#8217;s leading soloists. Kavalinski performed with major orchestras, including the Orchestre National de France, the Deutsches Symphonie &#8211; Orchester Berlin, the Jonocek Philharmonic Orchestra (Czech Republic), the South Korean Symphony Orchestra, the Brussels Philharmonic (Belgium), the Dormstadt State Orchestra, the Dortmund Philharmonic Orchestra (Germany), the Lithuanian Chamber Orchestra, the Kyoto Chamber Orchestra (Japan) as a soloist and worked long time as a guest principal trumpet with the Rotterdam Philharmonic Orchestra and the Royal Concertgebouw Orchestra Amsterdam. Recently Andrei worked with the Budapest Festival Orchestra. Conductors he collaborated with include S. Bychkov, C. Dutoit, C. Eschenboch, I. Fischer, D. Gotti, V. Gergiev, B. Hoitink, M. Jonsons, N. J\u00f6rvi, P. Jordan, F. Luisi, Sir N. Morriner, C. Mo\u010deIoru, R. Muti, Y. N\u00e9zet-S\u00e9guin, G. Nosedo, T. Pinnock, F.-X. Roth, D.Zinman and J. von Zweden. Mr. Kavalinski studied with Prof. Nikolai M. Volkov at the College of Music and the National Academy of Music in Minsk (Belorus), with Prof. Reinhold Friedrich and Prof. Edword H. Tarr at the Hochschule f\u00fcr Musik in Karlsruhe (Germany). In 2002 he was awarded DKA diploma and 2005 diploma Konzert Examen (both with the highest possible marks). In addition to this, Kavalinski studied in K\u00fcrten with world&#8217;s fomous Germon composer Korlheinz Stockhousen. His wide repertoire includes works from Boroque, Clossicol &amp; Romantic periods as well as those of contemporary composers such as P. M. Dovies, E. Denisov, H. W. Henze, G. Ligeti, A. P\u00f6rt, K. Stockhousen, T. Tokemitsu and B.-A. Zimmermann.<br \/>\nHis solo recitals and chamber music performances at major festivals, such as the Schleswig-Holstein Music Festival (Germany), the Internoational Festival Musica Strasbourg (France), the Ars Musico &#8211; Biennial Contemporary Music<br \/>\nFestival (Belgium), the Grochtenfestivol Amsterdom, the International Festival ECLAT Stuttgart (Germany), the Yeosu Internotional Music Festival (South Korea), the Prague Spring International Festival (Czech Republic), the Festival of Flonders (Belgium), received critical acclaim. They are heard frequently on France Musique, Deutschlond Radio Berlin and WDR 3 (Germany), Concertzender Live (Netherlands), Klaro and EXQI TV (Belgium) and many others.<br \/>\nAndrei Kavalinski is also a winner of Richard-Wogner-Prize (Boyreuth, Germony), KorIheinz-Stockhousen- Prize (Germony), Timofei-Dokshizer- Prize (Moscow, Russio). As a port of the awards, he was performing with numerous of orchestras such as the Ensemble Orchestral de Paris, the Bolshoi State Theater Symphony Orchestra (Moscow), the Dormstadt State Orchestro (Germany), the Orchestro di Podavo e del Veneto (Italy), the &#8220;Moscow Virtuosi&#8221; Chamber Orchestra ond the South Netherlands Philharmonic Orchestra.<br \/>\nMany composers have dedicated Mr. Kavalinski their works. 2023 he mode the World Premiere of Sonato for Trumpet and Piono \u00abH\u00e9cote\u00bb written and dedicated to Andrei Kavalinski by the French composer Gilles Herbillon.<br \/>\nWith a pianist Simon Trp\u010deski he recorded recently a disc with Shostokovich Concertos which received a large positive reaction all over the world. 2022 disc became a finalist of ICMA International Classical Music Awards. Kavalinski is currently Super Solist of the Orchestre Notionol de France (Paris).<br \/>\nHe has recorded for Deutsche Grommophon, Warner Classics, RCO Live, Linn Records, Erato, Sony and many others. Andrei Kavalinski is Breslmoir Artist and Schogerl Artist.<\/p>\n<p>Mr. Kavalinski gives worldwide masterclosses and is jury member ot the International Maurice Andr\u00e9 Trumpet Competition in Paris and at the ARD Internationol Music Competition in Munich.<\/p>\n","protected":false},"excerpt":{"rendered":"<p>Andrei Kavalinski is one of the world&#8217;s leading soloists. Kavalinski performed with major orchestras, including the Orchestre National de France, the Deutsches Symphonie &#8211; Orchester Berlin, the Jonocek Philharmonic Orchestra (Czech Republic), the South Korean Symphony Orchestra, the Brussels Philharmonic (Belgium), the Dormstadt State Orchestra, the Dortmund Philharmonic Orchestra (Germany), the Lithuanian Chamber Orchestra, the [&hellip;]<\/p>\n","protected":false},"author":2,"featured_media":0,"parent":0,"menu_order":0,"comment_status":"closed","ping_status":"closed","template":"","meta":{"pmpro_default_level":"","ngg_post_thumbnail":0,"footnotes":""},"translation":{"provider":"WPGlobus","version":"3.0.0","language":"en","enabled_languages":["hr","en"],"languages":{"hr":{"title":true,"content":true,"excerpt":false},"en":{"title":true,"content":true,"excerpt":false}}},"_links":{"self":[{"href":"https:\/\/natjecanje.hr\/en\/wp-json\/wp\/v2\/pages\/7238"}],"collection":[{"href":"https:\/\/natjecanje.hr\/en\/wp-json\/wp\/v2\/pages"}],"about":[{"href":"https:\/\/natjecanje.hr\/en\/wp-json\/wp\/v2\/types\/page"}],"author":[{"embeddable":true,"href":"https:\/\/natjecanje.hr\/en\/wp-json\/wp\/v2\/users\/2"}],"replies":[{"embeddable":true,"href":"https:\/\/natjecanje.hr\/en\/wp-json\/wp\/v2\/comments?post=7238"}],"version-history":[{"count":2,"href":"https:\/\/natjecanje.hr\/en\/wp-json\/wp\/v2\/pages\/7238\/revisions"}],"predecessor-version":[{"id":7243,"href":"https:\/\/natjecanje.hr\/en\/wp-json\/wp\/v2\/pages\/7238\/revisions\/7243"}],"wp:attachment":[{"href":"https:\/\/natjecanje.hr\/en\/wp-json\/wp\/v2\/media?parent=7238"}],"curies":[{"name":"wp","href":"https:\/\/api.w.org\/{rel}","templated":true}]}}