{"id":7228,"date":"2024-12-24T11:15:55","date_gmt":"2024-12-24T10:15:55","guid":{"rendered":"https:\/\/natjecanje.hr\/?page_id=7228"},"modified":"2024-12-24T11:19:05","modified_gmt":"2024-12-24T10:19:05","slug":"natalia-jarzabek","status":"publish","type":"page","link":"https:\/\/natjecanje.hr\/en\/natalia-jarzabek\/","title":{"rendered":"Natalia Jarz\u0105bek"},"content":{"rendered":"<p><img loading=\"lazy\" decoding=\"async\" class=\"alignnone wp-image-7234 size-medium\" src=\"https:\/\/natjecanje.hr\/wp-content\/uploads\/2024\/12\/IMG_5458-300x200.jpg\" alt=\"\" width=\"300\" height=\"200\" srcset=\"https:\/\/natjecanje.hr\/wp-content\/uploads\/2024\/12\/IMG_5458-300x200.jpg 300w, https:\/\/natjecanje.hr\/wp-content\/uploads\/2024\/12\/IMG_5458-1024x682.jpg 1024w, https:\/\/natjecanje.hr\/wp-content\/uploads\/2024\/12\/IMG_5458-768x512.jpg 768w, https:\/\/natjecanje.hr\/wp-content\/uploads\/2024\/12\/IMG_5458-1536x1024.jpg 1536w, https:\/\/natjecanje.hr\/wp-content\/uploads\/2024\/12\/IMG_5458-270x180.jpg 270w, https:\/\/natjecanje.hr\/wp-content\/uploads\/2024\/12\/IMG_5458.jpg 2000w\" sizes=\"(max-width: 300px) 100vw, 300px\" \/><\/p>\n<p>Natalia Jarz\u0105bek graduated with a great distinction from the Krzysztof Penderecki Academy of Music in Krak\u00f3w in the class of Prof. Dr h.c. Barbara \u015awi\u0105tek \u2013 \u017belazna, where she was also a PhD student (2019-2023). She was a student of Hochschule f\u00fcr Musik in Weimar in the class of Prof. Wally Hase. She also graduated from the Jagiellonian University with master degree in mathematics. Currently she is currently a principal flutist of the Krakow Philharmonic Orchestra and an orchestral excerpts teacher at The Karol Szymanowski Academy of Music in Katowice. Since 2022 Natalia is an Artist of Miyazawa Flutes.<\/p>\n<p>The topic of her research is the problem of circular breathing in performing wind instruments. As a specialist in this field she inspires many contemporaries composers who they dedicated numerous works to her. Also she is the author \u2014 together with her teacher, prof. Barbara of the book Infinity. Circular Breathing and the course book Infinity with exercises and pieces to practice this technique, released in December 2020. The CD Infinity &#8211; with pieces requiring the use of circular breathing &#8211; was recorded with the Belgian pianist Emmy Wils at the Krzysztof Penderecki European Music Center in Lus\u0142awice and released by DUX in September 2019.<\/p>\n<p>Her abilities are highly regarded on international competitions. She received many prizes, scholarships and awards appreciating her achievements. Natalia performed and was teaching at festivals such as: British Flute Society \u2019s Flutastique! Festival, the 2017 Adams Flute Festival, the Festival Universitario de Flauta Transversa in Me\u0301xico, the Alexander Arutiunian International Wind Festival, the 31st International Festival of Krakow Composers, Wawel o Zmierzchu Festival and the Music Festival in \u0141an\u0301cut. She has worked closely with numerous symphony orchestras and chamber ensembles, performing in renowned venues around the world.<\/p>\n<p>Since 2017, Natalia has also been a flutist of the Cracow Golden Quintet, with whom she won the 2nd prize at The Stanislaw Moniuszko International Polish Music Competition in Rzesz\u00f3w, 2019. The ensemble recorded a CD Polish Wind Quintets, nominated to the Fryderyk 2020 Award. In December 2023, the album \u201cPolish Wind Quintets vol. 2\u201d was released \u2013 the second disc in a series promoting the music of Polish composers.<\/p>\n","protected":false},"excerpt":{"rendered":"<p>Natalia Jarz\u0105bek graduated with a great distinction from the Krzysztof Penderecki Academy of Music in Krak\u00f3w in the class of Prof. Dr h.c. Barbara \u015awi\u0105tek \u2013 \u017belazna, where she was also a PhD student (2019-2023). She was a student of Hochschule f\u00fcr Musik in Weimar in the class of Prof. Wally Hase. She also graduated [&hellip;]<\/p>\n","protected":false},"author":2,"featured_media":0,"parent":0,"menu_order":0,"comment_status":"closed","ping_status":"closed","template":"","meta":{"pmpro_default_level":"","ngg_post_thumbnail":0,"footnotes":""},"translation":{"provider":"WPGlobus","version":"3.0.0","language":"en","enabled_languages":["hr","en"],"languages":{"hr":{"title":true,"content":true,"excerpt":false},"en":{"title":true,"content":true,"excerpt":false}}},"_links":{"self":[{"href":"https:\/\/natjecanje.hr\/en\/wp-json\/wp\/v2\/pages\/7228"}],"collection":[{"href":"https:\/\/natjecanje.hr\/en\/wp-json\/wp\/v2\/pages"}],"about":[{"href":"https:\/\/natjecanje.hr\/en\/wp-json\/wp\/v2\/types\/page"}],"author":[{"embeddable":true,"href":"https:\/\/natjecanje.hr\/en\/wp-json\/wp\/v2\/users\/2"}],"replies":[{"embeddable":true,"href":"https:\/\/natjecanje.hr\/en\/wp-json\/wp\/v2\/comments?post=7228"}],"version-history":[{"count":2,"href":"https:\/\/natjecanje.hr\/en\/wp-json\/wp\/v2\/pages\/7228\/revisions"}],"predecessor-version":[{"id":7235,"href":"https:\/\/natjecanje.hr\/en\/wp-json\/wp\/v2\/pages\/7228\/revisions\/7235"}],"wp:attachment":[{"href":"https:\/\/natjecanje.hr\/en\/wp-json\/wp\/v2\/media?parent=7228"}],"curies":[{"name":"wp","href":"https:\/\/api.w.org\/{rel}","templated":true}]}}