{"id":7150,"date":"2024-12-11T18:16:07","date_gmt":"2024-12-11T17:16:07","guid":{"rendered":"https:\/\/natjecanje.hr\/?page_id=7150"},"modified":"2024-12-11T18:18:04","modified_gmt":"2024-12-11T17:18:04","slug":"ana-kavcic-pucihar","status":"publish","type":"page","link":"https:\/\/natjecanje.hr\/en\/ana-kavcic-pucihar\/","title":{"rendered":"Ana Kav\u010di\u010d Pucihar"},"content":{"rendered":"<p><img loading=\"lazy\" decoding=\"async\" class=\"alignnone size-medium wp-image-7151\" src=\"https:\/\/natjecanje.hr\/wp-content\/uploads\/2024\/12\/Ana-K.-Pucihar-2023-1-200x300.jpeg\" alt=\"\" width=\"200\" height=\"300\" srcset=\"https:\/\/natjecanje.hr\/wp-content\/uploads\/2024\/12\/Ana-K.-Pucihar-2023-1-200x300.jpeg 200w, https:\/\/natjecanje.hr\/wp-content\/uploads\/2024\/12\/Ana-K.-Pucihar-2023-1.jpeg 427w\" sizes=\"(max-width: 200px) 100vw, 200px\" \/><\/p>\n<p>Flutist, assist. Ana Kav\u010di\u010d Pucihar, Ph.D., researches instrumental music pedagogy at the Academy of Music in Ljubljana, Slovenia. There, she graduated in the class of Prof. Fedja Rupel (1999) and completed her artistic specialization (2001). Under his mentorship with the co-supervision of associate prof. Branka Rotar Pance, she completed her Master&#8217;s degree in 2011 and her Doctoral degree in 2019 under the latter&#8217;s supervision.<\/p>\n<p>As a flute teacher, Ana Kav\u010di\u010d Pucihar has designed a flute method that enables joyful musical experiences for aspiring young flute players. She has presented the method at numerous teachers&#8217; seminars in Slovenia, Croatia, France, the Netherlands, the United Kingdom, and the USA.<br \/>\nAna is the author of Igramo se flavto, the first Slovenian flute tutor book accepted in the Slovenian State Music School flute curriculum. With Blaz Pucihar, they created a translation and adaptation of her flute method book Fluting Stars, winner of the Newly Published Music Competition 2016 of the National Flute Association in the USA.<\/p>\n<p>Young flute players worldwide love to join the adventures of Luna&#8217;s Magic Flute and Flute at Play, Ana and Blaz&#8217;s musical collections for flute and piano. In 2023, they created a new musical journey for young flute players, From Dinosaur to Virtuoso, illustrated by award-winning illustrator Korky Paul.<\/p>\n<p>In 2015 Ana was a Fulbright Scholar at Boise State University\/USA, researching effective teaching strategies in flute instruction, teaching, performing, and presenting her flute method at the University of Puget Sound and Pacific Lutheran University\/USA.<br \/>\nAna Kav\u010di\u010d Pucihar received the prestigious Slovenian Music Educators&#8217; Gerbi\u010d Award (2015) for outstanding performing and flute teaching accomplishments.<br \/>\nCurrently, she is an assistant for Woodwind Pedagogy and a researcher at the Academy of Music in Ljubljana. She also leads her private music school, Glasb\u00e9nium.<\/p>\n<p>&nbsp;<\/p>\n","protected":false},"excerpt":{"rendered":"<p>Flutist, assist. Ana Kav\u010di\u010d Pucihar, Ph.D., researches instrumental music pedagogy at the Academy of Music in Ljubljana, Slovenia. There, she graduated in the class of Prof. Fedja Rupel (1999) and completed her artistic specialization (2001). Under his mentorship with the co-supervision of associate prof. Branka Rotar Pance, she completed her Master&#8217;s degree in 2011 and [&hellip;]<\/p>\n","protected":false},"author":2,"featured_media":0,"parent":0,"menu_order":0,"comment_status":"closed","ping_status":"closed","template":"","meta":{"pmpro_default_level":"","ngg_post_thumbnail":0,"footnotes":""},"translation":{"provider":"WPGlobus","version":"3.0.0","language":"en","enabled_languages":["hr","en"],"languages":{"hr":{"title":true,"content":true,"excerpt":false},"en":{"title":true,"content":true,"excerpt":false}}},"_links":{"self":[{"href":"https:\/\/natjecanje.hr\/en\/wp-json\/wp\/v2\/pages\/7150"}],"collection":[{"href":"https:\/\/natjecanje.hr\/en\/wp-json\/wp\/v2\/pages"}],"about":[{"href":"https:\/\/natjecanje.hr\/en\/wp-json\/wp\/v2\/types\/page"}],"author":[{"embeddable":true,"href":"https:\/\/natjecanje.hr\/en\/wp-json\/wp\/v2\/users\/2"}],"replies":[{"embeddable":true,"href":"https:\/\/natjecanje.hr\/en\/wp-json\/wp\/v2\/comments?post=7150"}],"version-history":[{"count":3,"href":"https:\/\/natjecanje.hr\/en\/wp-json\/wp\/v2\/pages\/7150\/revisions"}],"predecessor-version":[{"id":7155,"href":"https:\/\/natjecanje.hr\/en\/wp-json\/wp\/v2\/pages\/7150\/revisions\/7155"}],"wp:attachment":[{"href":"https:\/\/natjecanje.hr\/en\/wp-json\/wp\/v2\/media?parent=7150"}],"curies":[{"name":"wp","href":"https:\/\/api.w.org\/{rel}","templated":true}]}}