{"id":7113,"date":"2024-11-29T12:05:58","date_gmt":"2024-11-29T11:05:58","guid":{"rendered":"https:\/\/natjecanje.hr\/?page_id=7113"},"modified":"2024-12-22T20:44:45","modified_gmt":"2024-12-22T19:44:45","slug":"lidija-ljubicic","status":"publish","type":"page","link":"https:\/\/natjecanje.hr\/en\/lidija-ljubicic\/","title":{"rendered":"Lidija Ljubi\u010di\u0107"},"content":{"rendered":"<p><img loading=\"lazy\" decoding=\"async\" class=\"alignnone size-medium wp-image-7114\" src=\"https:\/\/natjecanje.hr\/wp-content\/uploads\/2024\/11\/IPF2000-199x300.jpg\" alt=\"\" width=\"199\" height=\"300\" srcset=\"https:\/\/natjecanje.hr\/wp-content\/uploads\/2024\/11\/IPF2000-199x300.jpg 199w, https:\/\/natjecanje.hr\/wp-content\/uploads\/2024\/11\/IPF2000-680x1024.jpg 680w, https:\/\/natjecanje.hr\/wp-content\/uploads\/2024\/11\/IPF2000-768x1156.jpg 768w, https:\/\/natjecanje.hr\/wp-content\/uploads\/2024\/11\/IPF2000.jpg 797w\" sizes=\"(max-width: 199px) 100vw, 199px\" \/><\/p>\n<p>Lidija Ljubi\u010di\u0107 began playing the flute at the age of twelve with teacher Nevenka Preiss. Her &#8220;connection&#8221; with the flute led her to the Music Academy in Zagreb, where she graduated in the class of Professor Vesna Ko\u0161ir and received her master&#8217;s degree in the class of Assoc. Professor Renata Penezi\u0107.<br \/>\nAs a soloist, she performed many times with the orchestra during her studies under the direction of conductor Zlatan Srzi\u0107, and with the Zagreb Philharmonic under the direction of maestro Pavle De\u0161palj and several times with the Zagreb Soloists. In addition to a number of first prizes at national music competitions, Lidija is the winner of the &#8220;Darko Luki\u0107&#8221; Award at the 36th Young Music Artists Forum, the Rector&#8217;s Award and the City of Samobor Award for the best performance of a composition by a Croatian composer at the 29th Samobor Music Autumns.<br \/>\nShe has improved her skills at numerous master classes with famous flutists and pedagogues (Jaroslav Lewitzki, Pierre-Yves Artaud, Ale\u0161 Kacjan, Ljubi\u0161a Jovanovi\u0107, Roberto Ghiani, Furgh Karimi, Luisa Sello, Giorgio Marccosi and others).<br \/>\nIn addition to numerous performances and collaborations with many musicians, of which the long-standing collaboration with pianist Ivan Bato\u0161 stands out, Lidija often participates in artistic projects connecting music and other performing arts. She also began her research in the field of sound therapy and graduated from the Peter Hess Academy for Gong Practitioners and Sound Massage Practitioners.<br \/>\nSince 2012, she has been a member of the Zagreb Flute Ensemble under the direction of Renata Penezi\u0107, with whom she regularly performs in Croatia and abroad.<br \/>\nLidija, as a professor mentor, teaches flute at the Fran Lhotka Music School in Sisak, and has a number of successful students who achieve enviable results in Croatia and abroad.<\/p>\n","protected":false},"excerpt":{"rendered":"<p>Lidija Ljubi\u010di\u0107 began playing the flute at the age of twelve with teacher Nevenka Preiss. Her &#8220;connection&#8221; with the flute led her to the Music Academy in Zagreb, where she graduated in the class of Professor Vesna Ko\u0161ir and received her master&#8217;s degree in the class of Assoc. Professor Renata Penezi\u0107. As a soloist, she [&hellip;]<\/p>\n","protected":false},"author":2,"featured_media":0,"parent":0,"menu_order":0,"comment_status":"closed","ping_status":"closed","template":"","meta":{"pmpro_default_level":"","ngg_post_thumbnail":0,"footnotes":""},"translation":{"provider":"WPGlobus","version":"3.0.0","language":"en","enabled_languages":["hr","en"],"languages":{"hr":{"title":true,"content":true,"excerpt":false},"en":{"title":false,"content":true,"excerpt":false}}},"_links":{"self":[{"href":"https:\/\/natjecanje.hr\/en\/wp-json\/wp\/v2\/pages\/7113"}],"collection":[{"href":"https:\/\/natjecanje.hr\/en\/wp-json\/wp\/v2\/pages"}],"about":[{"href":"https:\/\/natjecanje.hr\/en\/wp-json\/wp\/v2\/types\/page"}],"author":[{"embeddable":true,"href":"https:\/\/natjecanje.hr\/en\/wp-json\/wp\/v2\/users\/2"}],"replies":[{"embeddable":true,"href":"https:\/\/natjecanje.hr\/en\/wp-json\/wp\/v2\/comments?post=7113"}],"version-history":[{"count":3,"href":"https:\/\/natjecanje.hr\/en\/wp-json\/wp\/v2\/pages\/7113\/revisions"}],"predecessor-version":[{"id":7211,"href":"https:\/\/natjecanje.hr\/en\/wp-json\/wp\/v2\/pages\/7113\/revisions\/7211"}],"wp:attachment":[{"href":"https:\/\/natjecanje.hr\/en\/wp-json\/wp\/v2\/media?parent=7113"}],"curies":[{"name":"wp","href":"https:\/\/api.w.org\/{rel}","templated":true}]}}