{"id":6944,"date":"2024-04-05T18:03:24","date_gmt":"2024-04-05T16:03:24","guid":{"rendered":"https:\/\/natjecanje.hr\/?page_id=6944"},"modified":"2024-04-22T21:02:36","modified_gmt":"2024-04-22T19:02:36","slug":"akusticke-probe-4","status":"publish","type":"page","link":"https:\/\/natjecanje.hr\/en\/acoustic-rehersalas-4\/","title":{"rendered":"ACOUSTIC REHEARSALS"},"content":{"rendered":"<p><strong>ACOUSTIC REHEARSALS<\/strong><\/p>\n<p><strong>TUESDAY, APRIL 23RD 2024<\/strong><\/p>\n<p><strong>GRAND PRIX, 2ND ROUND<\/strong><\/p>\n<p>&nbsp;<\/p>\n<p>8.20 Maria \u00c1ngeles Ayala Moreno<\/p>\n<p>8.25 Stjepan Geri\u0107<\/p>\n<p>8.30 Dora Grizelj<\/p>\n<p>8.35 Eunjin Hwang<\/p>\n<p>8.40 An\u0111ela Jovi\u0107evi\u0107<\/p>\n<p>&nbsp;<\/p>\n<p>11.45 Yurii Kartuzov<\/p>\n<p>11.50 Misol Kim<\/p>\n<p>11.55 Rinnosuke Matsuno<\/p>\n<p>12.00 Jadran Mihel\u010di\u0107<\/p>\n<p>&nbsp;<\/p>\n<p>15.00 Suryeon Noh<\/p>\n<p>15.05 Marco Ottaviani<\/p>\n<p>15.10 Mina Shin<\/p>\n<p>15.15 Chong Wang<\/p>\n","protected":false},"excerpt":{"rendered":"<p>ACOUSTIC REHEARSALS TUESDAY, APRIL 23RD 2024 GRAND PRIX, 2ND ROUND &nbsp; 8.20 Maria \u00c1ngeles Ayala Moreno 8.25 Stjepan Geri\u0107 8.30 Dora Grizelj 8.35 Eunjin Hwang 8.40 An\u0111ela Jovi\u0107evi\u0107 &nbsp; 11.45 Yurii Kartuzov 11.50 Misol Kim 11.55 Rinnosuke Matsuno 12.00 Jadran Mihel\u010di\u0107 &nbsp; 15.00 Suryeon Noh 15.05 Marco Ottaviani 15.10 Mina Shin 15.15 Chong Wang<\/p>\n","protected":false},"author":2,"featured_media":0,"parent":0,"menu_order":0,"comment_status":"closed","ping_status":"closed","template":"","meta":{"pmpro_default_level":"","ngg_post_thumbnail":0,"footnotes":""},"translation":{"provider":"WPGlobus","version":"3.0.0","language":"en","enabled_languages":["hr","en"],"languages":{"hr":{"title":true,"content":true,"excerpt":false},"en":{"title":true,"content":true,"excerpt":false}}},"_links":{"self":[{"href":"https:\/\/natjecanje.hr\/en\/wp-json\/wp\/v2\/pages\/6944"}],"collection":[{"href":"https:\/\/natjecanje.hr\/en\/wp-json\/wp\/v2\/pages"}],"about":[{"href":"https:\/\/natjecanje.hr\/en\/wp-json\/wp\/v2\/types\/page"}],"author":[{"embeddable":true,"href":"https:\/\/natjecanje.hr\/en\/wp-json\/wp\/v2\/users\/2"}],"replies":[{"embeddable":true,"href":"https:\/\/natjecanje.hr\/en\/wp-json\/wp\/v2\/comments?post=6944"}],"version-history":[{"count":41,"href":"https:\/\/natjecanje.hr\/en\/wp-json\/wp\/v2\/pages\/6944\/revisions"}],"predecessor-version":[{"id":7037,"href":"https:\/\/natjecanje.hr\/en\/wp-json\/wp\/v2\/pages\/6944\/revisions\/7037"}],"wp:attachment":[{"href":"https:\/\/natjecanje.hr\/en\/wp-json\/wp\/v2\/media?parent=6944"}],"curies":[{"name":"wp","href":"https:\/\/api.w.org\/{rel}","templated":true}]}}