{"id":6827,"date":"2024-03-23T07:27:08","date_gmt":"2024-03-23T06:27:08","guid":{"rendered":"https:\/\/natjecanje.hr\/?page_id=6827"},"modified":"2024-04-22T20:56:20","modified_gmt":"2024-04-22T18:56:20","slug":"raspored-3","status":"publish","type":"page","link":"https:\/\/natjecanje.hr\/en\/raspored-3\/","title":{"rendered":"SCHEDULE"},"content":{"rendered":"<p><strong>COMPETITION SCHEDULE<\/strong><\/p>\n<p><strong>TUESDAY, APRIL 23RD 2024<\/strong><\/p>\n<p><strong>GRAND PRIX, 2ND ROUND<\/strong><\/p>\n<p>1ST PART: 9.00 \u2013 11.30<\/p>\n<p>Maria \u00c1ngeles Ayala Moreno<\/p>\n<p>Stjepan Geri\u0107<\/p>\n<p>Dora Grizelj<\/p>\n<p>Eunjin Hwang<\/p>\n<p>An\u0111ela Jovi\u0107evi\u0107<\/p>\n<p>2ND PART: 12.15 \u2013 14.15<\/p>\n<p>Yurii Kartuzov<\/p>\n<p>Misol Kim<\/p>\n<p>Rinnosuke Matsuno<\/p>\n<p>Jadran Mihel\u010di\u0107<\/p>\n<p>3RD PART: 15.30 \u2013 17.30<\/p>\n<p>Suryeon Noh<\/p>\n<p>Marco Ottaviani<\/p>\n<p>Mina Shin<\/p>\n<p>Chong Wang<\/p>\n<p>&nbsp;<\/p>\n<p><strong>FINAL CONCERT AND SPECIAL AWARD CEREMONY \u2013 7 PM<\/strong><\/p>\n","protected":false},"excerpt":{"rendered":"<p>COMPETITION SCHEDULE TUESDAY, APRIL 23RD 2024 GRAND PRIX, 2ND ROUND 1ST PART: 9.00 \u2013 11.30 Maria \u00c1ngeles Ayala Moreno Stjepan Geri\u0107 Dora Grizelj Eunjin Hwang An\u0111ela Jovi\u0107evi\u0107 2ND PART: 12.15 \u2013 14.15 Yurii Kartuzov Misol Kim Rinnosuke Matsuno Jadran Mihel\u010di\u0107 3RD PART: 15.30 \u2013 17.30 Suryeon Noh Marco Ottaviani Mina Shin Chong Wang &nbsp; FINAL [&hellip;]<\/p>\n","protected":false},"author":2,"featured_media":0,"parent":0,"menu_order":0,"comment_status":"closed","ping_status":"closed","template":"","meta":{"pmpro_default_level":"","ngg_post_thumbnail":0,"footnotes":""},"translation":{"provider":"WPGlobus","version":"3.0.0","language":"en","enabled_languages":["hr","en"],"languages":{"hr":{"title":true,"content":true,"excerpt":false},"en":{"title":true,"content":true,"excerpt":false}}},"_links":{"self":[{"href":"https:\/\/natjecanje.hr\/en\/wp-json\/wp\/v2\/pages\/6827"}],"collection":[{"href":"https:\/\/natjecanje.hr\/en\/wp-json\/wp\/v2\/pages"}],"about":[{"href":"https:\/\/natjecanje.hr\/en\/wp-json\/wp\/v2\/types\/page"}],"author":[{"embeddable":true,"href":"https:\/\/natjecanje.hr\/en\/wp-json\/wp\/v2\/users\/2"}],"replies":[{"embeddable":true,"href":"https:\/\/natjecanje.hr\/en\/wp-json\/wp\/v2\/comments?post=6827"}],"version-history":[{"count":49,"href":"https:\/\/natjecanje.hr\/en\/wp-json\/wp\/v2\/pages\/6827\/revisions"}],"predecessor-version":[{"id":7035,"href":"https:\/\/natjecanje.hr\/en\/wp-json\/wp\/v2\/pages\/6827\/revisions\/7035"}],"wp:attachment":[{"href":"https:\/\/natjecanje.hr\/en\/wp-json\/wp\/v2\/media?parent=6827"}],"curies":[{"name":"wp","href":"https:\/\/api.w.org\/{rel}","templated":true}]}}