{"id":6150,"date":"2023-01-15T12:51:41","date_gmt":"2023-01-15T11:51:41","guid":{"rendered":"https:\/\/natjecanje.hr\/?page_id=6150"},"modified":"2024-11-29T12:26:27","modified_gmt":"2024-11-29T11:26:27","slug":"ognjen-popovic","status":"publish","type":"page","link":"https:\/\/natjecanje.hr\/en\/ognjen-popovic\/","title":{"rendered":"Ognjen Popovi\u0107"},"content":{"rendered":"<p><img loading=\"lazy\" decoding=\"async\" class=\"alignnone wp-image-7127 size-medium\" src=\"https:\/\/natjecanje.hr\/wp-content\/uploads\/2024\/11\/image0-5-200x300.jpeg\" alt=\"\" width=\"200\" height=\"300\" srcset=\"https:\/\/natjecanje.hr\/wp-content\/uploads\/2024\/11\/image0-5-200x300.jpeg 200w, https:\/\/natjecanje.hr\/wp-content\/uploads\/2024\/11\/image0-5-683x1024.jpeg 683w, https:\/\/natjecanje.hr\/wp-content\/uploads\/2024\/11\/image0-5-768x1152.jpeg 768w, https:\/\/natjecanje.hr\/wp-content\/uploads\/2024\/11\/image0-5-1024x1536.jpeg 1024w, https:\/\/natjecanje.hr\/wp-content\/uploads\/2024\/11\/image0-5-1366x2048.jpeg 1366w, https:\/\/natjecanje.hr\/wp-content\/uploads\/2024\/11\/image0-5.jpeg 1535w\" sizes=\"(max-width: 200px) 100vw, 200px\" \/><\/p>\n<p style=\"margin: 0cm; margin-bottom: .0001pt;\">Ognjen Popovi\u0107 was born in 1977 in Pan\u010devo, where he completed elementary and secondary music school. He continued his studies in Stuttgart. He graduated and received his master&#8217;s degree from the University of Music and Performing Arts Munich in the class of prof. Ulf Rodenh\u00e4user.<\/p>\n<p style=\"margin: 0cm; margin-bottom: .0001pt;\">Popovi\u0107 has given concerts all over the world as a soloist and member of chamber ensembles. As a soloist, he has performed with the Munich Philharmonic, the European Chamber Orchestra, the Radio Orchestra of Valencia, the Belgrade Philharmonic, the RTS Symphony Orchestra, the Strings of St. George and others. As an orchestral musician, he has collaborated with the Stuttgart State Opera Orchestra, the German Chamber Academy from Neuss, the Passau Symphony Orchestra, and the Maribor Festival Orchestra. He won awards at the Felix Mendelssohn Competitions in Berlin in 1998 and the International Music Youth Competition in Belgrade in 1997.<\/p>\n<p style=\"margin: 0cm; margin-bottom: .0001pt;\">Since 2002, Popovi\u0107 has been the principal clarinetist of the Belgrade Philharmonic, and in the same year he founded the chamber ensemble Balkan Chamber Academy. With the famous German chamber ensemble <em>Villa Musica<\/em>, he has given a number of concerts in Germany and Spain and has recorded CDs with works by R. Strauss and A. Ponchielli.<\/p>\n<p style=\"margin: 0cm; margin-bottom: .0001pt;\">He has performed and made recordings of his original music, first with the band &#8220;Ognjen and Friends&#8221; (4 CDs), and then with the Ognjen Popovi\u0107 Band (1 CD). In 2010, the renowned publishing house Genuine from Leipzig, Germany, published his CD in collaboration with pianist Mirjana Raji\u0107. Famous composers Stanojlo Raji\u010di\u0107, Dejan Despi\u0107 and Ante Grgin dedicated some of their works to him.<\/p>\n<p style=\"margin: 0cm; margin-bottom: .0001pt;\">Popovi\u0107 is the artistic director of the Chamber Music Festival &#8220;Classic Fest&#8221; in Pan\u010devo. He has held master classes in Germany, Spain, Montenegro, Croatia, Slovenia, Macedonia and Serbia. Since 2015 he has held the international clarinet workshop \u201cDeliblatska pe\u0161\u010dara \u2013 \u010cardak\u201d. He was also engaged as a visiting assistant professor at the \u201cVilla Musica\u201d Chamber Music Academy in Mainz, Germany. Since 2010, he has been teaching clarinet at the Faculty of Music in Belgrade. In 2012, he received his Ph.D. from the Faculty of Music (FMU) in Belgrade. Since 2015 his compositions have been published by the German publishing house Edition Diewa Verlag, Munich.<\/p>\n","protected":false},"excerpt":{"rendered":"<p>Ognjen Popovi\u0107 was born in 1977 in Pan\u010devo, where he completed elementary and secondary music school. He continued his studies in Stuttgart. He graduated and received his master&#8217;s degree from the University of Music and Performing Arts Munich in the class of prof. Ulf Rodenh\u00e4user. Popovi\u0107 has given concerts all over the world as a [&hellip;]<\/p>\n","protected":false},"author":5,"featured_media":0,"parent":0,"menu_order":0,"comment_status":"closed","ping_status":"closed","template":"","meta":{"pmpro_default_level":"","ngg_post_thumbnail":0,"footnotes":""},"translation":{"provider":"WPGlobus","version":"3.0.0","language":"en","enabled_languages":["hr","en"],"languages":{"hr":{"title":true,"content":true,"excerpt":false},"en":{"title":false,"content":true,"excerpt":false}}},"_links":{"self":[{"href":"https:\/\/natjecanje.hr\/en\/wp-json\/wp\/v2\/pages\/6150"}],"collection":[{"href":"https:\/\/natjecanje.hr\/en\/wp-json\/wp\/v2\/pages"}],"about":[{"href":"https:\/\/natjecanje.hr\/en\/wp-json\/wp\/v2\/types\/page"}],"author":[{"embeddable":true,"href":"https:\/\/natjecanje.hr\/en\/wp-json\/wp\/v2\/users\/5"}],"replies":[{"embeddable":true,"href":"https:\/\/natjecanje.hr\/en\/wp-json\/wp\/v2\/comments?post=6150"}],"version-history":[{"count":4,"href":"https:\/\/natjecanje.hr\/en\/wp-json\/wp\/v2\/pages\/6150\/revisions"}],"predecessor-version":[{"id":7129,"href":"https:\/\/natjecanje.hr\/en\/wp-json\/wp\/v2\/pages\/6150\/revisions\/7129"}],"wp:attachment":[{"href":"https:\/\/natjecanje.hr\/en\/wp-json\/wp\/v2\/media?parent=6150"}],"curies":[{"name":"wp","href":"https:\/\/api.w.org\/{rel}","templated":true}]}}