{"id":5868,"date":"2022-04-28T18:12:16","date_gmt":"2022-04-28T16:12:16","guid":{"rendered":"https:\/\/natjecanje.hr\/?page_id=5868"},"modified":"2022-05-14T17:45:18","modified_gmt":"2022-05-14T15:45:18","slug":"akusticke-probe-2","status":"publish","type":"page","link":"https:\/\/natjecanje.hr\/en\/acoustic-rehersals-2\/","title":{"rendered":"ACOUSTIC REHEARSALS"},"content":{"rendered":"<p><strong>PONEDJELJAK, 9.5.2022. \/ MONDAY, MAY 9TH 2022<\/strong><\/p>\n<p><strong>KATEGORIJA C \/ CATEGORY C<\/strong><\/p>\n<p>8.05h \u2013 Lucija Ba\u010di\u0107<br \/>\n8.10h \u2013 Elizabeta Belkovi\u0107<br \/>\n8.15h \u2013 Karla \u010cesi<br \/>\n8.20h \u2013 Agata \u0106uk<br \/>\n8.25h \u2013 Marcel Dodlek<br \/>\n8.30h \u2013 Hana \u0110uki\u010d<br \/>\n8.35h \u2013 Hella Huzjak<br \/>\n8.40h \u2013 Mia Jurjevi\u0107<br \/>\n8.45h \u2013 Viktoria K\u00e1d\u00e1r<\/p>\n<p>10.30h \u2013 Petra Kordi\u0107<br \/>\n10.35h \u2013 Jayden Ordo\u00f1ez<br \/>\n10.40h \u2013 Ajda Julija Ozimic<br \/>\n10.45h \u2013 Alja Rigler<br \/>\n10.50h \u2013 Nik Rus<br \/>\n10.55h \u2013 Meiqi Song<\/p>\n<p>14.00h \u2013 Mara Spiz<br \/>\n14.05h \u2013 Valerija \u0160ari\u0107<br \/>\n14.10h \u2013 Dora \u0160ari\u0107<br \/>\n14.15h \u2013 Helena \u0160tengl<br \/>\n14.20h \u2013 Greta Teskera<br \/>\n14.25h \u2013 Ma\u0161a Tkal\u010devi\u0107<br \/>\n14.30h \u2013 Jakov Vu\u010dinovi\u0107<br \/>\n14.45h \u2013 Zeing Wu<br \/>\n14.35h \u2013 Kaja Zagoranski<br \/>\n14.40h \u2013 Kristina \u017dabot<\/p>\n<p>&nbsp;<\/p>\n<p><strong>UTORAK, 10.5.2022. \/ TUESDAY, MAY 10TH 2022<\/strong><\/p>\n<p><strong>KATEGORIJA F \/ CATEGORY F<\/strong><\/p>\n<p>8.30h &#8211; Matija Kranj\u010di\u0107<br \/>\n8.40h \u2013 Laura Miki\u0107<\/p>\n<p>13.30h \u2013 Nikolina \u0160olji\u0107<br \/>\n13.40h \u2013 Miha Vidrih<\/p>\n<p><strong>SRIJEDA, 11.5.2022. \/ WEDNESDAY, MAY 11TH 2022<\/strong><\/p>\n<p><strong>KATEGORIJA D \/ CATEGORY D<\/strong><\/p>\n<p>7.30h \u2013 Dorian Baban<br \/>\n7.40h \u2013 Eva Goreta<br \/>\n7.50h \u2013 Tomislav Jo\u0107<br \/>\n8.00h \u2013 Jana Nikolovska<br \/>\n8.10h \u2013 Glorija Pinturi\u0107<br \/>\n8.20h \u2013 Natali Ru\u017ei\u0107<br \/>\n8.30h \u2013 Veronika Vi\u0161nji\u0107<br \/>\n8.40h \u2013 Inja Vuji\u0107<\/p>\n<p><strong>KATEGORIJA A \/ CATEGORY A<\/strong><\/p>\n<p>13.05h \u2013 Nathan Di Gioa<br \/>\n13.10h \u2013 Valentina Kadar<br \/>\n13.15h \u2013 Vladyslav Kisil<br \/>\n13.20h \u2013 Leticia Kolak<br \/>\n13.25h \u2013 Keshav Krishnan<br \/>\n13.30h \u2013 Bruno Lackovi\u0107<br \/>\n13.35h \u2013 Goran Mates<br \/>\n13.40h \u2013 Julija Petan<br \/>\n13.45h \u2013 Shree Yazhini Raja Boopathi<br \/>\n14.45h \u2013 Jakov Serdar<br \/>\n14.50h \u2013 Anna Stepanchuk<br \/>\n14.55h \u2013 Anabela \u0160uni\u0107<br \/>\n15.00h \u2013 Gregori Vidas<br \/>\n15.05h \u2013 Mark Volasko<br \/>\n15.10h \u2013 Svit Hren<\/p>\n<p><strong>\u010cETVRTAK, 12.5.2022. \/ THURSDAY, MAY 12TH 2022<\/strong><\/p>\n<p><strong>KATEGORIJA E \/ CATEGORY E<\/strong><\/p>\n<p>8.10h \u2013 Mariela Baljak<br \/>\n8.20h \u2013 Nika Bjelovu\u010di\u0107<br \/>\n8.30h \u2013 Ana \u0106uri\u0107<\/p>\n<p>10.30h \u2013 Marko Gotovac<br \/>\n10.40h \u2013 Fran Leko<br \/>\n10.50h \u2013 Noa Lenki\u0107<br \/>\n11.00h \u2013 Dorja Lizatovi\u0107<br \/>\n11.10h \u2013 Greta Marku<\/p>\n<p>14.05h \u2013 Lara Maru\u0161i\u0107<br \/>\n14.15h \u2013 Gabriel Ma\u017euran<br \/>\n14.25h \u2013 Danica Momirov<br \/>\n14.35h \u2013 Matej Ferle\u017e<br \/>\n14.45h \u2013 David Simi\u0107<\/p>\n<p>16.15h \u2013 Maja \u0160okac<br \/>\n16.25h \u2013 Hana Ta\u0161kov<br \/>\n16.35h \u2013 Kristina Vartu\u0161ek<\/p>\n<p><strong>PETAK, 13.5.2022. \/ FRIDAY, MAY 13TH 2022<\/strong><\/p>\n<p><strong>KATEGORIJA B \/ CATEGORY B<\/strong><\/p>\n<p>8.05h \u2013 Andrija Bo\u0161kovi\u0107<br \/>\n8.10h \u2013 Oleksandr Fediurko<br \/>\n8.15h \u2013 Dora Ivi\u0107<br \/>\n8.20h \u2013 Anna Kisil<br \/>\n8.25h \u2013 Tonka Klari\u0107<br \/>\n8.30h \u2013 Ana Kordi\u0107<br \/>\n8.35h \u2013 Veronika Krajcar<br \/>\n8.40h \u2013 Katarina Kunjko<br \/>\n8.45h \u2013 Ga\u0161per Lom\u0161ek<\/p>\n<p>10.15h \u2013 Velimir Lovri\u0107<br \/>\n10.20h \u2013 Karlo Ljubojevi\u0107<br \/>\n10.25h \u2013 Klara Magjarevi\u0107<br \/>\n10.30h \u2013 Iskra Makarun<br \/>\n10.35h \u2013 Grigor Mandi\u0107<br \/>\n10.40h \u2013 Tonka Odvitovi\u0107<\/p>\n<p>12.00h \u2013 Jayden Ordonez<br \/>\n12.05h \u2013 Branimir Paponja<br \/>\n12.10h \u2013 Niko Pe\u0161ut<br \/>\n12.15h \u2013 Jakov Veki\u0107<br \/>\n12.20h \u2013 Klara Vidovi\u0107<br \/>\n12.25h \u2013 Ana Zamarin<\/p>\n<p><strong>GRAND PRIX, 1. ETAPA \/ GRAND PRIX, 1ST ROUND<\/strong><\/p>\n<p>16.00h \u2013 Sven Brajkovi\u0107<br \/>\n16.15h \u2013 Alvin \u0106u\u0107i\u0107<br \/>\n16.30h \u2013 Roman Fediurko<br \/>\n16.45h \u2013 Severin Filipovi\u0107<br \/>\n17.00h \u2013 Dora Grizelj<br \/>\n17.15h \u2013 Milo\u0161 Grn\u010daroski<br \/>\n17.30h \u2013 Linlin He<br \/>\n17.45h \u2013 Andrija Jovovi\u0107<br \/>\n18.00h \u2013 Tamar Kutsnashvili<br \/>\n18.15h \u2013 Hsin-Yu Kwan<br \/>\n18.30h \u2013 Marko Mataji\u010d<br \/>\n18.45h \u2013 Aryaman Natt<br \/>\n19.00h \u2013 Kinga Nowak<br \/>\n19.15h \u2013 Nace Slak<br \/>\n19.30h \u2013 Lana Suran<br \/>\n19.45h \u2013 Hanna Syrneva<br \/>\n20.00h \u2013 Jiapeng Wang<br \/>\n20.15h \u2013 Chong Wang<br \/>\n20.30h \u2013 Ondrej Zavadil<br \/>\n20.45h \u2013 Dean Erjavc<\/p>\n<p><strong>SUBOTA, 14.5.2022. \/ SATURDAY, MAY 14TH 2022<\/strong><\/p>\n<p><strong>GRAND PRIX, 1. ETAPA \/ GRAND PRIX, 1ST ROUND<\/strong><\/p>\n<p>7.30h \u2013 Sven Brajkovi\u0107<br \/>\n7.40h \u2013 Alvin \u0106u\u0107i\u0107<br \/>\n7.50h \u2013 Dean Erjavc<br \/>\n8.00h \u2013 Roman Fediurko<br \/>\n8.10h \u2013 Severin Filipovi\u0107<br \/>\n8.20h \u2013 Dora Grizelj<br \/>\n8.30h \u2013 Milo\u0161 Grn\u010daroski<br \/>\n8.40h \u2013 Linlin He<\/p>\n<p>10.30h \u2013 Andrija Jovovi\u0107<br \/>\n10.40h \u2013 Tamar Kutsnashvili<br \/>\n10.50h \u2013 Hsin-Yu Kwan<\/p>\n<p>13.20h \u2013 Marko Mataji\u010d<br \/>\n13.30h \u2013 Aryaman Natt<br \/>\n13.40h \u2013 Kinga Nowak<br \/>\n13.50h \u2013 Nace Slak<br \/>\n14.00h \u2013 Lana Suran<br \/>\n14.10h \u2013 Hanna Syrneva<\/p>\n<p>16.10h \u2013 Chong Wang<br \/>\n16.20h \u2013 Ondrej Zavadil<\/p>\n<p>&nbsp;<\/p>\n<p><strong>NEDJELJA, 15.5.2022. \/ SUNDAY, MAY 15TH 2022<\/strong><br \/>\n<strong>GRAND PRIX, 2. ETAPA \/ GRAND PRIX, 2ND ROUND<\/strong><br \/>\n8.30h \u2013 Sven Brajkovi\u0107<br \/>\n8.35h \u2013 Roman Fediurko<br \/>\n8.40h \u2013 Milo\u0161 Grn\u010daroski<br \/>\n8.45h \u2013 Linlin He<\/p>\n<p>11.00h \u2013 Andrija Jovovi\u0107<br \/>\n11.05h \u2013 Hsin-Yu Kwan<br \/>\n11.10h \u2013 Marko Mataji\u010d<br \/>\n11.15h \u2013 Nace Slak<\/p>\n","protected":false},"excerpt":{"rendered":"<p>PONEDJELJAK, 9.5.2022. \/ MONDAY, MAY 9TH 2022 KATEGORIJA C \/ CATEGORY C 8.05h \u2013 Lucija Ba\u010di\u0107 8.10h \u2013 Elizabeta Belkovi\u0107 8.15h \u2013 Karla \u010cesi 8.20h \u2013 Agata \u0106uk 8.25h \u2013 Marcel Dodlek 8.30h \u2013 Hana \u0110uki\u010d 8.35h \u2013 Hella Huzjak 8.40h \u2013 Mia Jurjevi\u0107 8.45h \u2013 Viktoria K\u00e1d\u00e1r 10.30h \u2013 Petra Kordi\u0107 10.35h \u2013 Jayden [&hellip;]<\/p>\n","protected":false},"author":2,"featured_media":0,"parent":0,"menu_order":0,"comment_status":"closed","ping_status":"closed","template":"","meta":{"pmpro_default_level":"","ngg_post_thumbnail":0,"footnotes":""},"translation":{"provider":"WPGlobus","version":"3.0.0","language":"en","enabled_languages":["hr","en"],"languages":{"hr":{"title":true,"content":true,"excerpt":false},"en":{"title":true,"content":true,"excerpt":false}}},"_links":{"self":[{"href":"https:\/\/natjecanje.hr\/en\/wp-json\/wp\/v2\/pages\/5868"}],"collection":[{"href":"https:\/\/natjecanje.hr\/en\/wp-json\/wp\/v2\/pages"}],"about":[{"href":"https:\/\/natjecanje.hr\/en\/wp-json\/wp\/v2\/types\/page"}],"author":[{"embeddable":true,"href":"https:\/\/natjecanje.hr\/en\/wp-json\/wp\/v2\/users\/2"}],"replies":[{"embeddable":true,"href":"https:\/\/natjecanje.hr\/en\/wp-json\/wp\/v2\/comments?post=5868"}],"version-history":[{"count":24,"href":"https:\/\/natjecanje.hr\/en\/wp-json\/wp\/v2\/pages\/5868\/revisions"}],"predecessor-version":[{"id":5952,"href":"https:\/\/natjecanje.hr\/en\/wp-json\/wp\/v2\/pages\/5868\/revisions\/5952"}],"wp:attachment":[{"href":"https:\/\/natjecanje.hr\/en\/wp-json\/wp\/v2\/media?parent=5868"}],"curies":[{"name":"wp","href":"https:\/\/api.w.org\/{rel}","templated":true}]}}