{"id":5847,"date":"2022-04-11T16:07:11","date_gmt":"2022-04-11T14:07:11","guid":{"rendered":"https:\/\/natjecanje.hr\/?page_id=5847"},"modified":"2022-05-14T17:43:23","modified_gmt":"2022-05-14T15:43:23","slug":"raspored-natjecanja","status":"publish","type":"page","link":"https:\/\/natjecanje.hr\/en\/competition-schedule\/","title":{"rendered":"COMPETITION SCHEDULE"},"content":{"rendered":"<p><strong>PONEDJELJAK, 9.5.2022. \/ MONDAY, MAY 9TH 2022<\/strong><br \/>\n<strong>KATEGORIJA C \/ CATEGORY C<\/strong><\/p>\n<p>1. DIO \/ 1ST PART: 9.00 \u2013 10.30<br \/>\nLucija Ba\u010di\u0107<br \/>\nElizabeta Belkovi\u0107<br \/>\nKarla \u010cesi<br \/>\nAgata \u0106uk<br \/>\nMarcel Dodlek<br \/>\nHana \u0110uki\u010d<br \/>\nHella Huzjak<br \/>\nMija Jurjevi\u0107<br \/>\nVikt\u00f3ria K\u00e1d\u00e1r<\/p>\n<p>2. DIO \/ 2ND PART: 11.15 \u2013 12.45<br \/>\nPetra Kordi\u0107<br \/>\nMatej Kri\u017eani\u0107<br \/>\nJayden Ordo\u00f1ez<br \/>\nAjda Julija Ozimic<br \/>\nMatej Ratkovi\u0107<br \/>\nDora Rebernik<br \/>\nAlja Rigler<br \/>\nNik Rus<br \/>\nMeiqi Song<\/p>\n<p>3. DIO \/ 3RD PART: 15.00 \u2013 16.45<br \/>\nMara Spiz<br \/>\nValerija \u0160ari\u0107<br \/>\nDora \u0160ari\u0107<br \/>\nHelena \u0160tengl<br \/>\nGreta Teskera<br \/>\nMa\u0161a Tkal\u010devi\u0107<br \/>\nJakov Vu\u010dinovi\u0107<br \/>\nZeing Wu<br \/>\nKaja Zagoranski<br \/>\nKristina \u017dabot<\/p>\n<p><strong>PROGLA\u0160ENJE REZULTATA \/ ANNOUNCEMENT OF THE RESULTS: 17.30h \/ 5.30PM<\/strong><\/p>\n<p>&nbsp;<\/p>\n<p><strong>UTORAK, 10.5.2022. \/ TUESDAY, MAY 10TH 2022<\/strong><br \/>\n<strong>KATEGORIJA F \/ CATEGORY F<\/strong><\/p>\n<p>1. DIO \/ 1ST PART: 9.00 \u2013 10.15<br \/>\nTena Benjak<br \/>\nStjepan Geri\u0107<br \/>\nMatija Kranj\u010di\u0107<\/p>\n<p>2. DIO \/ 2ND PART: 10.45 \u2013 12.00 (3)<br \/>\nLaura Miki\u0107<br \/>\nLuvija Petri\u010di\u0107<br \/>\nLara \u0160ac<\/p>\n<p>3. DIO \/ 3RD PART: 14.00 \u2013 15.15 (3)<br \/>\nNikolina \u0160olji\u0107<br \/>\nMiha Vidrih<br \/>\nEna Vincek<\/p>\n<p><strong>PROGLA\u0160ENJE REZULTATA \/ ANNOUNCEMENT OF THE RESULTS: 16h \/ 4PM<\/strong><\/p>\n<p><strong>PREDSTAVLJANJE CD-a KATARINE KRPAN \/ PRESENTATION OF THE CD \u2013 KATARINA KRPAN: 18h \/ 6PM<\/strong><\/p>\n<p>&nbsp;<\/p>\n<p><strong>SRIJEDA, 11.5.2022. \/ WEDNESDAY, MAY 11TH 2022<\/strong><br \/>\n<strong>KATEGORIJA D \/ CATEGORY D<\/strong><\/p>\n<p>9.00 \u2013 10.45<br \/>\nDorian Baban<br \/>\nEva Goreta<br \/>\nTomislav Jo\u0107<br \/>\nJana Nikolovska<br \/>\nGlorija Pinturi\u0107<br \/>\nNatali Ru\u017ei\u0107<br \/>\nVeronika Vi\u0161nji\u0107<\/p>\n<p><strong>PROGLA\u0160ENJE REZULTATA \/ ANNOUNCEMENT OF THE RESULTS: 12h \/ 12PM<\/strong><\/p>\n<p><strong>KATEGORIJA A \/ CATEGORY A<\/strong><\/p>\n<p>1. DIO \/ 1ST PART: 14.00 \u2013 14.45<br \/>\nNathan Di Gioa<br \/>\nFilip Jaklin<br \/>\nValentina K\u00e1d\u00e1r<br \/>\nVladyslav Kisil<br \/>\nLeticia Kolak<br \/>\nKeshav Krishnan<br \/>\nBruno Lackovi\u0107<br \/>\nJanko Lazar<br \/>\nGoran Mates<\/p>\n<p>2. DIO \/ 2ND PART: 15.15 \u2013 16.00<br \/>\nNoa Ostoji\u0107<br \/>\nJulija Petan<br \/>\nShree Yazhini Raja Boopathi<br \/>\nJakov Serdar<br \/>\nAnna Stepanchuk<br \/>\nAnabela \u0160uni\u0107<br \/>\nGregori Vidas<br \/>\nMark Volasko<br \/>\nSvit Hren<\/p>\n<p><strong>PROGLA\u0160ENJE REZULTATA \/ ANNOUNCEMENT OF THE RESULTS: 17h \/ 5PM<\/strong><\/p>\n<p>&nbsp;<\/p>\n<p><strong>\u010cETVRTAK, 12.5.2022. \/ THURSDAY, MAY 12TH 2022<\/strong><\/p>\n<p>KATEGORIJA E \/ CATEGORY E<br \/>\n1. DIO \/ 1ST PART: 9.00 \u2013 10.20<br \/>\nMariela Baljak<br \/>\nNika Bjelovu\u010di\u0107<br \/>\nLucija \u010cehok<br \/>\nAna \u0106uri\u0107<\/p>\n<p>2. DIO \/ 2ND PART: 11.30 \u2013 13.00<br \/>\nMarko Gotovac<br \/>\nFran Leko<br \/>\nNoa Lenki\u0107<br \/>\nDorja Lizatovi\u0107<br \/>\nGreta Marku<\/p>\n<p>3. DIO \/ 3RD PART: 15.00 \u2013 16.15<br \/>\nLara Maru\u0161i\u0107<br \/>\nGabriel Ma\u017euran<br \/>\nDanica Momirov<br \/>\nPetar Poljak<\/p>\n<p>4. DIO \/ 4TH PART: 16.45 \u2013 18.30<br \/>\nMatej Ferle\u017e<br \/>\nDavid Simi\u0107<br \/>\nMaja \u0160okac<br \/>\nHana Ta\u0161kov<br \/>\nKristina Vartu\u0161ek<\/p>\n<p><strong>PROGLA\u0160ENJE REZULTATA \/ ANNOUNCEMENT OF THE RESULTS: 19.30h \/ 7.30PM<\/strong><\/p>\n<p>&nbsp;<\/p>\n<p><strong>PETAK, 13.5.2022. \/ FRIDAY, MAY 13TH 2022<\/strong><\/p>\n<p>KATEGORIJA B \/ CATEGORY B<br \/>\n1. DIO \/ 1ST PART: 9.00 \u2013 10.15<br \/>\nAndrija Bo\u0161kovi\u0107<br \/>\nOleksandr Fediurko<br \/>\nDora Ivi\u0107<br \/>\nAnna Kisil<br \/>\nTonka Klari\u0107<br \/>\nAna Kordi\u0107<br \/>\nVeronika Krajcar<br \/>\nKatarina Kunjko<br \/>\nGa\u0161per Lom\u0161ek<\/p>\n<p>2. DIO \/ 2ND PART: 10.45 \u2013 12.00<br \/>\nVelimir Lovri\u0107<br \/>\nKarlo Ljubojevi\u0107<br \/>\nMarko Ljubovi\u0107<br \/>\nMarko Ma\u010dek<br \/>\nKlara Magjarevi\u0107<br \/>\nKiara Majdak<br \/>\nIskra Makarun<br \/>\nGrigor Mandi\u0107<br \/>\nEdvin Nedeljko<\/p>\n<p>3. DIO \/ 3RD PART: 12.30 \u2013 13.30<br \/>\nTonka Odvitovi\u0107<br \/>\nJayden Ordo\u00f1ez<br \/>\nBranimir Paponja<br \/>\nNiko Pe\u0161ut<br \/>\nNika \u0160incek<br \/>\nJakov Veki\u0107<br \/>\nKlara Vidovi\u0107<br \/>\nAna Zamarin<\/p>\n<p><strong>PROGLA\u0160ENJE REZULTATA \/ ANNOUNCEMENT OF THE RESULTS: 15h \/ 3PM<\/strong><\/p>\n<p>&nbsp;<\/p>\n<p><strong>SUBOTA, 14.5.2022. \/ SATURDAY, MAY 14TH 2022<\/strong><br \/>\n<strong>GRAND PRIX, 1. ETAPA \/ GRAND PRIX, 1ST ROUND<\/strong><\/p>\n<p>1. DIO \/ 1ST PART: 9.00 \u2013 10.30<br \/>\nSven Brajkovi\u0107<br \/>\nAlvin \u0106u\u0107i\u0107<br \/>\nErjavc Dean<br \/>\nRoman Fediurko<br \/>\nSeverin Filipovi\u0107<br \/>\nDora Grizelj<\/p>\n<p>2. DIO \/ 2ND PART: 11.00 \u2013 12.15<br \/>\nMilo\u0161 Grn\u010daroski<br \/>\nLinlin He<br \/>\nAndrija Jovovi\u0107<br \/>\nTamar Kutsnashvili<br \/>\nHsin-Yu Kwan<\/p>\n<p>3. DIO \/ 3RD PART: 14.30 \u2013 16.00<br \/>\nMarko Mataji\u010d<br \/>\nAryaman Natt<br \/>\nKinga Nowak<br \/>\nNace Slak<br \/>\nLana Suran<br \/>\nHanna Syrneva<\/p>\n<p>4. DIO \/ 4TH PART: 16.30 \u2013 17.15<br \/>\nJiapeng Wang<br \/>\nChong Wang<br \/>\nOnd\u0159ej Zavadil<\/p>\n<p><strong>PROGLA\u0160ENJE REZULTATA \/ ANNOUNCEMENT OF THE RESULTS: 18h \/ 6PM<\/strong><\/p>\n<p>&nbsp;<\/p>\n<p><strong>NEDJELJA, 15.5.2022. \/ SUNDAY, MAY 15TH 2022<\/strong><br \/>\n<strong>GRAND PRIX, 2. ETAPA \/ GRAND PRIX, 2ND ROUND<\/strong><\/p>\n<p>1. DIO \/ 1ST PART: 9.00 \u2013 11.00<br \/>\nSven Brajkovi\u0107<br \/>\nRoman Fediurko<br \/>\nMilo\u0161 Grn\u010daroski<br \/>\nLinlin He<\/p>\n<p>2. DIO \/ 2ND PART: 11.30 \u2013 13.30<br \/>\nAndrija Jovovi\u0107<br \/>\nHsin-Yu Kwan<br \/>\nMarko Mataji\u010d<br \/>\nNace Slak<\/p>\n<p><strong>ZAVR\u0160NI KONCERT I DODJELA NAGRADA \/ FINAL CONCERT AND SPECIAL AWARD CEREMONY : 18h \/ 6PM<\/strong><\/p>\n","protected":false},"excerpt":{"rendered":"<p>PONEDJELJAK, 9.5.2022. \/ MONDAY, MAY 9TH 2022 KATEGORIJA C \/ CATEGORY C 1. DIO \/ 1ST PART: 9.00 \u2013 10.30 Lucija Ba\u010di\u0107 Elizabeta Belkovi\u0107 Karla \u010cesi Agata \u0106uk Marcel Dodlek Hana \u0110uki\u010d Hella Huzjak Mija Jurjevi\u0107 Vikt\u00f3ria K\u00e1d\u00e1r 2. DIO \/ 2ND PART: 11.15 \u2013 12.45 Petra Kordi\u0107 Matej Kri\u017eani\u0107 Jayden Ordo\u00f1ez Ajda Julija Ozimic [&hellip;]<\/p>\n","protected":false},"author":2,"featured_media":0,"parent":0,"menu_order":0,"comment_status":"closed","ping_status":"closed","template":"","meta":{"pmpro_default_level":"","ngg_post_thumbnail":0,"footnotes":""},"translation":{"provider":"WPGlobus","version":"3.0.0","language":"en","enabled_languages":["hr","en"],"languages":{"hr":{"title":true,"content":true,"excerpt":false},"en":{"title":true,"content":true,"excerpt":false}}},"_links":{"self":[{"href":"https:\/\/natjecanje.hr\/en\/wp-json\/wp\/v2\/pages\/5847"}],"collection":[{"href":"https:\/\/natjecanje.hr\/en\/wp-json\/wp\/v2\/pages"}],"about":[{"href":"https:\/\/natjecanje.hr\/en\/wp-json\/wp\/v2\/types\/page"}],"author":[{"embeddable":true,"href":"https:\/\/natjecanje.hr\/en\/wp-json\/wp\/v2\/users\/2"}],"replies":[{"embeddable":true,"href":"https:\/\/natjecanje.hr\/en\/wp-json\/wp\/v2\/comments?post=5847"}],"version-history":[{"count":30,"href":"https:\/\/natjecanje.hr\/en\/wp-json\/wp\/v2\/pages\/5847\/revisions"}],"predecessor-version":[{"id":5950,"href":"https:\/\/natjecanje.hr\/en\/wp-json\/wp\/v2\/pages\/5847\/revisions\/5950"}],"wp:attachment":[{"href":"https:\/\/natjecanje.hr\/en\/wp-json\/wp\/v2\/media?parent=5847"}],"curies":[{"name":"wp","href":"https:\/\/api.w.org\/{rel}","templated":true}]}}