{"id":5795,"date":"2022-02-13T21:15:48","date_gmt":"2022-02-13T20:15:48","guid":{"rendered":"https:\/\/natjecanje.hr\/?page_id=5795"},"modified":"2022-02-21T13:34:00","modified_gmt":"2022-02-21T12:34:00","slug":"zavrsena-prijava","status":"publish","type":"page","link":"https:\/\/natjecanje.hr\/en\/zavrsena-prijava\/","title":{"rendered":"Zavr\u0161ena prijava"},"content":{"rendered":"<p style=\"text-align: center;\">Po\u0161tovani,<br \/>\nhvala Vam na prijavi na natjecanje &#8220;Me\u0111unarodno natjecanje pijanista Memorijal Jurica Murai i Murai Grand Prix&#8221;.<br \/>\nKako biste dovr\u0161ili prijavu, molimo Vas da po\u0161aljete:<br \/>\n&#8211; potvrdu o uplati kotizacije<br \/>\n&#8211; kopiju osobne iskaznice<br \/>\ne-mailom na adresu: <a href=\"mailto:memorijal.jurica.murai@gmail.com\">memorijal.jurica.murai<span class=\"\">@gmail.co<\/span>m<\/a><br \/>\nZa vi\u0161e informacija, posjetite: <a href=\"http:\/\/www.natjecanje.hr\">www.natjecanje.hr<\/a><br \/>\n________________________________________<\/p>\n<p style=\"text-align: center;\">Dear competitor,<br \/>\nthank you for your application for &#8220;International Piano Competition Tribute to Jurica Murai and Murai Grand Prix&#8221;.<br \/>\nTo confirm your application, please send us:<br \/>\n&#8211; confirmation of payment of the registration fee<br \/>\n&#8211; copy of the identity card<br \/>\nby e-mail on: <a href=\"mailto:memorijal.jurica.murai@gmail.com\">memorijal.jurica.murai@gmail.com<\/a><br \/>\nFor more information, visit: <a href=\"http:\/\/www.natjecanje.hr\">www.natjecanje.hr<\/a><\/p>\n<p>&nbsp;<\/p>\n","protected":false},"excerpt":{"rendered":"<p>Po\u0161tovani, hvala Vam na prijavi na natjecanje &#8220;Me\u0111unarodno natjecanje pijanista Memorijal Jurica Murai i Murai Grand Prix&#8221;. Kako biste dovr\u0161ili prijavu, molimo Vas da po\u0161aljete: &#8211; potvrdu o uplati kotizacije &#8211; kopiju osobne iskaznice e-mailom na adresu: memorijal.jurica.murai@gmail.com Za vi\u0161e informacija, posjetite: www.natjecanje.hr ________________________________________ Dear competitor, thank you for your application for &#8220;International Piano Competition [&hellip;]<\/p>\n","protected":false},"author":1,"featured_media":0,"parent":0,"menu_order":0,"comment_status":"closed","ping_status":"closed","template":"","meta":{"pmpro_default_level":"","ngg_post_thumbnail":0,"footnotes":""},"translation":{"provider":"WPGlobus","version":"3.0.0","language":"en","enabled_languages":["hr","en"],"languages":{"hr":{"title":true,"content":true,"excerpt":false},"en":{"title":false,"content":false,"excerpt":false}}},"_links":{"self":[{"href":"https:\/\/natjecanje.hr\/en\/wp-json\/wp\/v2\/pages\/5795"}],"collection":[{"href":"https:\/\/natjecanje.hr\/en\/wp-json\/wp\/v2\/pages"}],"about":[{"href":"https:\/\/natjecanje.hr\/en\/wp-json\/wp\/v2\/types\/page"}],"author":[{"embeddable":true,"href":"https:\/\/natjecanje.hr\/en\/wp-json\/wp\/v2\/users\/1"}],"replies":[{"embeddable":true,"href":"https:\/\/natjecanje.hr\/en\/wp-json\/wp\/v2\/comments?post=5795"}],"version-history":[{"count":11,"href":"https:\/\/natjecanje.hr\/en\/wp-json\/wp\/v2\/pages\/5795\/revisions"}],"predecessor-version":[{"id":5817,"href":"https:\/\/natjecanje.hr\/en\/wp-json\/wp\/v2\/pages\/5795\/revisions\/5817"}],"wp:attachment":[{"href":"https:\/\/natjecanje.hr\/en\/wp-json\/wp\/v2\/media?parent=5795"}],"curies":[{"name":"wp","href":"https:\/\/api.w.org\/{rel}","templated":true}]}}