{"id":5517,"date":"2021-11-22T19:50:11","date_gmt":"2021-11-22T18:50:11","guid":{"rendered":"https:\/\/natjecanje.hr\/?page_id=5517"},"modified":"2025-03-16T18:06:15","modified_gmt":"2025-03-16T17:06:15","slug":"sluzbeni-korepetitori","status":"publish","type":"page","link":"https:\/\/natjecanje.hr\/en\/sluzbeni-korepetitori\/","title":{"rendered":"OFFICIAL PIANO ACCOMPANISTS"},"content":{"rendered":"<p><img loading=\"lazy\" decoding=\"async\" class=\"alignnone wp-image-7358 size-medium\" src=\"https:\/\/natjecanje.hr\/wp-content\/uploads\/2025\/01\/LindaCembalo_16-246x300.jpeg\" alt=\"\" width=\"246\" height=\"300\" srcset=\"https:\/\/natjecanje.hr\/wp-content\/uploads\/2025\/01\/LindaCembalo_16-246x300.jpeg 246w, https:\/\/natjecanje.hr\/wp-content\/uploads\/2025\/01\/LindaCembalo_16-840x1024.jpeg 840w, https:\/\/natjecanje.hr\/wp-content\/uploads\/2025\/01\/LindaCembalo_16-768x936.jpeg 768w, https:\/\/natjecanje.hr\/wp-content\/uploads\/2025\/01\/LindaCembalo_16-1260x1536.jpeg 1260w, https:\/\/natjecanje.hr\/wp-content\/uploads\/2025\/01\/LindaCembalo_16-1680x2048.jpeg 1680w, https:\/\/natjecanje.hr\/wp-content\/uploads\/2025\/01\/LindaCembalo_16.jpeg 1916w\" sizes=\"(max-width: 246px) 100vw, 246px\" \/><\/p>\n<p>Pianist and harpsichordist <strong>Linda Mravunac Fabijani\u0107<\/strong> works as a soloist and chamber musician. Her repertoire includes compositions from the High Renaissance and Baroque periods to recent literature. She has premiered works by many contemporary Croatian composers (D. Bobi\u0107, P. Obradovi\u0107, F. Horvat, D. Palanovi\u0107, F. \u0110urovi\u0107, G. Tudor, M. Ivi\u010devi\u0107). As a soloist, she has performed with the Croatian Radio and Television Choir, Zagreb Soloists, Croatian Radio and Television Symphony Orchestra, Papandopulo Quartet, Croatian Baroque Ensemble, Vara\u017edin Chamber Orchestra, etc. and she also collaborates with other soloists, ensembles and orchestras. She regularly performs in the Ars longa ensemble and in a duo with Nikola Fabijani\u0107, with whom she has recorded two albums: Portraits (A Classic, 2006) and Playtime (Croatia Records, 2013). She holds seminars and lectures on the interpretation of baroque music and on accompaniment and piano artistic collaboration, is an official artistic associate pianist at the Maru\u0161evec Summer Music Camp, the Jaska Saxophone School and the Sinj Summer Music School, as well as the Papandopulo and Woodwind &amp; Brass competitions in Vara\u017edin. She is the head of the Working Group of Artistic Associates of Pianists and Accompanists at the Art Society of Contemporary Artists and the artistic director of the Jaska Art Festival. Having expanded her artistic activities to include scientific work, she publishes scientific papers and exhibits at international scientific conferences. Since 2001, she has been employed at the Academy of Music in Zagreb as an artistic advisor.<\/p>\n<p><strong><a href=\"https:\/\/natjecanje.hr\/wp-content\/uploads\/2025\/03\/Raspored-proba-sa-sluzbenim-korepetitorom-Linda-Mravunac-Fabijanic-2.pdf\">OFFICIAL PIANO ACCOMPANIST REHEARSAL SCHEDULE &#8211; LINDA MRAVUNAC FABIJANI\u0106<\/a><\/strong><\/p>\n<p><img loading=\"lazy\" decoding=\"async\" class=\"alignnone size-medium wp-image-6243\" src=\"https:\/\/natjecanje.hr\/wp-content\/uploads\/2023\/01\/Ivan-Batos-300x200.jpg\" alt=\"\" width=\"300\" height=\"200\" srcset=\"https:\/\/natjecanje.hr\/wp-content\/uploads\/2023\/01\/Ivan-Batos-300x200.jpg 300w, https:\/\/natjecanje.hr\/wp-content\/uploads\/2023\/01\/Ivan-Batos-1024x682.jpg 1024w, https:\/\/natjecanje.hr\/wp-content\/uploads\/2023\/01\/Ivan-Batos-768x511.jpg 768w, https:\/\/natjecanje.hr\/wp-content\/uploads\/2023\/01\/Ivan-Batos-1536x1022.jpg 1536w, https:\/\/natjecanje.hr\/wp-content\/uploads\/2023\/01\/Ivan-Batos-270x180.jpg 270w, https:\/\/natjecanje.hr\/wp-content\/uploads\/2023\/01\/Ivan-Batos.jpg 2048w\" sizes=\"(max-width: 300px) 100vw, 300px\" \/><\/p>\n<p style=\"margin: 0cm; margin-bottom: .0001pt;\"><strong>Ivan Bato\u0161<\/strong> was born in Split in 1979. His first piano teacher was the nun Pavla Negovec at the Dominican Monastery in his hometown. He completed primary and secondary music school in Split under Ivana Oreb, and graduated from the Music Academy in Zagreb in 2002 (\u0110uro Tikvica). He got his master&#8217;s degree in 2009 (Lovro Pogoreli\u0107).<\/p>\n<p style=\"margin: 0cm; margin-bottom: .0001pt;\">He attended seminars of world-famous pianists and educators: Anatolij Katz, Viktor Mer\u017eanov (Dubrovnik 1998), David Lively (Baden bei Wien 2001), Arbo Valdma (Cologne 2002), and at the Warsaw Piano Workshop in 2003.<\/p>\n<p style=\"margin: 0cm; margin-bottom: .0001pt;\">He is the founder of the GIG Chamber Trio. He has been regularly performing with the GIG Trio throughout Croatia since 2006. He has made appearances at the leading festivals in Croatia (MBZ, Split Summer, Osor, VG Brass Festival, Tribina HDS Opatija) as a soloist and in ensembles with local and foreign instrumentalists. At the Zagreb <em>Teatar &amp;td<\/em>, he made an appearnce as a pianist and ensemble leader performaning the chamber ballet Plumber by G. Tudor and N. Manojlovi\u0107. In 2017, he was a guest lecturer in Arn Bornkamp&#8217;s class at the Amsterdam Conservatory as a scholarship holder of the ERASMUS+ Programme. He has won a number of awards for his artistic activity. He has been an artistic associate of the Music Academy in Zagreb for many years. Since January 2022, he has been an assistant professor at the Department of Music and Media of the &nbsp;University North in Vara\u017edin.<\/p>\n<p><strong><a href=\"https:\/\/natjecanje.hr\/wp-content\/uploads\/2025\/03\/RASPORED-PROBA-SA-SLUZBENIM-KOREPETITOROM.pdf\">OFFICIAL PIANO ACCOMPANIST REHEARSAL SCHEDULE &#8211; IVAN BATO\u0160<\/a><\/strong><\/p>\n<p>Contact: sluzbeni.korepetitor@gmail.com<\/p>\n<p>&nbsp;<\/p>\n<p>&nbsp;<\/p>\n","protected":false},"excerpt":{"rendered":"<p>Pianist and harpsichordist Linda Mravunac Fabijani\u0107 works as a soloist and chamber musician. Her repertoire includes compositions from the High Renaissance and Baroque periods to recent literature. She has premiered works by many contemporary Croatian composers (D. Bobi\u0107, P. Obradovi\u0107, F. Horvat, D. Palanovi\u0107, F. \u0110urovi\u0107, G. Tudor, M. Ivi\u010devi\u0107). As a soloist, she has [&hellip;]<\/p>\n","protected":false},"author":2,"featured_media":0,"parent":0,"menu_order":0,"comment_status":"closed","ping_status":"closed","template":"","meta":{"pmpro_default_level":"","ngg_post_thumbnail":0,"footnotes":""},"translation":{"provider":"WPGlobus","version":"3.0.0","language":"en","enabled_languages":["hr","en"],"languages":{"hr":{"title":true,"content":true,"excerpt":false},"en":{"title":true,"content":true,"excerpt":false}}},"_links":{"self":[{"href":"https:\/\/natjecanje.hr\/en\/wp-json\/wp\/v2\/pages\/5517"}],"collection":[{"href":"https:\/\/natjecanje.hr\/en\/wp-json\/wp\/v2\/pages"}],"about":[{"href":"https:\/\/natjecanje.hr\/en\/wp-json\/wp\/v2\/types\/page"}],"author":[{"embeddable":true,"href":"https:\/\/natjecanje.hr\/en\/wp-json\/wp\/v2\/users\/2"}],"replies":[{"embeddable":true,"href":"https:\/\/natjecanje.hr\/en\/wp-json\/wp\/v2\/comments?post=5517"}],"version-history":[{"count":32,"href":"https:\/\/natjecanje.hr\/en\/wp-json\/wp\/v2\/pages\/5517\/revisions"}],"predecessor-version":[{"id":7612,"href":"https:\/\/natjecanje.hr\/en\/wp-json\/wp\/v2\/pages\/5517\/revisions\/7612"}],"wp:attachment":[{"href":"https:\/\/natjecanje.hr\/en\/wp-json\/wp\/v2\/media?parent=5517"}],"curies":[{"name":"wp","href":"https:\/\/api.w.org\/{rel}","templated":true}]}}