{"id":5189,"date":"2021-10-06T16:10:03","date_gmt":"2021-10-06T14:10:03","guid":{"rendered":"https:\/\/natjecanje.hr\/?page_id=5189"},"modified":"2021-10-18T14:49:56","modified_gmt":"2021-10-18T12:49:56","slug":"roman-widaszek","status":"publish","type":"page","link":"https:\/\/natjecanje.hr\/en\/roman-widaszek\/","title":{"rendered":"ROMAN WIDASZEK"},"content":{"rendered":"<p><img loading=\"lazy\" decoding=\"async\" class=\"alignnone size-medium wp-image-5232\" src=\"https:\/\/natjecanje.hr\/wp-content\/uploads\/2021\/10\/received_460559208666162-212x300.jpeg\" alt=\"\" width=\"212\" height=\"300\" srcset=\"https:\/\/natjecanje.hr\/wp-content\/uploads\/2021\/10\/received_460559208666162-212x300.jpeg 212w, https:\/\/natjecanje.hr\/wp-content\/uploads\/2021\/10\/received_460559208666162-725x1024.jpeg 725w, https:\/\/natjecanje.hr\/wp-content\/uploads\/2021\/10\/received_460559208666162-768x1085.jpeg 768w, https:\/\/natjecanje.hr\/wp-content\/uploads\/2021\/10\/received_460559208666162-1087x1536.jpeg 1087w, https:\/\/natjecanje.hr\/wp-content\/uploads\/2021\/10\/received_460559208666162.jpeg 1321w\" sizes=\"(max-width: 212px) 100vw, 212px\" \/><\/p>\n<p>Roman Widaszek \u2013 clarinetist, graduated with a distinction from the Music Academy in Katowice \u2013 the class of professor Kierski. He mastered his skills at many impresario courses conducted by professor Guy Deplus and prof. Michael Arrignon.<br \/>\nHe is the laureate of II award at I Polish Clarinet Festival in Piotrkow Trybunalski (1995), and also a laureate of III award at Polish Composition Contest in Bielsko-Bia\u0142a (1990). He is a scholar of the Minister of Art and Culture. He was also awarded with a Brown Cross for his merits in popularising the music culture. Because of his active artistic activity, his output includes many solo and chamber concerts, while performing with such artists and bands like e.g. Sharon Kam, Antonio Saiote, Dimitri Ashkenazy, Kwartet \u015al\u0105ski, (Silesian Quartet), Hilliard Ensemble.<br \/>\nHe performed as a soloist with the majority of Polish orchestras like: National Symphonic Orchestra of Polish Radio in Katowice, Silesian Philharmonic Orchestra, Cracow Philharmonic Orchestra, Wroclaw and Poznan Philharmonic Orchestras as well as Sinfonietta Cracovia, AUKSO, Orchestra of Polish Radio &#8211; AMADEUS, Orchestra of Beethoven Academy where he performed inter alia, compositions by C.Stamitz, W.A. Mozart, C.M. Weber, K. Kurpi\u0144ski, A. Ponchielli , F. Mendelssohn F. Krommer, M. Bruch, H. Tomasi, W. Lutos\u0142awski, M. G\u00f3recki i A. Shaw.<br \/>\nHe also performs as a soloist and a chamber musician at many concerts and festivals in Poland and abroad. e.g. in Austria, Belgium, Czech Republic, Germany, Italy, France, Portugal, Gran Canaria, Finland, South Korea, Japan, China.<br \/>\nHe has made over twenty recordings (EMI, DUX, CD ACCORD), for which he was nine times nominated to the prestigious Fryderyk Award. He cooperates with famous Polish composers (e.g. Hanna Kulenty, Zbigniew Bargielski, Miko\u0142aj G\u00f3recki, Marcel Chyrzy\u0144ski, Krzysztof Herdzin), and as a result he made a lot of preview performances of solo and chamber compositions which were dedicated to him. As one of very few clarinetists he also plays a very rare instrument i.e. bassethorn ( alto kind of clarinet). This is the instrument he used to play when performing together with Sharon Kam at the International Festival called \u201dMusic in Old Cracow\u201d in 2004 performing Konzertst\u00fccke op. 113 and 114 F of Mendelssohn for clarinet, bassethorn and orchestra. He is also a lecturer of national and foreign courses (including Royal Conservatory in Brussels and Music Conservatory in Porto), and a juror of national and international clarinet contests In 1997 \u2013 2011 he was the first clarinetist of Capella Cracoviensis. He is a member of Cracow Reed Trio, Cracow Wind Quintet, Polish Bassethorn Ensemble and a Professor of Music Academy in Katowice (nominated in 2018 ). Roman Widaszek is artist of Buffet Crampon,<br \/>\nD&#8217;Addario and Silverstein Works.<\/p>\n","protected":false},"excerpt":{"rendered":"<p>Roman Widaszek \u2013 clarinetist, graduated with a distinction from the Music Academy in Katowice \u2013 the class of professor Kierski. He mastered his skills at many impresario courses conducted by professor Guy Deplus and prof. Michael Arrignon. He is the laureate of II award at I Polish Clarinet Festival in Piotrkow Trybunalski (1995), and also [&hellip;]<\/p>\n","protected":false},"author":2,"featured_media":0,"parent":0,"menu_order":0,"comment_status":"closed","ping_status":"closed","template":"","meta":{"pmpro_default_level":"","ngg_post_thumbnail":0,"footnotes":""},"translation":{"provider":"WPGlobus","version":"3.0.0","language":"en","enabled_languages":["hr","en"],"languages":{"hr":{"title":true,"content":true,"excerpt":false},"en":{"title":true,"content":true,"excerpt":false}}},"_links":{"self":[{"href":"https:\/\/natjecanje.hr\/en\/wp-json\/wp\/v2\/pages\/5189"}],"collection":[{"href":"https:\/\/natjecanje.hr\/en\/wp-json\/wp\/v2\/pages"}],"about":[{"href":"https:\/\/natjecanje.hr\/en\/wp-json\/wp\/v2\/types\/page"}],"author":[{"embeddable":true,"href":"https:\/\/natjecanje.hr\/en\/wp-json\/wp\/v2\/users\/2"}],"replies":[{"embeddable":true,"href":"https:\/\/natjecanje.hr\/en\/wp-json\/wp\/v2\/comments?post=5189"}],"version-history":[{"count":5,"href":"https:\/\/natjecanje.hr\/en\/wp-json\/wp\/v2\/pages\/5189\/revisions"}],"predecessor-version":[{"id":5234,"href":"https:\/\/natjecanje.hr\/en\/wp-json\/wp\/v2\/pages\/5189\/revisions\/5234"}],"wp:attachment":[{"href":"https:\/\/natjecanje.hr\/en\/wp-json\/wp\/v2\/media?parent=5189"}],"curies":[{"name":"wp","href":"https:\/\/api.w.org\/{rel}","templated":true}]}}