{"id":5066,"date":"2021-07-27T12:09:20","date_gmt":"2021-07-27T10:09:20","guid":{"rendered":"https:\/\/natjecanje.hr\/?page_id=5066"},"modified":"2021-08-16T19:40:56","modified_gmt":"2021-08-16T17:40:56","slug":"bostjan-lipovsek","status":"publish","type":"page","link":"https:\/\/natjecanje.hr\/en\/bostjan-lipovsek\/","title":{"rendered":"Bo\u0161tjan Lipov\u0161ek"},"content":{"rendered":"<p><img loading=\"lazy\" decoding=\"async\" class=\"alignnone size-medium wp-image-5067\" src=\"https:\/\/natjecanje.hr\/wp-content\/uploads\/2021\/07\/Lipovsek-Bostjan-300x203.jpg\" alt=\"\" width=\"300\" height=\"203\" srcset=\"https:\/\/natjecanje.hr\/wp-content\/uploads\/2021\/07\/Lipovsek-Bostjan-300x203.jpg 300w, https:\/\/natjecanje.hr\/wp-content\/uploads\/2021\/07\/Lipovsek-Bostjan.jpg 484w\" sizes=\"(max-width: 300px) 100vw, 300px\" \/><\/p>\n<p>Horn player Bo\u0161tjan Lipov\u0161ek received his first music lessons from his brother and father, both horn players. He continued his education first at the Secondary School of Music and Ballet and then at the Ljubljana Academy of Music with prof. Jo\u017ee Falout. He also graduated from it and completed his postgraduate studies. He studied with Radovan Vlatkovi\u0107 at the Salzburg Mozarteum. While studying in Ljubljana, he received the Pre\u0161eren Student Award for performing Strauss&#8217;s 1st Concerto for Horn and Orchestra with the RTV Slovenia Symphony Orchestra. He immediately took the position of solo horn player in this orchestra. As a soloist, he regularly performs mainly with the orchestra of the Slovenian Radio and Television, as well as with foreign orchestras. Thus, as a soloist, he collaborated with conductors such as Anton Nanut, Uro\u0161 Lajovic, Marko Letonja, En Shao, David de Villiers, S. Pelegrino Amato, Gary Brain, Amy Anderson, Yakov Kreizberg, Sian Edwards. As an orchestral soloist, he has toured with the National Opera Orchestra of La Monnaie in Brussels, the Berlin Symphony Orchestra, the Mahler Chamber Orchestra, the Israel Philharmonic, and most recently with the Budapest Festival Orchestra. In 2001, he won the Citta di Porcia international competition. Since 1999 he has been an assistant professor, and since 2004 he has been lecturing as an assistant professor at the Academy of Music in Ljubljana. In 2005, he responded to an invitation from Zagreb and, as an assistant professor, also lectures at the Academy of Music there. In 2008, he received the Pre\u0161eren Fund Award for his artistic achievements in the field of music.<br \/>\nSo far, five CDs have been released by ZKP RTV Slovenije; three solo and two in chamber ensembles (Slovenian Brass Quintet and Ariart Wind Quintet), and the Salzburg Rarity CD was released by Juvavum Brass with the German publishing house Profil. He has recorded concerts by R. Strauss and WA Mozart, R. Glier, J. Power with the RTV Slovenia Symphony Orchestra, of which he has been a member for over ten years.<\/p>\n","protected":false},"excerpt":{"rendered":"<p>Horn player Bo\u0161tjan Lipov\u0161ek received his first music lessons from his brother and father, both horn players. He continued his education first at the Secondary School of Music and Ballet and then at the Ljubljana Academy of Music with prof. Jo\u017ee Falout. He also graduated from it and completed his postgraduate studies. He studied with [&hellip;]<\/p>\n","protected":false},"author":2,"featured_media":0,"parent":0,"menu_order":0,"comment_status":"closed","ping_status":"closed","template":"","meta":{"pmpro_default_level":"","ngg_post_thumbnail":0,"footnotes":""},"translation":{"provider":"WPGlobus","version":"3.0.0","language":"en","enabled_languages":["hr","en"],"languages":{"hr":{"title":true,"content":true,"excerpt":false},"en":{"title":true,"content":true,"excerpt":false}}},"_links":{"self":[{"href":"https:\/\/natjecanje.hr\/en\/wp-json\/wp\/v2\/pages\/5066"}],"collection":[{"href":"https:\/\/natjecanje.hr\/en\/wp-json\/wp\/v2\/pages"}],"about":[{"href":"https:\/\/natjecanje.hr\/en\/wp-json\/wp\/v2\/types\/page"}],"author":[{"embeddable":true,"href":"https:\/\/natjecanje.hr\/en\/wp-json\/wp\/v2\/users\/2"}],"replies":[{"embeddable":true,"href":"https:\/\/natjecanje.hr\/en\/wp-json\/wp\/v2\/comments?post=5066"}],"version-history":[{"count":2,"href":"https:\/\/natjecanje.hr\/en\/wp-json\/wp\/v2\/pages\/5066\/revisions"}],"predecessor-version":[{"id":5070,"href":"https:\/\/natjecanje.hr\/en\/wp-json\/wp\/v2\/pages\/5066\/revisions\/5070"}],"wp:attachment":[{"href":"https:\/\/natjecanje.hr\/en\/wp-json\/wp\/v2\/media?parent=5066"}],"curies":[{"name":"wp","href":"https:\/\/api.w.org\/{rel}","templated":true}]}}