{"id":5035,"date":"2021-07-26T14:29:13","date_gmt":"2021-07-26T12:29:13","guid":{"rendered":"https:\/\/natjecanje.hr\/?page_id=5035"},"modified":"2021-08-16T12:45:06","modified_gmt":"2021-08-16T10:45:06","slug":"paolo-calligaris","status":"publish","type":"page","link":"https:\/\/natjecanje.hr\/en\/paolo-calligaris\/","title":{"rendered":"Paolo Calligaris"},"content":{"rendered":"<p><img loading=\"lazy\" decoding=\"async\" class=\"alignnone size-medium wp-image-5038\" src=\"https:\/\/natjecanje.hr\/wp-content\/uploads\/2021\/07\/Calligaris-1-200x300.jpg\" alt=\"\" width=\"200\" height=\"300\" srcset=\"https:\/\/natjecanje.hr\/wp-content\/uploads\/2021\/07\/Calligaris-1-200x300.jpg 200w, https:\/\/natjecanje.hr\/wp-content\/uploads\/2021\/07\/Calligaris-1-683x1024.jpg 683w, https:\/\/natjecanje.hr\/wp-content\/uploads\/2021\/07\/Calligaris-1-768x1152.jpg 768w, https:\/\/natjecanje.hr\/wp-content\/uploads\/2021\/07\/Calligaris-1-1024x1536.jpg 1024w, https:\/\/natjecanje.hr\/wp-content\/uploads\/2021\/07\/Calligaris-1.jpg 1067w\" sizes=\"(max-width: 200px) 100vw, 200px\" \/><\/p>\n<p>Paolo Calligaris was born in Palmanova, Italy, where he grew up and got his first experience in music. In 1993, he attended the class of G. Grassi at the Udine Music Conservatory for three years before continuing his bassoon studies first in Turin with Vincenzo Menghini and then in Castelfranco Veneto with Stefano Canuti; he has also attended other important italian teachers as Ovidio Danzi and Marco Costantini. Paolo came to Slovenia as solo bassoonist in the Slovenian Radio Symphony Orchestra. He collaborates with some other orchestras such as : L\u2019 Orchestra da camera di Mantova, Orchestra di Padova e del Veneto, Camerata Bern, Orchestre de Chambre de Lausanne.<br \/>\nAs a member of the Slowind quintet, he won the \u017dupan\u010di\u010d Award and one of the most prestigious Slovenian national awards, the award of the Pre\u0161eren Fund. In 1997, he was named the first bassoonist of the Slovenian Philharmonic Orchestra. Paolo taught bassoon and chamber music at the Klagenfurt Music Conservatorium and still teaches at numerous summer workshops and music schools abroad. Now he teaches the youngest bassoonist at the GCEW music school in Ljubljana.<br \/>\nHe founded the Ensemble 1781, a wind ensemble with original instruments from the Classical period.<\/p>\n","protected":false},"excerpt":{"rendered":"<p>Paolo Calligaris was born in Palmanova, Italy, where he grew up and got his first experience in music. In 1993, he attended the class of G. Grassi at the Udine Music Conservatory for three years before continuing his bassoon studies first in Turin with Vincenzo Menghini and then in Castelfranco Veneto with Stefano Canuti; he [&hellip;]<\/p>\n","protected":false},"author":2,"featured_media":0,"parent":0,"menu_order":0,"comment_status":"closed","ping_status":"closed","template":"","meta":{"pmpro_default_level":"","ngg_post_thumbnail":0,"footnotes":""},"translation":{"provider":"WPGlobus","version":"3.0.0","language":"en","enabled_languages":["hr","en"],"languages":{"hr":{"title":true,"content":true,"excerpt":false},"en":{"title":true,"content":true,"excerpt":false}}},"_links":{"self":[{"href":"https:\/\/natjecanje.hr\/en\/wp-json\/wp\/v2\/pages\/5035"}],"collection":[{"href":"https:\/\/natjecanje.hr\/en\/wp-json\/wp\/v2\/pages"}],"about":[{"href":"https:\/\/natjecanje.hr\/en\/wp-json\/wp\/v2\/types\/page"}],"author":[{"embeddable":true,"href":"https:\/\/natjecanje.hr\/en\/wp-json\/wp\/v2\/users\/2"}],"replies":[{"embeddable":true,"href":"https:\/\/natjecanje.hr\/en\/wp-json\/wp\/v2\/comments?post=5035"}],"version-history":[{"count":5,"href":"https:\/\/natjecanje.hr\/en\/wp-json\/wp\/v2\/pages\/5035\/revisions"}],"predecessor-version":[{"id":5095,"href":"https:\/\/natjecanje.hr\/en\/wp-json\/wp\/v2\/pages\/5035\/revisions\/5095"}],"wp:attachment":[{"href":"https:\/\/natjecanje.hr\/en\/wp-json\/wp\/v2\/media?parent=5035"}],"curies":[{"name":"wp","href":"https:\/\/api.w.org\/{rel}","templated":true}]}}