{"id":5009,"date":"2021-07-21T09:52:06","date_gmt":"2021-07-21T07:52:06","guid":{"rendered":"https:\/\/natjecanje.hr\/?page_id=5009"},"modified":"2021-07-21T11:35:15","modified_gmt":"2021-07-21T09:35:15","slug":"roland-szentpali","status":"publish","type":"page","link":"https:\/\/natjecanje.hr\/en\/roland-szentpali\/","title":{"rendered":"Roland Szentp\u00e1li"},"content":{"rendered":"<p><img loading=\"lazy\" decoding=\"async\" class=\"alignnone size-medium wp-image-5010\" src=\"https:\/\/natjecanje.hr\/wp-content\/uploads\/2021\/07\/Szentpali-200x300.jpg\" alt=\"\" width=\"200\" height=\"300\" srcset=\"https:\/\/natjecanje.hr\/wp-content\/uploads\/2021\/07\/Szentpali-200x300.jpg 200w, https:\/\/natjecanje.hr\/wp-content\/uploads\/2021\/07\/Szentpali.jpg 683w\" sizes=\"(max-width: 200px) 100vw, 200px\" \/><\/p>\n<p>Roland Szentp\u00e1li, born 1977 in Ny\u00edregyh\u00e1za (Hungary). Roland began playing the euphonium at the age of twelve, moving on to the tuba in the following year under the guidance of Sandor Luk\u00e1cs. He was a student at the B\u00e9la Bartok Academy in Budapest from 1991-1995, studying with Joseph Baszinka and G\u00e1bor Adamik. Roland continued his studies with L\u00e1szl\u00f2 Szab\u00f2 at the F. Liszt Academy. On the international scene, Roland has attended courses held by Roger Bobo, Mel Culbertson, Manfred Hoppert, and Sam Pilafian and has been the recipient of numerous scholarships for study abroad.<br \/>\nAmong his numerous successes in solo competitions, the most notable are his first prizes at the Lahti International Brass Competition in Finland (2001), the International Performer\u2018s Competition in Brno, Czech Republic (2000), and the International Tuba Competition in Cheju, Korea (2000). He was also awarded second prize at the prestigious Markneukirchen International Tuba Competition in 2000, and has also been a prize winner at other competitions, including TubaMania (Australia, 1999), Geubwiller International Tuba Competition (France, 1998). Roland is also very active as a composer, having written many works for tuba, chamber ensemble and orchestra in a broad variety of styles. In February of 1994, he performed his own Concerto for Tuba and Orchestra in Budapest for live television broadcast. His music has been played and recorded by the Hungarian Radio Orchestra and the Orchestra Hungarian Music Academy Bela Bartok. His last solo CD \u201cI Killed my Lips\u201d includes four of his own compositions.<br \/>\nApart from his busy solo and composition schedule, Roland is actually principal tuba with the Hungarian National Philharmonic Orchestra. Always being in great demand he also gave several masterclasses in the United States, Japan and many European countries.<\/p>\n","protected":false},"excerpt":{"rendered":"<p>Roland Szentp\u00e1li, born 1977 in Ny\u00edregyh\u00e1za (Hungary). Roland began playing the euphonium at the age of twelve, moving on to the tuba in the following year under the guidance of Sandor Luk\u00e1cs. He was a student at the B\u00e9la Bartok Academy in Budapest from 1991-1995, studying with Joseph Baszinka and G\u00e1bor Adamik. Roland continued his [&hellip;]<\/p>\n","protected":false},"author":2,"featured_media":0,"parent":0,"menu_order":0,"comment_status":"closed","ping_status":"closed","template":"","meta":{"pmpro_default_level":"","ngg_post_thumbnail":0,"footnotes":""},"translation":{"provider":"WPGlobus","version":"3.0.0","language":"en","enabled_languages":["hr","en"],"languages":{"hr":{"title":true,"content":true,"excerpt":false},"en":{"title":true,"content":true,"excerpt":false}}},"_links":{"self":[{"href":"https:\/\/natjecanje.hr\/en\/wp-json\/wp\/v2\/pages\/5009"}],"collection":[{"href":"https:\/\/natjecanje.hr\/en\/wp-json\/wp\/v2\/pages"}],"about":[{"href":"https:\/\/natjecanje.hr\/en\/wp-json\/wp\/v2\/types\/page"}],"author":[{"embeddable":true,"href":"https:\/\/natjecanje.hr\/en\/wp-json\/wp\/v2\/users\/2"}],"replies":[{"embeddable":true,"href":"https:\/\/natjecanje.hr\/en\/wp-json\/wp\/v2\/comments?post=5009"}],"version-history":[{"count":3,"href":"https:\/\/natjecanje.hr\/en\/wp-json\/wp\/v2\/pages\/5009\/revisions"}],"predecessor-version":[{"id":5013,"href":"https:\/\/natjecanje.hr\/en\/wp-json\/wp\/v2\/pages\/5009\/revisions\/5013"}],"wp:attachment":[{"href":"https:\/\/natjecanje.hr\/en\/wp-json\/wp\/v2\/media?parent=5009"}],"curies":[{"name":"wp","href":"https:\/\/api.w.org\/{rel}","templated":true}]}}