{"id":4991,"date":"2021-07-21T09:13:54","date_gmt":"2021-07-21T07:13:54","guid":{"rendered":"https:\/\/natjecanje.hr\/?page_id=4991"},"modified":"2021-07-21T09:24:16","modified_gmt":"2021-07-21T07:24:16","slug":"gordan-tudor","status":"publish","type":"page","link":"https:\/\/natjecanje.hr\/en\/gordan-tudor\/","title":{"rendered":"Gordan Tudor"},"content":{"rendered":"<p><img loading=\"lazy\" decoding=\"async\" class=\"alignnone size-medium wp-image-4992\" src=\"https:\/\/natjecanje.hr\/wp-content\/uploads\/2021\/07\/GT2.jpg-200x300.jpeg\" alt=\"\" width=\"200\" height=\"300\" srcset=\"https:\/\/natjecanje.hr\/wp-content\/uploads\/2021\/07\/GT2.jpg-200x300.jpeg 200w, https:\/\/natjecanje.hr\/wp-content\/uploads\/2021\/07\/GT2.jpg-683x1024.jpeg 683w, https:\/\/natjecanje.hr\/wp-content\/uploads\/2021\/07\/GT2.jpg-768x1152.jpeg 768w, https:\/\/natjecanje.hr\/wp-content\/uploads\/2021\/07\/GT2.jpg-1024x1536.jpeg 1024w, https:\/\/natjecanje.hr\/wp-content\/uploads\/2021\/07\/GT2.jpg.jpeg 1182w\" sizes=\"(max-width: 200px) 100vw, 200px\" \/><\/p>\n<p>Gordan Tudor is one of his generation&#8217;s leading musicians, active as a soloist, chamber musician, composer and a pedagogue who performed all around Europe and North America.<\/p>\n<p>As a performer, he regularly collaborates with composers such as Petar Bergamo, Dubravko Detoni, Pavle De\u0161palj, Mirela Ivi\u010devi\u0107, Matthias Kranebitter, Margareta Ferek Petri\u0107, Frano \u0110urovi\u0107, Ana Horvat and as a composer his music was performed on major music festivals<br \/>\naround the world (MBZ, MIT Taiwan, BOAC at Mass Moca, Re:Formers Festival Moscow, WSC Zagreb, Neu Musik Heilbron, Neukollner Originaltone, Festival Ljubljana, Izlog suvremenog zvuka, Audio Art, Sax Open Strasbourg, Vienna Sax Fest, Szczecinek Summer Festival, Sax Only Antwerpen, Mallorca Sax Festival, Osorske glazbene ve\u010deri, Glazbena tribina Opatija, Dubrova\u010dke ljetne igre, MAG Festival, PianoLOOP etc.) Gordan leads an international saxophone class at the University of Split Arts Academy (UMAS) and until recently he was a guest professor of Saxophone at the Art Academy in Novi Sad (AUNS). He is often asked to give masterclasses and is a frequent member of juries on international saxophone competitions.<br \/>\nMr. Tudor is alto saxophone player of highly acclaimed Papandopulo Quartet, soprano saxophone player in Trio GIG and he is a founder and artistic director of ensemble for contemporary music S\/UMAS. He studied with eminent professors; Dragan Sremec (Zagreb), Arno Bornkamp (Amsterdam), Claude Delangle (Paris) and Eugene Rousseau (Salzburg).<br \/>\nIn 2015. Gordan published his first album with new Croatian music for Saxophone, released by CANTUS and won 3 Porin Awards including one for &#8220;best interpretation in classical music\u201d.<br \/>\nFrom 2009 until 2017 he was an artistic director of the New Music Days Festival in Split which annually hosts eminent musicians from all over the world. Gordan spent summer of 2011 in residence at the Bang on a Can Summer Festival \u2013 Massachusetts Museum of Contemporary Art (North Adams, MA).<br \/>\nHe is a multiple award winner on national and international competitions (Diploma Milka Trnina, Grand Prix at 3rd Berlin Music Competition, PBZ Zagreb Philharmonic Award for best young musician, Rector&#8217;s Award, Judita Award, Composition Compettion Mare Nostrum, Berlin, Lions Club Grand Prix, Rudolf and Margita Matz Fond Award etc.).<\/p>\n<p>Gordan is a Selmer Paris and D\u2019Addario artist.&nbsp;<\/p>\n","protected":false},"excerpt":{"rendered":"<p>Gordan Tudor is one of his generation&#8217;s leading musicians, active as a soloist, chamber musician, composer and a pedagogue who performed all around Europe and North America. As a performer, he regularly collaborates with composers such as Petar Bergamo, Dubravko Detoni, Pavle De\u0161palj, Mirela Ivi\u010devi\u0107, Matthias Kranebitter, Margareta Ferek Petri\u0107, Frano \u0110urovi\u0107, Ana Horvat and [&hellip;]<\/p>\n","protected":false},"author":2,"featured_media":0,"parent":0,"menu_order":0,"comment_status":"closed","ping_status":"closed","template":"","meta":{"pmpro_default_level":"","ngg_post_thumbnail":0,"footnotes":""},"translation":{"provider":"WPGlobus","version":"3.0.0","language":"en","enabled_languages":["hr","en"],"languages":{"hr":{"title":true,"content":true,"excerpt":false},"en":{"title":true,"content":true,"excerpt":false}}},"_links":{"self":[{"href":"https:\/\/natjecanje.hr\/en\/wp-json\/wp\/v2\/pages\/4991"}],"collection":[{"href":"https:\/\/natjecanje.hr\/en\/wp-json\/wp\/v2\/pages"}],"about":[{"href":"https:\/\/natjecanje.hr\/en\/wp-json\/wp\/v2\/types\/page"}],"author":[{"embeddable":true,"href":"https:\/\/natjecanje.hr\/en\/wp-json\/wp\/v2\/users\/2"}],"replies":[{"embeddable":true,"href":"https:\/\/natjecanje.hr\/en\/wp-json\/wp\/v2\/comments?post=4991"}],"version-history":[{"count":2,"href":"https:\/\/natjecanje.hr\/en\/wp-json\/wp\/v2\/pages\/4991\/revisions"}],"predecessor-version":[{"id":4994,"href":"https:\/\/natjecanje.hr\/en\/wp-json\/wp\/v2\/pages\/4991\/revisions\/4994"}],"wp:attachment":[{"href":"https:\/\/natjecanje.hr\/en\/wp-json\/wp\/v2\/media?parent=4991"}],"curies":[{"name":"wp","href":"https:\/\/api.w.org\/{rel}","templated":true}]}}