{"id":4932,"date":"2021-03-12T12:00:44","date_gmt":"2021-03-12T11:00:44","guid":{"rendered":"https:\/\/natjecanje.hr\/?page_id=4932"},"modified":"2024-06-27T13:13:23","modified_gmt":"2024-06-27T11:13:23","slug":"impressum-3","status":"publish","type":"page","link":"https:\/\/natjecanje.hr\/en\/impressum-3\/","title":{"rendered":"IMPRESSUM"},"content":{"rendered":"<p><strong>Glazbena \u0161kola u Vara\u017edinu<\/strong><\/p>\n<p><strong>Ure\u0111ivanje stranice<\/strong><\/p>\n<p>Sanja Buhin<\/p>\n<p>Davor Mata\u010di\u0107<\/p>\n<p>Nikola Novak<\/p>\n<p><strong>Fotografije<\/strong><\/p>\n<p>Foto agencija Sjever<\/p>\n<p><strong>Grafi\u010dki dizajn<\/strong><\/p>\n<p>Tomislav Sovi\u0107<\/p>\n","protected":false},"excerpt":{"rendered":"<p>Glazbena \u0161kola u Vara\u017edinu Ure\u0111ivanje stranice Sanja Buhin Davor Mata\u010di\u0107 Nikola Novak Fotografije Foto agencija Sjever Grafi\u010dki dizajn Tomislav Sovi\u0107<\/p>\n","protected":false},"author":2,"featured_media":0,"parent":0,"menu_order":0,"comment_status":"closed","ping_status":"closed","template":"","meta":{"pmpro_default_level":"","ngg_post_thumbnail":0,"footnotes":""},"translation":{"provider":"WPGlobus","version":"3.0.0","language":"en","enabled_languages":["hr","en"],"languages":{"hr":{"title":true,"content":true,"excerpt":false},"en":{"title":false,"content":false,"excerpt":false}}},"_links":{"self":[{"href":"https:\/\/natjecanje.hr\/en\/wp-json\/wp\/v2\/pages\/4932"}],"collection":[{"href":"https:\/\/natjecanje.hr\/en\/wp-json\/wp\/v2\/pages"}],"about":[{"href":"https:\/\/natjecanje.hr\/en\/wp-json\/wp\/v2\/types\/page"}],"author":[{"embeddable":true,"href":"https:\/\/natjecanje.hr\/en\/wp-json\/wp\/v2\/users\/2"}],"replies":[{"embeddable":true,"href":"https:\/\/natjecanje.hr\/en\/wp-json\/wp\/v2\/comments?post=4932"}],"version-history":[{"count":3,"href":"https:\/\/natjecanje.hr\/en\/wp-json\/wp\/v2\/pages\/4932\/revisions"}],"predecessor-version":[{"id":7048,"href":"https:\/\/natjecanje.hr\/en\/wp-json\/wp\/v2\/pages\/4932\/revisions\/7048"}],"wp:attachment":[{"href":"https:\/\/natjecanje.hr\/en\/wp-json\/wp\/v2\/media?parent=4932"}],"curies":[{"name":"wp","href":"https:\/\/api.w.org\/{rel}","templated":true}]}}