{"id":4731,"date":"2020-11-03T19:31:49","date_gmt":"2020-11-03T18:31:49","guid":{"rendered":"https:\/\/natjecanje.hr\/?page_id=4731"},"modified":"2020-11-07T19:50:34","modified_gmt":"2020-11-07T18:50:34","slug":"natasa-veljkovic","status":"publish","type":"page","link":"https:\/\/natjecanje.hr\/en\/natasa-veljkovic\/","title":{"rendered":"Nata\u0161a Veljkovi\u0107"},"content":{"rendered":"<p><img loading=\"lazy\" decoding=\"async\" class=\"alignnone wp-image-4725 size-medium\" src=\"https:\/\/natjecanje.hr\/wp-content\/uploads\/2020\/10\/natasa_veljkovic_6959_print-300x200.jpg\" alt=\"\" width=\"300\" height=\"200\" srcset=\"https:\/\/natjecanje.hr\/wp-content\/uploads\/2020\/10\/natasa_veljkovic_6959_print-300x200.jpg 300w, https:\/\/natjecanje.hr\/wp-content\/uploads\/2020\/10\/natasa_veljkovic_6959_print-1024x682.jpg 1024w, https:\/\/natjecanje.hr\/wp-content\/uploads\/2020\/10\/natasa_veljkovic_6959_print-768x512.jpg 768w, https:\/\/natjecanje.hr\/wp-content\/uploads\/2020\/10\/natasa_veljkovic_6959_print-1536x1024.jpg 1536w, https:\/\/natjecanje.hr\/wp-content\/uploads\/2020\/10\/natasa_veljkovic_6959_print-270x180.jpg 270w, https:\/\/natjecanje.hr\/wp-content\/uploads\/2020\/10\/natasa_veljkovic_6959_print.jpg 1772w\" sizes=\"(max-width: 300px) 100vw, 300px\" \/><\/p>\n<p>The piano has been the midpoint of Nata\u0161a Veljkovi\u0107\u00b4s life ever since she was four years old. After her studies with her &#8220;musical father Prof. Arbo Valdma in Belgrade, at the age of fourteen she was accepted to the class taught by Prof. Paul Badura-Skoda at the University of Music in Vienna, where she completed her studies with distinction at the age of ninteen. she continued her formation in artistic consultation with Nikita Magaloff and further studies with Prof. Rudolf Firkusny at the Juilliard School in New York and Prof. Harry Datyner at the Geneva Conservatory, where she earned her second Master of Arts degree. Even before she was ten years old Veljkovi\u0107 won first prizes at the international youth competitions in Capua and Senigallia &#8211; both in Italy. At eleven she celebrated a sensational succes in a performance of Maurice Ravel\u00b4s Piano Concerto in G major with the Zagreb Philharmonic. Her extraordinary accomplishmentx as a pianist have also brought her many other distinctions. The list includes the fist prize (and only prize) at the Clara haskil International Competition, one of the most important piano competitions, in Vevey, Switzerland, when she was seventeen and the first prize at the world Music Masters in Paris. many other forms of recognition followed &#8211; such as the Orlando Prize for the best concert at the Dubrovnik Festival and the UMUS Prize (Belgrade) for the most successful concert of the year.<br \/>\nAfter winning the Clara Haskil Competition (PRIX CLARA HASKIL) Nata\u0161a Veljkovi\u0107 embarked on a concert career taking her throughout Europe. she has cooperated successfully with the Belgrade Strings &#8220;Dusan skovran&#8221; (concert tours through Russia and China); release of a CD on the Belgrade label PGP-RTS featuring piano concertos by Bach, Haydn and Mendelssohn in 2001), the St. Georges Strings (a live recording PGP-RTS- in 2004 with three piano concertos by Mozart), and ensembless such as the Orchestre de la Suisse Romande, Z\u00fcrich Tonhalle Orchestra, Zagreb Soloist, Vienna Chamber Orchestra, Vienna Chamber Philharmonic, Capella Istropolitana, Jana\u010dek Philharmonic of Ostrava, Radio Katowice, RAI Orchestra, Slovenian Philharmonic, Belgrade Philharmonic and Spirit of Europe. For many years she hasperformed with the Camerata Jana\u010dek. Nata\u0161a Veljkovi\u0107 has worked with many prominent conductors such as David Zinman, Lawrence Foster, Dimitri Kitayenko, Cristian Mandeal, Marcello Viotti, Antoni Wit, David Shalon, Emil Tabakov, Martin Sieghart, Ronald Zollman, Pavle Depalj, Mladen Jagust, and Bojan Sud\u017ei\u0107.<br \/>\nShe has taken part in many European festivals. Here the list includes the Montreux Festival, Berlin Festival, Chopin Festival in Poland, MIDEM Classique in Cannes, Juventus in Cambrai, and Toulouse Festival in France, Algarve Festival in Portugal, Attergau Culture Summer, Carinthian Summer, International Chopin Festival in Gaming, and Haydn Festival in Eisenstadt in Austria, Dubrovnik Summer Festival in Croatia, BEMUS in Belgrade and NOMUS Novi Sad in Serbia, and Istanbul Mozart Festival. At Vienna\u2019s Konzerthaus she regularly appears in the \u201cMusic und Dichtung\u201d (Music and Literature) cycle. Her performance of Beethoven\u2019s Triple Concerto at the Sava-Centar in Belgrade was named the best concert of the year 2010 by the prestigious NIN magazine.<br \/>\nDuring recent years Nata\u0161a Veljkovi\u0107 has recorded numerous CDs. Her CDs with piano compositions by Franz Liszt, Wolfgang Amadeus Mozart (Zulus Records), Clara and Robert Schumann, and Joseph Haydn (piano concertos with the Camerata Jan\u00e1\u010dek ) (Gramola). In 2013 Nata\u0161a Veljkovi\u0107 released several CDs on the cpo label: a piano concerto by Antonio Rosetti with the Southwest German Chamber Orchestra of Pforzheim led by the conductor Johannes Moesus, and piano concertos by Ignaz von Beecke (premiere recording) with the Bavarian Chamber Orchestra of Bad Br\u00fcckenau under the conductor Johannes Moesus. In 2014 she recorded the complete oeuvre for solo piano of Dora Pejacevic for cpo, in 2015 she recorded a piano concerto by Francois-Adrien Boieldieu in Lugano with the Radio Svizzera Italiana under the conductor Howard Griffiths.<br \/>\nNata\u0161a Veljkovi\u0107 lives and works in Vienna, where she holds an associate professorship at the University of Music and the Performing Arts. In addition, from 2007 to 2009 she taught as a visiting professor at the University of the Arts in Ostrava in the Czech Republic. She serves as a juror at international piano and chamber music competitions such as the Clara Haskil International Competition in Vevey, Camillo Togni International Piano Competition in Brescia, Brahms International Competition in P\u00f6rtschach, Davorin Jenko International Competition in Belgrade, Petar Konjovic International Competition in Belgrade, Ivan Rijavec\u201c. International Competition in Slovenia, and Belgrade Chopin Festival International Competition. Nata\u0161a Veljkovi\u0107\u2019s repertoire ranges over a broad spectrum of piano compositions from all the epochs from the baroque era to the present. The complete oeuvre of Wolfgang Amadeus Mozart occupies the center of her musical interest.<\/p>\n","protected":false},"excerpt":{"rendered":"<p>The piano has been the midpoint of Nata\u0161a Veljkovi\u0107\u00b4s life ever since she was four years old. After her studies with her &#8220;musical father Prof. Arbo Valdma in Belgrade, at the age of fourteen she was accepted to the class taught by Prof. Paul Badura-Skoda at the University of Music in Vienna, where she completed [&hellip;]<\/p>\n","protected":false},"author":2,"featured_media":0,"parent":0,"menu_order":0,"comment_status":"closed","ping_status":"closed","template":"","meta":{"pmpro_default_level":"","ngg_post_thumbnail":0,"footnotes":""},"translation":{"provider":"WPGlobus","version":"3.0.0","language":"en","enabled_languages":["hr","en"],"languages":{"hr":{"title":true,"content":true,"excerpt":false},"en":{"title":true,"content":true,"excerpt":false}}},"_links":{"self":[{"href":"https:\/\/natjecanje.hr\/en\/wp-json\/wp\/v2\/pages\/4731"}],"collection":[{"href":"https:\/\/natjecanje.hr\/en\/wp-json\/wp\/v2\/pages"}],"about":[{"href":"https:\/\/natjecanje.hr\/en\/wp-json\/wp\/v2\/types\/page"}],"author":[{"embeddable":true,"href":"https:\/\/natjecanje.hr\/en\/wp-json\/wp\/v2\/users\/2"}],"replies":[{"embeddable":true,"href":"https:\/\/natjecanje.hr\/en\/wp-json\/wp\/v2\/comments?post=4731"}],"version-history":[{"count":0,"href":"https:\/\/natjecanje.hr\/en\/wp-json\/wp\/v2\/pages\/4731\/revisions"}],"wp:attachment":[{"href":"https:\/\/natjecanje.hr\/en\/wp-json\/wp\/v2\/media?parent=4731"}],"curies":[{"name":"wp","href":"https:\/\/api.w.org\/{rel}","templated":true}]}}