{"id":4572,"date":"2020-03-05T12:11:21","date_gmt":"2020-03-05T11:11:21","guid":{"rendered":"https:\/\/natjecanje.hr\/?page_id=4572"},"modified":"2020-03-08T14:35:48","modified_gmt":"2020-03-08T13:35:48","slug":"raspored","status":"publish","type":"page","link":"https:\/\/natjecanje.hr\/en\/schedule\/","title":{"rendered":"Schedule"},"content":{"rendered":"<h3 style=\"text-align: center;\"><strong>SCHEDULE OF THE COMPETITION<\/strong><br \/>\n<strong>MEMORIJAL JURICA MURAI AND MURAI GRAND PRIX<\/strong><\/h3>\n<p>&nbsp;<\/p>\n<p><strong>FRIDAY, APRIL 3rd 2020<\/strong><br \/>\n<em><strong>OPENING CEREMONY \u2013 9. 00 AM<\/strong><\/em><\/p>\n<p><strong>CATEGORY F<\/strong><br \/>\nAWARD CEREMONY &#8211; 18.30 PM<\/p>\n<p><strong>SUNDAY, APRIL 4th 2020<\/strong><\/p>\n<p><strong>CATEGORY E<\/strong><br \/>\nAWARD CEREMONY &#8211; 17.00 PM<\/p>\n<p><strong>CATEGORY C<\/strong><br \/>\nAWARD CEREMONY &#8211; 20.30 PM<\/p>\n<p><strong>SUNDAY, APRIL, 5th 2020<\/strong><\/p>\n<p><strong>CATEGORY B<\/strong><br \/>\nAWARD CEREMONY &#8211; 16.00 PM<\/p>\n<p><strong>CATEGORY A<\/strong><br \/>\nAWARD CEREMONY &#8211; 19.00 PM<\/p>\n<p><strong>MONDAY, APRIL 6th 2020<\/strong><\/p>\n<p><strong>CATEGORY D<\/strong><br \/>\nAWARD CEREMONY &#8211; 17.30 PM<br \/>\n<strong>CONCERT \u2013 SR\u0110AN FILIP \u010cALDAROVI\u0106 &#8211; 19.30 PM<\/strong><\/p>\n<p><strong>TUESDAY, APRIL 7th 2020<\/strong><\/p>\n<p><strong>GRAND PRIX, 1st ROUND<\/strong><\/p>\n<p><strong>WEDNESDAY, APRIL 8th 2020<\/strong><\/p>\n<p><strong>GRAND PRIX, 2nd ROUND<\/strong><\/p>\n<p><em>FINAL CONCERT AND SPECIAL AWARD CEREMONY &#8211; 18.00 PM<\/em><\/p>\n","protected":false},"excerpt":{"rendered":"<p>SCHEDULE OF THE COMPETITION MEMORIJAL JURICA MURAI AND MURAI GRAND PRIX &nbsp; FRIDAY, APRIL 3rd 2020 OPENING CEREMONY \u2013 9. 00 AM CATEGORY F AWARD CEREMONY &#8211; 18.30 PM SUNDAY, APRIL 4th 2020 CATEGORY E AWARD CEREMONY &#8211; 17.00 PM CATEGORY C AWARD CEREMONY &#8211; 20.30 PM SUNDAY, APRIL, 5th 2020 CATEGORY B AWARD CEREMONY [&hellip;]<\/p>\n","protected":false},"author":2,"featured_media":0,"parent":0,"menu_order":0,"comment_status":"closed","ping_status":"closed","template":"","meta":{"pmpro_default_level":"","ngg_post_thumbnail":0,"footnotes":""},"translation":{"provider":"WPGlobus","version":"3.0.0","language":"en","enabled_languages":["hr","en"],"languages":{"hr":{"title":true,"content":true,"excerpt":false},"en":{"title":true,"content":true,"excerpt":false}}},"_links":{"self":[{"href":"https:\/\/natjecanje.hr\/en\/wp-json\/wp\/v2\/pages\/4572"}],"collection":[{"href":"https:\/\/natjecanje.hr\/en\/wp-json\/wp\/v2\/pages"}],"about":[{"href":"https:\/\/natjecanje.hr\/en\/wp-json\/wp\/v2\/types\/page"}],"author":[{"embeddable":true,"href":"https:\/\/natjecanje.hr\/en\/wp-json\/wp\/v2\/users\/2"}],"replies":[{"embeddable":true,"href":"https:\/\/natjecanje.hr\/en\/wp-json\/wp\/v2\/comments?post=4572"}],"version-history":[{"count":0,"href":"https:\/\/natjecanje.hr\/en\/wp-json\/wp\/v2\/pages\/4572\/revisions"}],"wp:attachment":[{"href":"https:\/\/natjecanje.hr\/en\/wp-json\/wp\/v2\/media?parent=4572"}],"curies":[{"name":"wp","href":"https:\/\/api.w.org\/{rel}","templated":true}]}}