{"id":4007,"date":"2019-12-13T12:00:16","date_gmt":"2019-12-13T11:00:16","guid":{"rendered":"http:\/\/redizajn.natjecanje.hr\/?page_id=4007"},"modified":"2019-12-13T13:00:55","modified_gmt":"2019-12-13T12:00:55","slug":"2-medunarodno-natjecanje-puhaca","status":"publish","type":"page","link":"https:\/\/natjecanje.hr\/en\/2-medunarodno-natjecanje-puhaca\/","title":{"rendered":"2. me\u0111unarodno natjecanje puha\u010da"},"content":{"rendered":"<p>[vc_row][vc_column][vc_empty_space][vc_column_text]2. me\u0111unarodno natjecanje puha\u010da \u2013 Otvorenje natjecanja 2016. godina[\/vc_column_text][\/vc_column][\/vc_row][vc_row][vc_column][vc_column_text]<\/p>\n<p>ngg_shortcode_0_placeholder[\/vc_column_text][\/vc_column][\/vc_row]<\/p>\n","protected":false},"excerpt":{"rendered":"<p>[vc_row][vc_column][vc_empty_space][vc_column_text]2. me\u0111unarodno natjecanje puha\u010da \u2013 Otvorenje natjecanja 2016. godina[\/vc_column_text][\/vc_column][\/vc_row][vc_row][vc_column][vc_column_text] [\/vc_column_text][\/vc_column][\/vc_row]<\/p>\n","protected":false},"author":1,"featured_media":0,"parent":0,"menu_order":0,"comment_status":"closed","ping_status":"closed","template":"","meta":{"pmpro_default_level":"","ngg_post_thumbnail":0,"footnotes":""},"translation":{"provider":"WPGlobus","version":"3.0.0","language":"en","enabled_languages":["hr","en"],"languages":{"hr":{"title":true,"content":true,"excerpt":false},"en":{"title":false,"content":false,"excerpt":false}}},"_links":{"self":[{"href":"https:\/\/natjecanje.hr\/en\/wp-json\/wp\/v2\/pages\/4007"}],"collection":[{"href":"https:\/\/natjecanje.hr\/en\/wp-json\/wp\/v2\/pages"}],"about":[{"href":"https:\/\/natjecanje.hr\/en\/wp-json\/wp\/v2\/types\/page"}],"author":[{"embeddable":true,"href":"https:\/\/natjecanje.hr\/en\/wp-json\/wp\/v2\/users\/1"}],"replies":[{"embeddable":true,"href":"https:\/\/natjecanje.hr\/en\/wp-json\/wp\/v2\/comments?post=4007"}],"version-history":[{"count":0,"href":"https:\/\/natjecanje.hr\/en\/wp-json\/wp\/v2\/pages\/4007\/revisions"}],"wp:attachment":[{"href":"https:\/\/natjecanje.hr\/en\/wp-json\/wp\/v2\/media?parent=4007"}],"curies":[{"name":"wp","href":"https:\/\/api.w.org\/{rel}","templated":true}]}}