{"id":3595,"date":"2019-12-09T14:34:24","date_gmt":"2019-12-09T13:34:24","guid":{"rendered":"http:\/\/redizajn.natjecanje.hr\/?page_id=3595"},"modified":"2019-12-13T13:34:51","modified_gmt":"2019-12-13T12:34:51","slug":"koncert-filip-fak-dorde-stanetti-hrvoje-sekovanic-josip-konfic","status":"publish","type":"page","link":"https:\/\/natjecanje.hr\/en\/koncert-filip-fak-dorde-stanetti-hrvoje-sekovanic-josip-konfic\/","title":{"rendered":"Concert Filip Fak, \u0110or\u0111e Stanetti, Hrvoje Sekovani\u0107, Josip Konfic"},"content":{"rendered":"<p>[vc_row][vc_column][vc_empty_space][vc_column_text]Concert Filip Fak, \u0110or\u0111e Stanetti, Hrvoje Sekovani\u0107, Josip Konfic[\/vc_column_text][vc_column_text]<\/p>\n<p>ngg_shortcode_0_placeholder[\/vc_column_text][\/vc_column][\/vc_row][vc_row][vc_column][\/vc_column][\/vc_row]<\/p>\n","protected":false},"excerpt":{"rendered":"<p>[vc_row][vc_column][vc_empty_space][vc_column_text]Concert Filip Fak, \u0110or\u0111e Stanetti, Hrvoje Sekovani\u0107, Josip Konfic[\/vc_column_text][vc_column_text] [\/vc_column_text][\/vc_column][\/vc_row][vc_row][vc_column][\/vc_column][\/vc_row]<\/p>\n","protected":false},"author":1,"featured_media":0,"parent":0,"menu_order":0,"comment_status":"closed","ping_status":"closed","template":"","meta":{"pmpro_default_level":"","ngg_post_thumbnail":0,"footnotes":""},"translation":{"provider":"WPGlobus","version":"3.0.0","language":"en","enabled_languages":["hr","en"],"languages":{"hr":{"title":true,"content":true,"excerpt":false},"en":{"title":true,"content":true,"excerpt":false}}},"_links":{"self":[{"href":"https:\/\/natjecanje.hr\/en\/wp-json\/wp\/v2\/pages\/3595"}],"collection":[{"href":"https:\/\/natjecanje.hr\/en\/wp-json\/wp\/v2\/pages"}],"about":[{"href":"https:\/\/natjecanje.hr\/en\/wp-json\/wp\/v2\/types\/page"}],"author":[{"embeddable":true,"href":"https:\/\/natjecanje.hr\/en\/wp-json\/wp\/v2\/users\/1"}],"replies":[{"embeddable":true,"href":"https:\/\/natjecanje.hr\/en\/wp-json\/wp\/v2\/comments?post=3595"}],"version-history":[{"count":0,"href":"https:\/\/natjecanje.hr\/en\/wp-json\/wp\/v2\/pages\/3595\/revisions"}],"wp:attachment":[{"href":"https:\/\/natjecanje.hr\/en\/wp-json\/wp\/v2\/media?parent=3595"}],"curies":[{"name":"wp","href":"https:\/\/api.w.org\/{rel}","templated":true}]}}