{"id":3577,"date":"2019-12-09T12:21:55","date_gmt":"2019-12-09T11:21:55","guid":{"rendered":"http:\/\/redizajn.natjecanje.hr\/?page_id=3577"},"modified":"2023-11-30T15:41:26","modified_gmt":"2023-11-30T14:41:26","slug":"kako-do-nas","status":"publish","type":"page","link":"https:\/\/natjecanje.hr\/en\/how-to-reach-us\/","title":{"rendered":"HOW TO REACH US"},"content":{"rendered":"<p>[vc_row][vc_column][vc_empty_space][vc_column_text]International competitions of Vara\u017edin School of Music are beeing held in the Erd\u00f6dy Palace. With the expansion of the City outside the old City walls during the 1860\u2019s, the Theresian styled Erd\u00f6dy Palace was built in the Capuchin Square, which at the time was the largest in the City. In 1850 it was redesigned to form the \u2018Capuchin\u2019 Barracks. After World War II, the Palace became the barracks for the Yugoslav People\u2019s Army, and consequently experienced devastation, particularly to the Erd\u00f6dy family coat of arms that was placed on the front gate. Today, the Palace is more appropriately home to the Music School.<\/p>\n<p><strong>Competition Venue<\/strong><\/p>\n<p><a href=\"https:\/\/goo.gl\/maps\/fktTn4hkwqPfEqLn6\" target=\"_blank\" rel=\"noopener noreferrer\"><strong>Vara\u017edin School of Music<\/strong><\/a><br \/>\nKapucinski trg 8<br \/>\nVara\u017edin<br \/>\nCroatia<\/p>\n<p>You can reach us by plane:<\/p>\n<p>Franjo Tu\u0111man Airport Zagreb, Croatia &#8211; 82 km<\/p>\n<p>Airport Graz, \u00d6sterreich &#8211; 142 km<\/p>\n<p>Vienna International Airport, \u00d6sterreich &#8211; 261 km<\/p>\n<p>Budapest Airport, Hungary &#8211; 303 km<\/p>\n<p>Nikola Tesla Airport Beograd, Serbia &#8211; 438 km<\/p>\n<p>Jo\u017ee Pu\u010dnik Airport Ljubljana, Slovenia &#8211; 186 km.<\/p>\n<p>&nbsp;<\/p>\n<p>If you are looking for accommodation in the city of Vara\u017edin during the competition, we suggest that you visit the official site of the Vara\u017edin Tourist Board as well as the Vara\u017edin County Tourist Board.<\/p>\n<p><a href=\"https:\/\/www.tourism-varazdin.hr\/\" target=\"_blank\" rel=\"noopener noreferrer\">Vara\u017edin Tourist Board<\/a><br \/>\n<a href=\"https:\/\/www.turizam-vzz.hr\/\" target=\"_blank\" rel=\"noopener noreferrer\">Vara\u017edin County Tourist Board<\/a><\/p>\n<p>&nbsp;[\/vc_column_text][\/vc_column][\/vc_row]<\/p>\n","protected":false},"excerpt":{"rendered":"<p>[vc_row][vc_column][vc_empty_space][vc_column_text]International competitions of Vara\u017edin School of Music are beeing held in the Erd\u00f6dy Palace. With the expansion of the City outside the old City walls during the 1860\u2019s, the Theresian styled Erd\u00f6dy Palace was built in the Capuchin Square, which at the time was the largest in the City. In 1850 it was redesigned to [&hellip;]<\/p>\n","protected":false},"author":1,"featured_media":0,"parent":0,"menu_order":0,"comment_status":"closed","ping_status":"closed","template":"","meta":{"pmpro_default_level":"","ngg_post_thumbnail":0,"footnotes":""},"translation":{"provider":"WPGlobus","version":"3.0.0","language":"en","enabled_languages":["hr","en"],"languages":{"hr":{"title":true,"content":true,"excerpt":false},"en":{"title":true,"content":true,"excerpt":false}}},"_links":{"self":[{"href":"https:\/\/natjecanje.hr\/en\/wp-json\/wp\/v2\/pages\/3577"}],"collection":[{"href":"https:\/\/natjecanje.hr\/en\/wp-json\/wp\/v2\/pages"}],"about":[{"href":"https:\/\/natjecanje.hr\/en\/wp-json\/wp\/v2\/types\/page"}],"author":[{"embeddable":true,"href":"https:\/\/natjecanje.hr\/en\/wp-json\/wp\/v2\/users\/1"}],"replies":[{"embeddable":true,"href":"https:\/\/natjecanje.hr\/en\/wp-json\/wp\/v2\/comments?post=3577"}],"version-history":[{"count":2,"href":"https:\/\/natjecanje.hr\/en\/wp-json\/wp\/v2\/pages\/3577\/revisions"}],"predecessor-version":[{"id":6722,"href":"https:\/\/natjecanje.hr\/en\/wp-json\/wp\/v2\/pages\/3577\/revisions\/6722"}],"wp:attachment":[{"href":"https:\/\/natjecanje.hr\/en\/wp-json\/wp\/v2\/media?parent=3577"}],"curies":[{"name":"wp","href":"https:\/\/api.w.org\/{rel}","templated":true}]}}