{"id":3469,"date":"2019-12-06T14:21:18","date_gmt":"2019-12-06T13:21:18","guid":{"rendered":"http:\/\/redizajn.natjecanje.hr\/?page_id=3469"},"modified":"2024-11-24T11:15:23","modified_gmt":"2024-11-24T10:15:23","slug":"ocjenjivacki-sud-od-2015-godine-2","status":"publish","type":"page","link":"https:\/\/natjecanje.hr\/en\/ocjenjivacki-sud-od-2015-godine-2\/","title":{"rendered":"BOARD OF JUDGES SINCE 2015"},"content":{"rendered":"<p>[vc_row][vc_column][vc_empty_space][\/vc_column][\/vc_row][vc_row][vc_column width=&#8221;1\/2&#8243;][vc_column_text]<strong>2023<\/strong><\/p>\n<p><strong>Flute<\/strong><\/p>\n<p>CATEGORIES C, D, E, F and GRAND PRIX<br \/>\nMarko Zupan, Slovenia<br \/>\nRiccardo Ghiani, Italy<br \/>\nDejan Gavri\u0107, Germany<\/p>\n<p>CATEGORIES A and B<br \/>\nMilena Lipov\u0161ek, Slovenia<br \/>\nJelena Valkovi\u0107, Hrvatska<br \/>\nDanijela Klari\u0107 Mimica, Croatia<\/p>\n<p><strong>Clarinet<\/strong><br \/>\nMihael Paar, Croatia<br \/>\nOgnjen Popovi\u0107, Serbia<br \/>\nJo\u017ee Kotar, Slovenia<\/p>\n<p><strong>Oboe &amp; Bassoon<\/strong><\/p>\n<p>Silvija Fagarazzi, Croatia<br \/>\nBranko Mihanovi\u0107, Croatia<br \/>\nIstvan Matay, Hungary \/ Croatia<\/p>\n<p><strong>Saxophone<\/strong><br \/>\nDragan Sremen, Croatia<br \/>\nBetka Bizjak Kotnik, Slovenia<br \/>\nLars Niederstrasser, Netherlands<\/p>\n<p><strong>Trumpet &amp; Horn<\/strong><br \/>\nUwe Koeller, Austria<br \/>\nMarin Zoki\u0107, Croatia<br \/>\nViktor Kir\u010denkov, Ukraine \/ Croatia<\/p>\n<p><strong>Trombone, Tuba &amp; Euphonium<\/strong><br \/>\nJ\u00f3zsef Bazsinka Jr., Hungary<br \/>\nGyorgy Gyivicsan, Hungary<br \/>\nNejc Merc, Slovenia<\/p>\n<p>&nbsp;<\/p>\n<p>[vc_row][vc_column][vc_empty_space][\/vc_column][\/vc_row][vc_row][vc_column width=&#8221;1\/2&#8243;][vc_column_text]<strong><span style=\"color: #e5bb5b;\">2021<\/span><\/strong><\/p>\n<p><strong>Flute<\/strong><br \/>\nMatej Zupan (Slovenia)<br \/>\nErwin Klambauer (Austria)<br \/>\nMilena Lipov\u0161ek (Slovenia)<\/p>\n<p><strong>Clarinet<\/strong><br \/>\nRoman Widaszek (Poland)<br \/>\nG\u00e1bor Varga (Hungary)<br \/>\nJo\u017ee Kotar (Slovenia)<\/p>\n<p><strong>Saxophone<\/strong><br \/>\nGerald Preinfalk (Austria)<br \/>\nGordan Tudor (Croatia)<br \/>\nPeter Kruder (Slovenia)<\/p>\n<p><strong>Oboe and bassoon<\/strong><br \/>\nBranko Mihanovi\u0107 (Croatia)<br \/>\nSanja Romi\u0107 (Serbia)<br \/>\nMatija Novakovi\u0107 (Croatia)<\/p>\n<p><strong>Trumpet and Horn<\/strong><br \/>\nUwe Koeller (Austria)<br \/>\nDario Teskera (Croatia)<br \/>\nBank Harkay (Croatia)<\/p>\n<p><strong>Trombone, tuba and euphonium<\/strong><br \/>\nRoland Szentpali (Hungary)<br \/>\nGyorgy Gyivicsan (Hungary)<br \/>\nNejc Merc (Slovenia)<\/p>\n<p>[vc_row][vc_column][vc_empty_space][\/vc_column][\/vc_row][vc_row][vc_column width=&#8221;1\/2&#8243;][vc_column_text]<strong><span style=\"color: #e5bb5b;\">2019<\/span><\/strong><\/p>\n<p><strong>Flute<\/strong><br \/>\nCarlo Jans (Luxembourg)<br \/>\nMilena Lipov\u0161ek (Slovenia)<br \/>\nMarina Novak (Croatia)<\/p>\n<p><strong>Clarinet<\/strong><br \/>\nTadej Kenig (Slovenia)<br \/>\nG\u00e1bor Varga (Hungary)<br \/>\nRadovan Cavallin (Croatia \/ Spain)<\/p>\n<p><strong>Saxophone<\/strong><br \/>\nMiha Rogina (Slovenia)<br \/>\nNikola Fabijani\u0107 (Croatia)<br \/>\nJean \u2013 Yves Fourmeau (France)<\/p>\n<p><strong>Oboe and bassoon<\/strong><br \/>\nBranko Mihanovi\u0107 (Croatia)<br \/>\nSanja Romi\u0107 (Serbia)<br \/>\nMykhaylo Kraynyk (Ukraine \/ Croatia)<\/p>\n<p><strong>Trumpet<\/strong><br \/>\nMarin Zoki\u0107 (Croatia)<br \/>\nStanko Arnold (Slovenia)<br \/>\nDario Teskera (Croatia)<\/p>\n<p><strong>Horn<\/strong><br \/>\nBo\u0161tjan Lipov\u0161ek (Slovenia)<br \/>\nStanko Arnold (Slovenia)<br \/>\nMarin Zoki\u0107 (Croatia)<\/p>\n<p><strong>Trombone, tuba and euphonium<\/strong><br \/>\nDu\u0161an Kranjc (Slovenia)<br \/>\nDanijel Rajkovi\u0107 (Croatia)<br \/>\nAdrian France (United Kingdom)<br \/>\nStefan Konzett \u2013 Grand Prix (Austria)[\/vc_column_text][\/vc_column][vc_column width=&#8221;1\/2&#8243;][vc_empty_space][vc_column_text]<strong><span style=\"color: #e5bb5b;\">2017<\/span><\/strong><\/p>\n<p><strong>Flute<\/strong><br \/>\nStra\u0161o Temkov (Macedonia)<br \/>\nIvana Zahirovi\u0107 \u2013 N\u00e9grerie (France \u2013 Croatia)<br \/>\nMarina Novak (Croatia)<\/p>\n<p><strong>Clarinet<\/strong><br \/>\nTadej Kenig (Slovenia)<br \/>\nLuigi Magistrelli (Italy)<br \/>\nNikola Srdi\u0107 (Serbia)<\/p>\n<p><strong>Saxophone<\/strong><br \/>\nMiha Rogina (Slovenia)<br \/>\nDragan Sremec (Croatia)<br \/>\nPawel Gusnar (Poland)<\/p>\n<p><strong>Oboe and bassoon<\/strong><br \/>\nBranko Mihanovi\u0107 (Croatia)<br \/>\nMatej \u0160arc (Slovenia)<br \/>\nPetar Kri\u017eani\u0107 (Croatia)<\/p>\n<p><strong>Trumpet and horn<\/strong><br \/>\nStanko Arnold (Slovenia)<br \/>\nMarin Zoki\u0107 (Croatia)<br \/>\nBo\u0161tjan Lipov\u0161ek (Slovenia)<\/p>\n<p><strong>Trombone, tuba and euphonium<\/strong><br \/>\nDu\u0161an Kranjc (Slovenia)<br \/>\nThomas Eibinger (Austria)<br \/>\nJosef Steinb\u00f6ck (Austria &#8211; Germany)[\/vc_column_text][\/vc_column][\/vc_row][vc_row][vc_column width=&#8221;1\/2&#8243;][vc_column_text]<strong><span style=\"color: #e5bb5b;\">2016<\/span><\/strong><\/p>\n<p><strong>Flute<\/strong><br \/>\nMarina Novak (Croatia)<br \/>\nMatej Zupan(Slovenia)<br \/>\nLaura Levai Aksin (Serbia)<\/p>\n<p><strong>Clarinet<\/strong><br \/>\nTadej Kenig (Slovenia)<br \/>\nMilko Pravdi\u0107 (Croatia)<br \/>\n\u017deljko Mili\u0107 (Croatia)<\/p>\n<p><strong>Saxophone<\/strong><br \/>\nLars Mlekusch (Austria)<br \/>\nMiha Rogina (Slovenia)<br \/>\nTomislav \u017du\u017eak (Croatia)<\/p>\n<p><strong>Oboe and bassoon<\/strong><br \/>\nBranko Mihanovi\u0107 (Croatia)<br \/>\nMatej \u0160arc (Slovenia)<br \/>\nPetar Kri\u017eani\u0107 (Croatia)<\/p>\n<p><strong>Trumpet, trombone, horn, euphonium and tuba<\/strong><br \/>\nStanko Arnold (Slovenia)<br \/>\nMarin Zoki\u0107 (Croatia)<br \/>\nDu\u0161an Kranjc (Slovenia)<br \/>\nBank Harkay (Croatia)<br \/>\nJosef Maierhofer (Austria)[\/vc_column_text][\/vc_column][vc_column width=&#8221;1\/2&#8243;][vc_column_text]<strong><span style=\"color: #e5bb5b;\">2015<\/span><\/strong><\/p>\n<p><strong>Flute<\/strong><br \/>\nRenata Penezi\u0107 (Croatia)<br \/>\nMatej Zupan (Slovenia)<br \/>\nMatei Ioachimescu (Romania)<br \/>\nEric Lamb (USA)<\/p>\n<p><strong>Clarinet<\/strong><br \/>\nMilko Pravdi\u0107 (Croatia)<br \/>\nTadej Kenig (Slovenia)<br \/>\n\u017deljko Mili\u0107 (Croatia)<\/p>\n<p><strong>Saxophone<\/strong><br \/>\nDragan Sremec (Croatia)<br \/>\nMiha Rogina (Slovenia)<br \/>\nMatja\u017e Dreven\u0161ek ( Slovenia)<\/p>\n<p><strong>Trumpet, trombone, horn, euphonium and tuba<\/strong><br \/>\nStanko Arnold ( Slovenia)<br \/>\nMarin Zoki\u0107 (Croatia)<br \/>\nCarsten Svanberg (Denmark)<br \/>\nBank Harkay (Croatia)<br \/>\nJosef Maierhofer (Austria)[\/vc_column_text][\/vc_column][\/vc_row]<\/p>\n","protected":false},"excerpt":{"rendered":"<p>[vc_row][vc_column][vc_empty_space][\/vc_column][\/vc_row][vc_row][vc_column width=&#8221;1\/2&#8243;][vc_column_text]2023 Flute CATEGORIES C, D, E, F and GRAND PRIX Marko Zupan, Slovenia Riccardo Ghiani, Italy Dejan Gavri\u0107, Germany CATEGORIES A and B Milena Lipov\u0161ek, Slovenia Jelena Valkovi\u0107, Hrvatska Danijela Klari\u0107 Mimica, Croatia Clarinet Mihael Paar, Croatia Ognjen Popovi\u0107, Serbia Jo\u017ee Kotar, Slovenia Oboe &amp; Bassoon Silvija Fagarazzi, Croatia Branko Mihanovi\u0107, Croatia Istvan Matay, [&hellip;]<\/p>\n","protected":false},"author":1,"featured_media":0,"parent":0,"menu_order":0,"comment_status":"closed","ping_status":"closed","template":"","meta":{"pmpro_default_level":"","ngg_post_thumbnail":0,"footnotes":""},"translation":{"provider":"WPGlobus","version":"3.0.0","language":"en","enabled_languages":["hr","en"],"languages":{"hr":{"title":true,"content":true,"excerpt":false},"en":{"title":true,"content":true,"excerpt":false}}},"_links":{"self":[{"href":"https:\/\/natjecanje.hr\/en\/wp-json\/wp\/v2\/pages\/3469"}],"collection":[{"href":"https:\/\/natjecanje.hr\/en\/wp-json\/wp\/v2\/pages"}],"about":[{"href":"https:\/\/natjecanje.hr\/en\/wp-json\/wp\/v2\/types\/page"}],"author":[{"embeddable":true,"href":"https:\/\/natjecanje.hr\/en\/wp-json\/wp\/v2\/users\/1"}],"replies":[{"embeddable":true,"href":"https:\/\/natjecanje.hr\/en\/wp-json\/wp\/v2\/comments?post=3469"}],"version-history":[{"count":7,"href":"https:\/\/natjecanje.hr\/en\/wp-json\/wp\/v2\/pages\/3469\/revisions"}],"predecessor-version":[{"id":7103,"href":"https:\/\/natjecanje.hr\/en\/wp-json\/wp\/v2\/pages\/3469\/revisions\/7103"}],"wp:attachment":[{"href":"https:\/\/natjecanje.hr\/en\/wp-json\/wp\/v2\/media?parent=3469"}],"curies":[{"name":"wp","href":"https:\/\/api.w.org\/{rel}","templated":true}]}}