{"id":3329,"date":"2019-12-05T09:11:54","date_gmt":"2019-12-05T08:11:54","guid":{"rendered":"http:\/\/redizajn.natjecanje.hr\/?page_id=3329"},"modified":"2022-02-02T12:23:14","modified_gmt":"2022-02-02T11:23:14","slug":"giuliano-adorno","status":"publish","type":"page","link":"https:\/\/natjecanje.hr\/en\/giuliano-adorno\/","title":{"rendered":"Giuliano Adorno"},"content":{"rendered":"<p>[vc_row][vc_column][vc_empty_space][vc_single_image image=&#8221;3293&#8243; img_size=&#8221;200&#215;298&#8243;][vc_column_text]<\/p>\n<p>Giuliano Adorno graduated in June 1999 under the guidance of M\u00b0 Antonio Di Cristofano and attended the advanced courses at the Ecole Normale \u201cA. Cortot\u201d in Paris witjh Nelson Delle Vigne and later in Madrid with Leonel Morales. He joined several National and International piano competitions, having been consistently winner and awarded: &#8220;F.I.D.A.P.A\u201d , Pisa; &#8220;Citt\u00e0 di Albenga&#8221;; &#8220;Giulio Rospigliosi&#8221;, Lamporecchio(PT) , \u201cTerme di Saturnia\u201d, Saturnia; \u201cUliveto Terme\u201d, Pisa; &#8220;Franz Schubert&#8221; , Tagliolo Monferrato; \u201cCitt\u00e0 di Cesenatico\u201d, &#8220;Citt\u00e0 di S.Giuliano Terme&#8221;(PI), Mallorca International Music Competition , Mendelssohn Piano Competition (Le), \u201cAnton Garcia Abril\u201d in Teruel, Spain.<\/p>\n<p>He performed all over Italy and Europe and held concerts in Salle Munch and Salle Cortot in Paris; Concert Noble and Maison du commune de Anderlecht, Bruxelles; Sala de Plenos, Auditorium \u201cManuel de Falla\u201d, Castle of Alhambra, Granada; Asociaci\u00f2n Ars et Musica, Valencia; Parador de X\u00e0bia, Alicante; Volkshochschule Reutlingen, Stuttgart; Sinkt Andraa Kirke, Salzburg; Societ\u00e0 Dante Alighieri, Bern; Festival Pianistico di Grosseto, Terme di Saturnia, Teatro di Cesenatico, Teatro di Marina di Pietrasanta, Mendelssohn Festival (LE), Chiesa dei Ss. Apostoli, Sala Baldini, Domus Talenti, Roma, Sala Monteverdi Cremona, Festival Echos Alessandria, Auditorium del conservatorio di Cagliari, European museum of Modern arts Barcelona etc.<\/p>\n<p>His wide repertoire includes solo works, chamber music works and several piano concerts. He cooperated in chambre music projects with artists such as oboist Albrecht Mayer, Soprano Elisabeth Norberg-Schultz, Cellist Hans-Eberhard Dentler. He recently toured Japan (TokyoNagoyaChiba) in piano duo with pianist Yukiko Hirano with a program about the diplomatic relationship ItalyJapan and most recently made his debut in Warsaw at Park Lazienki Chopin concerts series, organized by the Chopin Society. In 2016 he performed the renowned Rhapsody in Blue by G. Gershwin with the Italian National Police State Band, conducted by M\u00b0 Maurizio Billi. He is steadily cooperationg with Grosseto Symphony Orchestra, with which he recently performed Rachmaninov Piano concerto op. 18 and Beethoven op. 15 and op. 58 Piano concertos, as well as Liszt 1st piano concerto.<\/p>\n<p>He is an artistic director of Orbetello Piano Festival since 2012, and since 2017 he is the founder and artistic director of Orbetello International Piano Competition. In September 2022 he performed Saint-Saens piano concerto no. 2 with Sanremo Simphony Orchestra. He is organizer and artistic director of Orbetello Piano Festival and Orbetello Piano Competition. He is currently a teacher at Conservatorio &#8220;F. Torrefranca&#8221; Vibo Valentia, Italy[\/vc_column_text][\/vc_column][\/vc_row]<\/p>\n","protected":false},"excerpt":{"rendered":"<p>[vc_row][vc_column][vc_empty_space][vc_single_image image=&#8221;3293&#8243; img_size=&#8221;200&#215;298&#8243;][vc_column_text] Giuliano Adorno graduated in June 1999 under the guidance of M\u00b0 Antonio Di Cristofano and attended the advanced courses at the Ecole Normale \u201cA. Cortot\u201d in Paris witjh Nelson Delle Vigne and later in Madrid with Leonel Morales. He joined several National and International piano competitions, having been consistently winner and awarded: [&hellip;]<\/p>\n","protected":false},"author":1,"featured_media":0,"parent":0,"menu_order":0,"comment_status":"closed","ping_status":"closed","template":"","meta":{"pmpro_default_level":"","ngg_post_thumbnail":0,"footnotes":""},"translation":{"provider":"WPGlobus","version":"3.0.0","language":"en","enabled_languages":["hr","en"],"languages":{"hr":{"title":true,"content":true,"excerpt":false},"en":{"title":true,"content":true,"excerpt":false}}},"_links":{"self":[{"href":"https:\/\/natjecanje.hr\/en\/wp-json\/wp\/v2\/pages\/3329"}],"collection":[{"href":"https:\/\/natjecanje.hr\/en\/wp-json\/wp\/v2\/pages"}],"about":[{"href":"https:\/\/natjecanje.hr\/en\/wp-json\/wp\/v2\/types\/page"}],"author":[{"embeddable":true,"href":"https:\/\/natjecanje.hr\/en\/wp-json\/wp\/v2\/users\/1"}],"replies":[{"embeddable":true,"href":"https:\/\/natjecanje.hr\/en\/wp-json\/wp\/v2\/comments?post=3329"}],"version-history":[{"count":1,"href":"https:\/\/natjecanje.hr\/en\/wp-json\/wp\/v2\/pages\/3329\/revisions"}],"predecessor-version":[{"id":5747,"href":"https:\/\/natjecanje.hr\/en\/wp-json\/wp\/v2\/pages\/3329\/revisions\/5747"}],"wp:attachment":[{"href":"https:\/\/natjecanje.hr\/en\/wp-json\/wp\/v2\/media?parent=3329"}],"curies":[{"name":"wp","href":"https:\/\/api.w.org\/{rel}","templated":true}]}}