{"id":3297,"date":"2019-12-03T12:37:06","date_gmt":"2019-12-03T11:37:06","guid":{"rendered":"http:\/\/redizajn.natjecanje.hr\/?page_id=3297"},"modified":"2025-10-29T10:58:40","modified_gmt":"2025-10-29T09:58:40","slug":"ocjenjivacki-sud-od-2015-godine","status":"publish","type":"page","link":"https:\/\/natjecanje.hr\/en\/ocjenjivacki-sud-od-2015-godine\/","title":{"rendered":"BOARD OF JUDGES SINCE 2015"},"content":{"rendered":"<p>[vc_row][vc_column width=&#8221;1\/2&#8243;][vc_empty_space][vc_column_text]<strong><span style=\"color: #e5bb5b;\">2024.<\/span><\/strong><\/p>\n<p>Katarina Krpan (Croatia)<br \/>\nJean-Fran\u00e7ois Antonioli (Switzerland)<br \/>\nJasminka Stan\u010dul (Austria)<br \/>\nGiuseppe Devastato (Italy)<br \/>\nFrancesca Vidal (Italy)[\/vc_column_text][\/vc_column][vc_column width=&#8221;1\/2&#8243;][vc_empty_space][vc_column_text]<strong><span style=\"color: #e5bb5b;\">2021.<\/span><\/strong><\/p>\n<p>\u0110or\u0111e Stanetti (Croatia)<br \/>\nXin Wang (China)<br \/>\nK\u00e1lm\u00e1n Dr\u00e1fi (Hungary)<br \/>\nGiuliano Adorno (Italy)<br \/>\nNata\u0161a Veljkovi\u0107 (Serbia)[\/vc_column_text][\/vc_column][\/vc_row][vc_row][vc_column width=&#8221;1\/2&#8243;][vc_empty_space][vc_column_text]<strong><span style=\"color: #e5bb5b;\">2018.<\/span><\/strong><\/p>\n<p>Vladimir Krpan (Croatia)<br \/>\nNataliya Trull (Russia)<br \/>\nGrigory Gruzman (Germany)<br \/>\nMilana Chernyavska (Germany \u2013 Ukraine)<br \/>\nAleksandar Serdar (Serbia)[\/vc_column_text][\/vc_column][vc_column width=&#8221;1\/2&#8243;][vc_empty_space][vc_column_text]<strong><span style=\"color: #e5bb5b;\">2017.<\/span><\/strong><\/p>\n<p>\u0110or\u0111e Stanetti (Croatia)<br \/>\nMilana Chernyavska (Germany &#8211; Ukraine)<br \/>\nLuca Trabucco (Italy)<br \/>\nNata\u0161a Veljkovi\u0107 (Serbia \u2013 Austria)<br \/>\nRatko Delorko (Germany)[\/vc_column_text][\/vc_column][\/vc_row][vc_row][vc_column width=&#8221;1\/2&#8243;][vc_column_text]<strong><span style=\"color: #e5bb5b;\">2016.<\/span><\/strong><\/p>\n<p>\u0110or\u0111e Stanetti (Croatia)<br \/>\nMilana Chernyavska (Germany)<br \/>\nZuzana Niederdorfer ( Slovakia\/Austria)<br \/>\nLuca Trabucco (Italy)<br \/>\nYoko Nishii (Japan)[\/vc_column_text][\/vc_column][vc_column width=&#8221;1\/2&#8243;][vc_column_text]<strong><span style=\"color: #e5bb5b;\">2015.<\/span><\/strong><\/p>\n<p>\u0110or\u0111e Stanetti ( Croatia)<br \/>\nAndreas Weber (Austria)<br \/>\nNina Patar\u010dec Crenne ( France)<br \/>\nBiljana Gorunovi\u0107 (Serbia)[\/vc_column_text][\/vc_column][\/vc_row]<\/p>\n","protected":false},"excerpt":{"rendered":"<p>[vc_row][vc_column width=&#8221;1\/2&#8243;][vc_empty_space][vc_column_text]2024. Katarina Krpan (Croatia) Jean-Fran\u00e7ois Antonioli (Switzerland) Jasminka Stan\u010dul (Austria) Giuseppe Devastato (Italy) Francesca Vidal (Italy)[\/vc_column_text][\/vc_column][vc_column width=&#8221;1\/2&#8243;][vc_empty_space][vc_column_text]2021. \u0110or\u0111e Stanetti (Croatia) Xin Wang (China) K\u00e1lm\u00e1n Dr\u00e1fi (Hungary) Giuliano Adorno (Italy) Nata\u0161a Veljkovi\u0107 (Serbia)[\/vc_column_text][\/vc_column][\/vc_row][vc_row][vc_column width=&#8221;1\/2&#8243;][vc_empty_space][vc_column_text]2018. Vladimir Krpan (Croatia) Nataliya Trull (Russia) Grigory Gruzman (Germany) Milana Chernyavska (Germany \u2013 Ukraine) Aleksandar Serdar (Serbia)[\/vc_column_text][\/vc_column][vc_column width=&#8221;1\/2&#8243;][vc_empty_space][vc_column_text]2017. \u0110or\u0111e Stanetti (Croatia) [&hellip;]<\/p>\n","protected":false},"author":1,"featured_media":0,"parent":0,"menu_order":0,"comment_status":"closed","ping_status":"closed","template":"","meta":{"pmpro_default_level":"","ngg_post_thumbnail":0,"footnotes":""},"translation":{"provider":"WPGlobus","version":"3.0.0","language":"en","enabled_languages":["hr","en"],"languages":{"hr":{"title":true,"content":true,"excerpt":false},"en":{"title":true,"content":true,"excerpt":false}}},"_links":{"self":[{"href":"https:\/\/natjecanje.hr\/en\/wp-json\/wp\/v2\/pages\/3297"}],"collection":[{"href":"https:\/\/natjecanje.hr\/en\/wp-json\/wp\/v2\/pages"}],"about":[{"href":"https:\/\/natjecanje.hr\/en\/wp-json\/wp\/v2\/types\/page"}],"author":[{"embeddable":true,"href":"https:\/\/natjecanje.hr\/en\/wp-json\/wp\/v2\/users\/1"}],"replies":[{"embeddable":true,"href":"https:\/\/natjecanje.hr\/en\/wp-json\/wp\/v2\/comments?post=3297"}],"version-history":[{"count":4,"href":"https:\/\/natjecanje.hr\/en\/wp-json\/wp\/v2\/pages\/3297\/revisions"}],"predecessor-version":[{"id":7759,"href":"https:\/\/natjecanje.hr\/en\/wp-json\/wp\/v2\/pages\/3297\/revisions\/7759"}],"wp:attachment":[{"href":"https:\/\/natjecanje.hr\/en\/wp-json\/wp\/v2\/media?parent=3297"}],"curies":[{"name":"wp","href":"https:\/\/api.w.org\/{rel}","templated":true}]}}