{"id":3212,"date":"2019-11-29T08:59:34","date_gmt":"2019-11-29T07:59:34","guid":{"rendered":"http:\/\/redizajn.natjecanje.hr\/?page_id=3212"},"modified":"2022-05-26T17:06:01","modified_gmt":"2022-05-26T15:06:01","slug":"memorijal-jurica-murai","status":"publish","type":"page","link":"https:\/\/natjecanje.hr\/en\/tribute-to-jurica-murai\/","title":{"rendered":"TRIBUTE TO JURICA MURAI"},"content":{"rendered":"<p>[vc_row][vc_column][vc_empty_space][\/vc_column][\/vc_row][vc_row][vc_column width=&#8221;1\/3&#8243;][vc_single_image image=&#8221;3837&#8243; img_size=&#8221;500&#215;692&#8243; onclick=&#8221;custom_link&#8221; link=&#8221;https:\/\/natjecanje.hr\/4-medunarodno-natjecanje-pijanista\/&#8221;][vc_column_text]<span style=\"color: #e5bb5b;\">4th International Piano Competition \u2013 Grand opening 2018<br \/>\n<\/span>[\/vc_column_text][\/vc_column][vc_column width=&#8221;1\/3&#8243;][vc_single_image image=&#8221;3608&#8243; img_size=&#8221;500&#215;692&#8243; onclick=&#8221;custom_link&#8221; link=&#8221;https:\/\/natjecanje.hr\/koncert-filip-fak-dorde-stanetti-hrvoje-sekovanic-josip-konfic\/&#8221;][vc_column_text]<span style=\"color: #e5bb5b;\">Concert Filip Fak, \u0110or\u0111e Stanetti, Hrvoje Sekovani\u0107, Josip Konfic<\/span>[\/vc_column_text][\/vc_column][vc_column width=&#8221;1\/3&#8243;][vc_single_image image=&#8221;4358&#8243; img_size=&#8221;500&#215;692&#8243; onclick=&#8221;custom_link&#8221; link=&#8221;https:\/\/natjecanje.hr\/nagradeni-ucenici-glazbene-skole-u-varazdinu\/&#8221;][vc_column_text]<span style=\"color: #e5bb5b;\"><a style=\"color: #e5bb5b;\" href=\"https:\/\/natjecanje.hr\/nagradeni-ucenici-glazbene-skole-u-varazdinu\/\"><span style=\"color: ##e5bb5b;\">Awarded students of Vara\u017edin School of Music<\/span><\/a><\/span>[\/vc_column_text][\/vc_column][\/vc_row][vc_row][vc_column width=&#8221;1\/3&#8243;][vc_single_image image=&#8221;3775&#8243; img_size=&#8221;500&#215;692&#8243; onclick=&#8221;custom_link&#8221; link=&#8221;https:\/\/natjecanje.hr\/zavrsni-koncert-natjecanja-2\/&#8221;][vc_column_text]<a href=\"https:\/\/natjecanje.hr\/zavrsni-koncert-natjecanja-2\/\"><span style=\"color: #e5bb5b;\">Final concert of the Competition 2018<\/span><\/a>[\/vc_column_text][\/vc_column][vc_column width=&#8221;1\/3&#8243;][vc_single_image image=&#8221;3782&#8243; img_size=&#8221;500&#215;692&#8243; onclick=&#8221;custom_link&#8221; link=&#8221;https:\/\/natjecanje.hr\/3-medunarodno-natjecanje-pijanista\/&#8221;][vc_column_text]<a href=\"https:\/\/natjecanje.hr\/3-medunarodno-natjecanje-pijanista\/\"><span style=\"color: #e5bb5b;\">3rd International Piano Competition \u2013 Grand opening 2017<\/span><\/a>[\/vc_column_text][\/vc_column][vc_column width=&#8221;1\/3&#8243;][vc_single_image image=&#8221;3796&#8243; img_size=&#8221;500&#215;692&#8243; onclick=&#8221;custom_link&#8221; link=&#8221;https:\/\/natjecanje.hr\/koncert-luca-trabucco\/&#8221;][vc_column_text]<a href=\"https:\/\/natjecanje.hr\/koncert-luca-trabucco\/\"><span style=\"color: #e5bb5b;\">Concert Luca Trabucco<\/span><\/a>[\/vc_column_text][\/vc_column][\/vc_row][vc_row][vc_column width=&#8221;1\/3&#8243;][vc_single_image image=&#8221;3823&#8243; img_size=&#8221;500&#215;692&#8243; onclick=&#8221;custom_link&#8221; link=&#8221;https:\/\/natjecanje.hr\/zavrsni-koncert-natjecanja-4\/&#8221;][vc_column_text]<a href=\"https:\/\/natjecanje.hr\/zavrsni-koncert-natjecanja-4\/\"><span style=\"color: #e5bb5b;\">Final concert of the Competition 2017<\/span><\/a>[\/vc_column_text][\/vc_column][vc_column width=&#8221;1\/3&#8243;][vc_single_image image=&#8221;3851&#8243; img_size=&#8221;500&#215;692&#8243; onclick=&#8221;custom_link&#8221; link=&#8221;https:\/\/natjecanje.hr\/2-medunarodno-natjecanje-pijanista\/&#8221;][vc_column_text]<a href=\"https:\/\/natjecanje.hr\/2-medunarodno-natjecanje-pijanista\/\"><span style=\"color: #e5bb5b;\">2nd International Piano Competition \u2013 Grand opening 2016<\/span><\/a>[\/vc_column_text][\/vc_column][vc_column width=&#8221;1\/3&#8243;][vc_single_image image=&#8221;3828&#8243; img_size=&#8221;500&#215;692&#8243; onclick=&#8221;custom_link&#8221; link=&#8221;https:\/\/natjecanje.hr\/koncert-aljosa-jurinic\/&#8221;][vc_column_text]<a href=\"https:\/\/natjecanje.hr\/koncert-aljosa-jurinic\/\"><span style=\"color: #e5bb5b;\">Concert Aljo\u0161a Jurini\u0107<\/span><\/a>[\/vc_column_text][\/vc_column][\/vc_row][vc_row][vc_column width=&#8221;1\/3&#8243;][vc_single_image image=&#8221;3871&#8243; img_size=&#8221;500&#215;692&#8243; onclick=&#8221;custom_link&#8221; link=&#8221;https:\/\/natjecanje.hr\/zavrsni-koncert-natjecanja-2016-godina\/&#8221;][vc_column_text]<a href=\"https:\/\/natjecanje.hr\/zavrsni-koncert-natjecanja-2016-godina\/\"><span style=\"color: #e5bb5b;\">Final concert of the Competition 2016<\/span><\/a>[\/vc_column_text][\/vc_column][vc_column width=&#8221;1\/3&#8243;][vc_single_image image=&#8221;3874&#8243; img_size=&#8221;500&#215;692&#8243; onclick=&#8221;custom_link&#8221; link=&#8221;https:\/\/natjecanje.hr\/3-medunarodno-natjecanje-pijanista\/&#8221;][vc_column_text]<a href=\"https:\/\/natjecanje.hr\/3-medunarodno-natjecanje-pijanista\/\"><span style=\"color: #e5bb5b;\">1st International Piano Competition 2015<\/span><\/a>[\/vc_column_text][\/vc_column][vc_column width=&#8221;1\/3&#8243;][\/vc_column][\/vc_row]<\/p>\n","protected":false},"excerpt":{"rendered":"<p>[vc_row][vc_column][vc_empty_space][\/vc_column][\/vc_row][vc_row][vc_column width=&#8221;1\/3&#8243;][vc_single_image image=&#8221;3837&#8243; img_size=&#8221;500&#215;692&#8243; onclick=&#8221;custom_link&#8221; link=&#8221;https:\/\/natjecanje.hr\/4-medunarodno-natjecanje-pijanista\/&#8221;][vc_column_text]4th International Piano Competition \u2013 Grand opening 2018 [\/vc_column_text][\/vc_column][vc_column width=&#8221;1\/3&#8243;][vc_single_image image=&#8221;3608&#8243; img_size=&#8221;500&#215;692&#8243; onclick=&#8221;custom_link&#8221; link=&#8221;https:\/\/natjecanje.hr\/koncert-filip-fak-dorde-stanetti-hrvoje-sekovanic-josip-konfic\/&#8221;][vc_column_text]Concert Filip Fak, \u0110or\u0111e Stanetti, Hrvoje Sekovani\u0107, Josip Konfic[\/vc_column_text][\/vc_column][vc_column width=&#8221;1\/3&#8243;][vc_single_image image=&#8221;4358&#8243; img_size=&#8221;500&#215;692&#8243; onclick=&#8221;custom_link&#8221; link=&#8221;https:\/\/natjecanje.hr\/nagradeni-ucenici-glazbene-skole-u-varazdinu\/&#8221;][vc_column_text]Awarded students of Vara\u017edin School of Music[\/vc_column_text][\/vc_column][\/vc_row][vc_row][vc_column width=&#8221;1\/3&#8243;][vc_single_image image=&#8221;3775&#8243; img_size=&#8221;500&#215;692&#8243; onclick=&#8221;custom_link&#8221; link=&#8221;https:\/\/natjecanje.hr\/zavrsni-koncert-natjecanja-2\/&#8221;][vc_column_text]Final concert of the Competition 2018[\/vc_column_text][\/vc_column][vc_column width=&#8221;1\/3&#8243;][vc_single_image image=&#8221;3782&#8243; img_size=&#8221;500&#215;692&#8243; onclick=&#8221;custom_link&#8221; link=&#8221;https:\/\/natjecanje.hr\/3-medunarodno-natjecanje-pijanista\/&#8221;][vc_column_text]3rd International Piano [&hellip;]<\/p>\n","protected":false},"author":1,"featured_media":0,"parent":0,"menu_order":0,"comment_status":"closed","ping_status":"closed","template":"","meta":{"pmpro_default_level":"","ngg_post_thumbnail":0,"footnotes":""},"translation":{"provider":"WPGlobus","version":"3.0.0","language":"en","enabled_languages":["hr","en"],"languages":{"hr":{"title":true,"content":true,"excerpt":false},"en":{"title":true,"content":true,"excerpt":false}}},"_links":{"self":[{"href":"https:\/\/natjecanje.hr\/en\/wp-json\/wp\/v2\/pages\/3212"}],"collection":[{"href":"https:\/\/natjecanje.hr\/en\/wp-json\/wp\/v2\/pages"}],"about":[{"href":"https:\/\/natjecanje.hr\/en\/wp-json\/wp\/v2\/types\/page"}],"author":[{"embeddable":true,"href":"https:\/\/natjecanje.hr\/en\/wp-json\/wp\/v2\/users\/1"}],"replies":[{"embeddable":true,"href":"https:\/\/natjecanje.hr\/en\/wp-json\/wp\/v2\/comments?post=3212"}],"version-history":[{"count":4,"href":"https:\/\/natjecanje.hr\/en\/wp-json\/wp\/v2\/pages\/3212\/revisions"}],"predecessor-version":[{"id":6028,"href":"https:\/\/natjecanje.hr\/en\/wp-json\/wp\/v2\/pages\/3212\/revisions\/6028"}],"wp:attachment":[{"href":"https:\/\/natjecanje.hr\/en\/wp-json\/wp\/v2\/media?parent=3212"}],"curies":[{"name":"wp","href":"https:\/\/api.w.org\/{rel}","templated":true}]}}