{"id":3206,"date":"2019-11-29T08:13:45","date_gmt":"2019-11-29T07:13:45","guid":{"rendered":"http:\/\/redizajn.natjecanje.hr\/?page_id=3206"},"modified":"2024-09-07T19:22:54","modified_gmt":"2024-09-07T17:22:54","slug":"kontakti","status":"publish","type":"page","link":"https:\/\/natjecanje.hr\/en\/contacts\/","title":{"rendered":"Contacts"},"content":{"rendered":"<p>[vc_row][vc_column][vc_empty_space][vc_column_text]<strong>International Competitions of Vara\u017edin School of Music<\/strong><\/p>\n<p><strong>International Piano Competition<\/strong><br \/>\nTribute to Jurica Murai and Murai Grand Prix<\/p>\n<p><strong>International Woodwind &amp; Brass Competition<\/strong><br \/>\nVara\u017edin Woodwind &amp; Brass and Vara\u017edin Woodwind &amp; Brass Grand Prix<\/p>\n<p>Vara\u017edin School of Music<br \/>\nKapucinski trg 8<br \/>\n42000 Vara\u017edin<\/p>\n<p>E-mail: <a href=\"mailto:memorijal.jurica.murai@gmail.com\">memorijal.jurica.murai@gmail.com<\/a><br \/>\n<a href=\"mailto:vz.woodwind.brass@gmail.com\">&nbsp;&nbsp;&nbsp;&nbsp;&nbsp;&nbsp;&nbsp;&nbsp;&nbsp;&nbsp;&nbsp; vz.woodwind.brass<span class=\"\">@gmail.com<\/span><\/a><br \/>\nContact: 042\/213-123<\/p>\n<p><strong>Davor Mata\u010di\u0107<\/strong><br \/>\n<em>Artistic director and President of the Organisation committee<\/em><\/p>\n<p><strong>Danijel Oto<\/strong><br \/>\n<em>Secretary of the International Competition Tribute to Jurica Murai and Murai Grand Prix<\/em><\/p>\n<p><strong>Andrej Skender<\/strong><br \/>\n<em>Secretary of the International Competition Vara\u017edin Woodwind &amp; Brass and Vara\u017edin Woodwind &amp; Brass Grand Prix<br \/>\n<\/em><\/p>\n<p><strong>Nikola Novak<\/strong><br \/>\n<em>Production Manager<\/em><\/p>\n<p><strong>Sanja Buhin<\/strong><br \/>\n<em>Production, Marketing &amp; Publicity<\/em><\/p>\n<p><strong>Mirka Varga<\/strong><br \/>\n<em>Treasurer<\/em><\/p>\n<p><strong>Tomislav Sovi\u0107<\/strong><br \/>\n<em>Design<\/em><\/p>\n<p><strong>Foto agencija sjever<\/strong><br \/>\n<em>Photography<\/em><\/p>\n<p><strong>nuArs<\/strong><br \/>\n<em>Official Streaming Partner<\/em>[\/vc_column_text][\/vc_column][\/vc_row]<\/p>\n","protected":false},"excerpt":{"rendered":"<p>[vc_row][vc_column][vc_empty_space][vc_column_text]International Competitions of Vara\u017edin School of Music International Piano Competition Tribute to Jurica Murai and Murai Grand Prix International Woodwind &amp; Brass Competition Vara\u017edin Woodwind &amp; Brass and Vara\u017edin Woodwind &amp; Brass Grand Prix Vara\u017edin School of Music Kapucinski trg 8 42000 Vara\u017edin E-mail: memorijal.jurica.murai@gmail.com &nbsp;&nbsp;&nbsp;&nbsp;&nbsp;&nbsp;&nbsp;&nbsp;&nbsp;&nbsp;&nbsp; vz.woodwind.brass@gmail.com Contact: 042\/213-123 Davor Mata\u010di\u0107 Artistic director and President [&hellip;]<\/p>\n","protected":false},"author":1,"featured_media":0,"parent":0,"menu_order":0,"comment_status":"closed","ping_status":"closed","template":"","meta":{"pmpro_default_level":"","ngg_post_thumbnail":0,"footnotes":""},"translation":{"provider":"WPGlobus","version":"3.0.0","language":"en","enabled_languages":["hr","en"],"languages":{"hr":{"title":true,"content":true,"excerpt":false},"en":{"title":true,"content":true,"excerpt":false}}},"_links":{"self":[{"href":"https:\/\/natjecanje.hr\/en\/wp-json\/wp\/v2\/pages\/3206"}],"collection":[{"href":"https:\/\/natjecanje.hr\/en\/wp-json\/wp\/v2\/pages"}],"about":[{"href":"https:\/\/natjecanje.hr\/en\/wp-json\/wp\/v2\/types\/page"}],"author":[{"embeddable":true,"href":"https:\/\/natjecanje.hr\/en\/wp-json\/wp\/v2\/users\/1"}],"replies":[{"embeddable":true,"href":"https:\/\/natjecanje.hr\/en\/wp-json\/wp\/v2\/comments?post=3206"}],"version-history":[{"count":2,"href":"https:\/\/natjecanje.hr\/en\/wp-json\/wp\/v2\/pages\/3206\/revisions"}],"predecessor-version":[{"id":7050,"href":"https:\/\/natjecanje.hr\/en\/wp-json\/wp\/v2\/pages\/3206\/revisions\/7050"}],"wp:attachment":[{"href":"https:\/\/natjecanje.hr\/en\/wp-json\/wp\/v2\/media?parent=3206"}],"curies":[{"name":"wp","href":"https:\/\/api.w.org\/{rel}","templated":true}]}}