{"id":3198,"date":"2019-11-29T08:13:00","date_gmt":"2019-11-29T07:13:00","guid":{"rendered":"http:\/\/redizajn.natjecanje.hr\/?page_id=3198"},"modified":"2025-02-15T19:32:40","modified_gmt":"2025-02-15T18:32:40","slug":"ocjenjivacki-sud-2","status":"publish","type":"page","link":"https:\/\/natjecanje.hr\/en\/jury-members-2\/","title":{"rendered":"JURY MEMBERS"},"content":{"rendered":"<p>[vc_row][vc_column][vc_empty_space][vc_column_text]<\/p>\n<div class=\"wpb_text_column wpb_content_element \">\n<div class=\"wpb_wrapper\">\n<p><strong>JURY MEMBERS 2025<\/strong><\/p>\n<p>Participants of the Vara\u017edin Woodwind &amp; Brass and Vara\u017edin Woodwind &amp; Brass Grand Prix competition 2025 will be judged by the International jury members, including:<\/p>\n<p style=\"margin: 0cm; margin-bottom: .0001pt;\"><strong>FLUTE<\/strong><\/p>\n<p style=\"margin: 0cm; margin-bottom: .0001pt;\"><em>CATEGORIES A &#8211; D<\/em><\/p>\n<p style=\"margin: 0cm; margin-bottom: .0001pt;\"><strong><a href=\"https:\/\/natjecanje.hr\/en\/ana-kavcic-pucihar\/\" target=\"_blank\" rel=\"noopener\">Ana Kav\u010di\u0107 Pucihar, Slovenia<\/a><\/strong><br \/>\n<strong><a href=\"https:\/\/natjecanje.hr\/en\/marija-esih\/\" target=\"_blank\" rel=\"noopener\">Marija Esih, Croatia<\/a><\/strong><br \/>\n<strong><a href=\"https:\/\/natjecanje.hr\/en\/lidija-ljubicic\/\" target=\"_blank\" rel=\"noopener\">Lidija Ljubi\u010di\u0107, Croatia<\/a><\/strong><\/p>\n<p style=\"margin: 0cm; margin-bottom: .0001pt;\"><em>CATEGORIES E-F<\/em><\/p>\n<p style=\"margin: 0cm; margin-bottom: .0001pt;\"><strong><a href=\"https:\/\/natjecanje.hr\/en\/matej-zupan-2\/\" target=\"_blank\" rel=\"noopener\">Matej Zupan, Slovenija<\/a><\/strong><\/p>\n<p style=\"margin: 0cm; margin-bottom: .0001pt;\"><strong><a href=\"https:\/\/natjecanje.hr\/en\/beatriz-macias\/\" target=\"_blank\" rel=\"noopener\">Beatriz Mac\u00edas, USA \/ Mexico<br \/>\n<\/a><a href=\"https:\/\/natjecanje.hr\/en\/jan-ostry\/\" target=\"_blank\" rel=\"noopener\">Jan Ostr\u00fd, Czech Republic<\/a><br \/>\n<\/strong><\/p>\n<p>&nbsp;<\/p>\n<p><strong>CLARINET<\/strong><br \/>\n<a href=\"https:\/\/natjecanje.hr\/en\/mihael-paar\/\" target=\"_blank\" rel=\"noopener\"><strong>Mihael Paar, Croatia<\/strong><\/a><br \/>\n<a href=\"https:\/\/natjecanje.hr\/en\/ognjen-popovic\/\" target=\"_blank\" rel=\"noopener\"><strong>Ognjen Popovi\u0107, Serbia<\/strong><\/a><br \/>\n<strong><a href=\"https:\/\/natjecanje.hr\/en\/joze-kotar\/\">Jo\u017ee Kotar, Slovenia<\/a><\/strong><\/p>\n<p><strong>OBOE &amp; BASSOON<\/strong><br \/>\n<strong><a href=\"https:\/\/natjecanje.hr\/en\/sanja-romic-2\/\" target=\"_blank\" rel=\"noopener\">Sanja Romi\u0107, Serbia<\/a><\/strong><br \/>\n<strong><a href=\"https:\/\/natjecanje.hr\/en\/dario-golcic\/\" target=\"_blank\" rel=\"noopener\">Dario Gol\u010di\u0107, Croatia<\/a><\/strong><br \/>\n<a href=\"https:\/\/natjecanje.hr\/en\/ricardo-luque\/\" target=\"_blank\" rel=\"noopener\"><strong>Ricardo Luque, Croatia \/ Venezuela<\/strong><\/a><\/p>\n<p><strong>SAXOPHONE<\/strong><br \/>\n<strong><a href=\"https:\/\/natjecanje.hr\/en\/alex-pons\/\" target=\"_blank\" rel=\"noopener\">Alex Pons, Spain<\/a><\/strong><br \/>\n<strong><a href=\"https:\/\/natjecanje.hr\/en\/goran-jurkovic\/\" target=\"_blank\" rel=\"noopener\">Goran Jurkovi\u0107, Croatia<\/a><\/strong><br \/>\n<strong><a href=\"https:\/\/natjecanje.hr\/en\/michael-krenn\/\" target=\"_blank\" rel=\"noopener\">Michael Krenn, Austria<\/a><\/strong><\/p>\n<p><strong>TRUMPET &amp; HORN<\/strong><br \/>\n<a href=\"https:\/\/natjecanje.hr\/en\/andrei-kavalinski\/\" target=\"_blank\" rel=\"noopener\"><strong>Andrei Kavalinski, Belgium<\/strong><\/a><br \/>\n<strong><a href=\"https:\/\/natjecanje.hr\/en\/marin-zokic\/\" target=\"_blank\" rel=\"noopener\">Marin Zoki\u0107, Croatia<\/a><br \/>\n<a href=\"https:\/\/natjecanje.hr\/en\/konstantin-timokhine\/\" target=\"_blank\" rel=\"noopener\">Konstantin Timokhine, Switzerland<\/a><br \/>\n<a href=\"https:\/\/natjecanje.hr\/en\/bostjan-lipovsek\/\" target=\"_blank\" rel=\"noopener\">Bo\u0161tjan Lipov\u0161ek, Slovenia<\/a><\/strong><\/p>\n<p style=\"margin: 0cm; margin-bottom: .0001pt;\"><strong>TROMBONE, TUBA &amp; EUPHONIUM<\/strong><\/p>\n<p style=\"margin: 0cm; margin-bottom: .0001pt;\"><a href=\"https:\/\/natjecanje.hr\/en\/andrej-karba\/\" target=\"_blank\" rel=\"noopener\"><strong>Andrej Karba, Slovenia<\/strong><\/a><br \/>\n<strong><a href=\"https:\/\/natjecanje.hr\/en\/francis-magee\/\" target=\"_blank\" rel=\"noopener\">Francis Magee, Ireland<\/a><\/strong><\/p>\n<p style=\"margin: 0cm; margin-bottom: .0001pt;\"><strong><a href=\"https:\/\/natjecanje.hr\/en\/giacomo-marcocig\/\" target=\"_blank\" rel=\"noopener\">Giacomo Marcocig, Italy<\/a><\/strong><\/p>\n<p>&nbsp;<\/p>\n<p>A list of all the&nbsp; Jury members of the Vara\u017edin Woodwind &amp; Brass and Vara\u017edin Woodwind &amp; Brass Grand Prix since 2015 can be found <a href=\"https:\/\/natjecanje.hr\/ocjenjivacki-sud-od-2015-godine-2\/\">here<\/a>.<\/p>\n<\/div>\n<\/div>\n<p>[\/vc_column_text][\/vc_column][\/vc_row]<\/p>\n","protected":false},"excerpt":{"rendered":"<p>[vc_row][vc_column][vc_empty_space][vc_column_text] JURY MEMBERS 2025 Participants of the Vara\u017edin Woodwind &amp; Brass and Vara\u017edin Woodwind &amp; Brass Grand Prix competition 2025 will be judged by the International jury members, including: FLUTE CATEGORIES A &#8211; D Ana Kav\u010di\u0107 Pucihar, Slovenia Marija Esih, Croatia Lidija Ljubi\u010di\u0107, Croatia CATEGORIES E-F Matej Zupan, Slovenija Beatriz Mac\u00edas, USA \/ Mexico Jan [&hellip;]<\/p>\n","protected":false},"author":1,"featured_media":0,"parent":0,"menu_order":0,"comment_status":"closed","ping_status":"closed","template":"","meta":{"pmpro_default_level":"","ngg_post_thumbnail":0,"footnotes":""},"translation":{"provider":"WPGlobus","version":"3.0.0","language":"en","enabled_languages":["hr","en"],"languages":{"hr":{"title":true,"content":true,"excerpt":false},"en":{"title":true,"content":true,"excerpt":false}}},"_links":{"self":[{"href":"https:\/\/natjecanje.hr\/en\/wp-json\/wp\/v2\/pages\/3198"}],"collection":[{"href":"https:\/\/natjecanje.hr\/en\/wp-json\/wp\/v2\/pages"}],"about":[{"href":"https:\/\/natjecanje.hr\/en\/wp-json\/wp\/v2\/types\/page"}],"author":[{"embeddable":true,"href":"https:\/\/natjecanje.hr\/en\/wp-json\/wp\/v2\/users\/1"}],"replies":[{"embeddable":true,"href":"https:\/\/natjecanje.hr\/en\/wp-json\/wp\/v2\/comments?post=3198"}],"version-history":[{"count":223,"href":"https:\/\/natjecanje.hr\/en\/wp-json\/wp\/v2\/pages\/3198\/revisions"}],"predecessor-version":[{"id":7442,"href":"https:\/\/natjecanje.hr\/en\/wp-json\/wp\/v2\/pages\/3198\/revisions\/7442"}],"wp:attachment":[{"href":"https:\/\/natjecanje.hr\/en\/wp-json\/wp\/v2\/media?parent=3198"}],"curies":[{"name":"wp","href":"https:\/\/api.w.org\/{rel}","templated":true}]}}