{"id":3190,"date":"2019-11-28T14:02:04","date_gmt":"2019-11-28T13:02:04","guid":{"rendered":"http:\/\/redizajn.natjecanje.hr\/?page_id=3190"},"modified":"2026-04-15T16:37:39","modified_gmt":"2026-04-15T14:37:39","slug":"rezultati","status":"publish","type":"page","link":"https:\/\/natjecanje.hr\/en\/results\/","title":{"rendered":"Results"},"content":{"rendered":"\n<p><strong>NATJECATELJI KOJI SU SE PLASIRALI U 2. ETAPU GRAND PRIX KATEGORIJA<\/strong><\/p>\n<p><strong><em>QUALIFIED PARTICIPANTS FOR THE SECOND ROUND OF GRAND PRIX<\/em><\/strong><\/p>\n<p>Mayu Adachi<\/p>\n<p>Chaebin An<\/p>\n<p>Stjepan Geri\u0107<\/p>\n<p>Stanford Yu<\/p>\n<p>Filip Trifu<\/p>\n<p>Zvjezdan Vojvodi\u0107<\/p>\n<p>Viktor Rafajlovski<\/p>\n<p>Langlang Zhao<\/p>\n<p>&nbsp;<\/p>\n<p><strong>I. PRIZE MURAI GRAND PRIX<\/strong><\/p>\n<p><b>Zvjezdan Vojvodi\u0107, Hrvatska<\/b><\/p>\n<p><strong>II. PRIZE MURAI GRAND PRIX<\/strong><\/p>\n<p><strong>Filip Trifu, Austrija<\/strong><\/p>\n<p><strong>III. PRIZE MURAI GRAND PRIX<\/strong><\/p>\n<p><strong>Chaebin An, Republika Koreja<\/strong><\/p>\n<p>&nbsp;<\/p>\n<p>&nbsp;<\/p>\n","protected":false},"excerpt":{"rendered":"<p>NATJECATELJI KOJI SU SE PLASIRALI U 2. ETAPU GRAND PRIX KATEGORIJA QUALIFIED PARTICIPANTS FOR THE SECOND ROUND OF GRAND PRIX Mayu Adachi Chaebin An Stjepan Geri\u0107 Stanford Yu Filip Trifu Zvjezdan Vojvodi\u0107 Viktor Rafajlovski Langlang Zhao &nbsp; I. PRIZE MURAI GRAND PRIX Zvjezdan Vojvodi\u0107, Hrvatska II. PRIZE MURAI GRAND PRIX Filip Trifu, Austrija III. PRIZE [&hellip;]<\/p>\n","protected":false},"author":1,"featured_media":0,"parent":0,"menu_order":0,"comment_status":"closed","ping_status":"closed","template":"","meta":{"pmpro_default_level":"","ngg_post_thumbnail":0,"footnotes":""},"translation":{"provider":"WPGlobus","version":"3.0.0","language":"en","enabled_languages":["hr","en"],"languages":{"hr":{"title":true,"content":true,"excerpt":false},"en":{"title":true,"content":true,"excerpt":false}}},"_links":{"self":[{"href":"https:\/\/natjecanje.hr\/en\/wp-json\/wp\/v2\/pages\/3190"}],"collection":[{"href":"https:\/\/natjecanje.hr\/en\/wp-json\/wp\/v2\/pages"}],"about":[{"href":"https:\/\/natjecanje.hr\/en\/wp-json\/wp\/v2\/types\/page"}],"author":[{"embeddable":true,"href":"https:\/\/natjecanje.hr\/en\/wp-json\/wp\/v2\/users\/1"}],"replies":[{"embeddable":true,"href":"https:\/\/natjecanje.hr\/en\/wp-json\/wp\/v2\/comments?post=3190"}],"version-history":[{"count":32,"href":"https:\/\/natjecanje.hr\/en\/wp-json\/wp\/v2\/pages\/3190\/revisions"}],"predecessor-version":[{"id":7955,"href":"https:\/\/natjecanje.hr\/en\/wp-json\/wp\/v2\/pages\/3190\/revisions\/7955"}],"wp:attachment":[{"href":"https:\/\/natjecanje.hr\/en\/wp-json\/wp\/v2\/media?parent=3190"}],"curies":[{"name":"wp","href":"https:\/\/api.w.org\/{rel}","templated":true}]}}